{"id":2977,"date":"2019-12-31T11:03:14","date_gmt":"2019-12-31T19:03:14","guid":{"rendered":"https:\/\/serr.disabilityrightsca.org\/?page_id=2977"},"modified":"2021-02-08T12:26:33","modified_gmt":"2021-02-08T20:26:33","slug":"14-25-neu-y-ta-duy-nhat-cua-hoc-khu-lam-viec-tai-mot-dia-diem-truong-hoc-nhat-dinh-con-toi-co-phai-di-xe-buyt-den-truong-do-khong","status":"publish","type":"page","link":"https:\/\/serr.disabilityrightsca.org\/vi\/serr-manual\/chuong-14-thong-tin-ve-quyen-cua-hoc-sinh-co-tinh-trang-suc-khoe-nghiem-trong\/14-25-neu-y-ta-duy-nhat-cua-hoc-khu-lam-viec-tai-mot-dia-diem-truong-hoc-nhat-dinh-con-toi-co-phai-di-xe-buyt-den-truong-do-khong\/","title":{"rendered":"(14.25) N\u1ebfu y t\u00e1 duy nh\u1ea5t c\u1ee7a h\u1ecdc khu l\u00e0m vi\u1ec7c t\u1ea1i m\u1ed9t \u0111\u1ecba \u0111i\u1ec3m tr\u01b0\u1eddng h\u1ecdc nh\u1ea5t \u0111\u1ecbnh, con t\u00f4i c\u00f3 ph\u1ea3i \u0111i xe bu\u00fdt \u0111\u1ebfn tr\u01b0\u1eddng \u0111\u00f3 kh\u00f4ng?"},"content":{"rendered":"\n<p>H\u1ecdc khu c\u00f3 th\u1ec3 c\u1ed1 g\u1eafng gi\u1ea3m chi ph\u00ed cung c\u1ea5p c\u00e1c d\u1ecbch v\u1ee5 ch\u0103m s\u00f3c s\u1ee9c kh\u1ecfe th\u1ec3 ch\u1ea5t chuy\u00ean m\u00f4n cho h\u1ecdc sinh b\u1eb1ng c\u00e1ch t\u1eadp trung h\u1ecdc sinh v\u00e0o m\u1ed9t s\u1ed1 \u0111\u1ecba \u0111i\u1ec3m tr\u01b0\u1eddng h\u1ecdc nh\u1ea5t \u0111\u1ecbnh n\u01a1i c\u00f3 d\u1ecbch v\u1ee5 \u0111i\u1ec1u d\u01b0\u1ee1ng. &nbsp;Do \u0111\u00f3, lu\u1eadt ti\u1ec3u bang quy \u0111\u1ecbnh r\u1eb1ng: &#8220;M\u1ee5c \u0111\u00edch c\u1ee7a C\u01a1 Quan L\u1eadp Ph\u00e1p l\u00e0 kh\u00f4ng c\u00f3 n\u1ed9i dung n\u00e0o trong m\u1ee5c n\u00e0y c\u00f3 th\u1ec3 g\u00e2y ra vi\u1ec7c x\u1ebfp l\u1edbp cho [special education students] t\u1ea1i c\u00e1c \u0111\u1ecba \u0111i\u1ec3m tr\u01b0\u1eddng kh\u00f4ng ph\u1ea3i v\u00ec nh\u1eefng n\u01a1i \u0111\u00f3 tr\u1ebb c\u00f3 th\u1ec3 \u0111\u1ebfn m\u00e0 v\u00ec nhu c\u1ea7u c\u1ee7a tr\u1ebb \u0111\u1ed1i v\u1edbi c\u00e1c d\u1ecbch v\u1ee5 ch\u0103m s\u00f3c s\u1ee9c kh\u1ecfe th\u1ec3 ch\u1ea5t chuy\u00ean m\u00f4n&#8221;.&nbsp; [Cal. Ed. Code Sec. 49423.5(h).]<\/p>\n","protected":false},"excerpt":{"rendered":"<p>H\u1ecdc khu c\u00f3 th\u1ec3 c\u1ed1 g\u1eafng gi\u1ea3m chi ph\u00ed cung c\u1ea5p c\u00e1c d\u1ecbch v\u1ee5 ch\u0103m s\u00f3c s\u1ee9c kh\u1ecfe th\u1ec3 ch\u1ea5t chuy\u00ean m\u00f4n cho h\u1ecdc sinh&hellip;<\/p>\n","protected":false},"author":1,"featured_media":0,"parent":360,"menu_order":25,"comment_status":"closed","ping_status":"closed","template":"","meta":{"footnotes":""},"class_list":["post-2977","page","type-page","status-publish","hentry"],"_links":{"self":[{"href":"https:\/\/serr.disabilityrightsca.org\/vi\/wp-json\/wp\/v2\/pages\/2977","targetHints":{"allow":["GET"]}}],"collection":[{"href":"https:\/\/serr.disabilityrightsca.org\/vi\/wp-json\/wp\/v2\/pages"}],"about":[{"href":"https:\/\/serr.disabilityrightsca.org\/vi\/wp-json\/wp\/v2\/types\/page"}],"author":[{"embeddable":true,"href":"https:\/\/serr.disabilityrightsca.org\/vi\/wp-json\/wp\/v2\/users\/1"}],"replies":[{"embeddable":true,"href":"https:\/\/serr.disabilityrightsca.org\/vi\/wp-json\/wp\/v2\/comments?post=2977"}],"version-history":[{"count":3,"href":"https:\/\/serr.disabilityrightsca.org\/vi\/wp-json\/wp\/v2\/pages\/2977\/revisions"}],"predecessor-version":[{"id":4274,"href":"https:\/\/serr.disabilityrightsca.org\/vi\/wp-json\/wp\/v2\/pages\/2977\/revisions\/4274"}],"up":[{"embeddable":true,"href":"https:\/\/serr.disabilityrightsca.org\/vi\/wp-json\/wp\/v2\/pages\/360"}],"wp:attachment":[{"href":"https:\/\/serr.disabilityrightsca.org\/vi\/wp-json\/wp\/v2\/media?parent=2977"}],"curies":[{"name":"wp","href":"https:\/\/api.w.org\/{rel}","templated":true}]}}