{"id":2979,"date":"2019-12-31T11:04:26","date_gmt":"2019-12-31T19:04:26","guid":{"rendered":"https:\/\/serr.disabilityrightsca.org\/?page_id=2979"},"modified":"2021-02-08T12:27:15","modified_gmt":"2021-02-08T20:27:15","slug":"14-26-hoc-khu-co-the-dong-y-cung-cap-cho-con-toi-mot-nguoi-de-thuc-hien-cac-dich-vu-cham-soc-suc-khoe-can-thiet-chi-trong-gio-hoc-nhung-khong-phai-cho-cac-hoat-dong-sau-gio-hoc-hoac-trong-khi-duoc","status":"publish","type":"page","link":"https:\/\/serr.disabilityrightsca.org\/vi\/serr-manual\/chuong-14-thong-tin-ve-quyen-cua-hoc-sinh-co-tinh-trang-suc-khoe-nghiem-trong\/14-26-hoc-khu-co-the-dong-y-cung-cap-cho-con-toi-mot-nguoi-de-thuc-hien-cac-dich-vu-cham-soc-suc-khoe-can-thiet-chi-trong-gio-hoc-nhung-khong-phai-cho-cac-hoat-dong-sau-gio-hoc-hoac-trong-khi-duoc\/","title":{"rendered":"(14.26) H\u1ecdc khu c\u00f3 th\u1ec3 \u0111\u1ed3ng \u00fd cung c\u1ea5p cho con t\u00f4i m\u1ed9t ng\u01b0\u1eddi \u0111\u1ec3 th\u1ef1c hi\u1ec7n c\u00e1c d\u1ecbch v\u1ee5 ch\u0103m s\u00f3c s\u1ee9c kh\u1ecfe c\u1ea7n thi\u1ebft ch\u1ec9 trong gi\u1edd h\u1ecdc, nh\u01b0ng kh\u00f4ng ph\u1ea3i cho c\u00e1c ho\u1ea1t \u0111\u1ed9ng sau gi\u1edd h\u1ecdc ho\u1eb7c trong khi \u0111\u01b0\u1ee3c \u0111\u01b0a \u0111\u00f3n kh\u00f4ng?"},"content":{"rendered":"\n<p>Kh\u00f4ng. \u0110\u1ed1i v\u1edbi nh\u1eefng h\u1ecdc sinh c\u00f3 IEP v\u00e0 ch\u01b0\u01a1ng tr\u00ecnh 504, M\u1ee5c 504 nghi\u00eam c\u1ea5m ph\u00e2n bi\u1ec7t \u0111\u1ed1i x\u1eed v\u1edbi h\u1ecdc sinh khuy\u1ebft t\u1eadt.&nbsp; Vi\u1ec7c ng\u0103n ch\u1eb7n h\u1ecdc sinh khuy\u1ebft t\u1eadt tham gia c\u00e1c ho\u1ea1t \u0111\u1ed9ng ngo\u1ea1i kh\u00f3a v\u00e0 phi h\u1ecdc thu\u1eadt (nh\u01b0 d\u1ecbch v\u1ee5 t\u01b0 v\u1ea5n, ho\u1ea1t \u0111\u1ed9ng th\u1ec3 ch\u1ea5t v\u00e0 gi\u1ea3i tr\u00ed, \u0111\u01b0a \u0111\u00f3n, nh\u00f3m s\u1edf th\u00edch \u0111\u1eb7c bi\u1ec7t ho\u1eb7c c\u00e2u l\u1ea1c b\u1ed9 do nh\u00e0 tr\u01b0\u1eddng t\u00e0i tr\u1ee3, trong ho\u1eb7c sau gi\u1edd h\u1ecdc) l\u00e0 m\u1ed9t h\u00ecnh th\u1ee9c ph\u00e2n bi\u1ec7t \u0111\u1ed1i x\u1eed.&nbsp; [34 C.F.R. Sec. 104.37.]&nbsp; Ngo\u00e0i ra, n\u1ebfu IEP c\u1ee7a h\u1ecdc sinh ch\u1ec9 \u0111\u1ecbnh b\u1ea5t k\u1ef3 lo\u1ea1i ho\u1ea1t \u0111\u1ed9ng n\u00e0o trong s\u1ed1 n\u00e0y, c\u00e1c d\u1ecbch v\u1ee5 li\u00ean quan c\u1ea7n thi\u1ebft \u0111\u1ec3 cho ph\u00e9p h\u1ecdc sinh tham gia ho\u1ea1t \u0111\u1ed9ng \u0111\u00f3, ch\u1eb3ng h\u1ea1n nh\u01b0 d\u1ecbch v\u1ee5 \u0111i\u1ec1u d\u01b0\u1ee1ng, ph\u1ea3i \u0111\u01b0\u1ee3c cung c\u1ea5p \u0111\u1ec3 tu\u00e2n th\u1ee7 IEP.&nbsp; [34 C.F.R. Sec. 300.107.]&nbsp;&nbsp;<\/p>\n","protected":false},"excerpt":{"rendered":"<p>Kh\u00f4ng. \u0110\u1ed1i v\u1edbi nh\u1eefng h\u1ecdc sinh c\u00f3 IEP v\u00e0 ch\u01b0\u01a1ng tr\u00ecnh 504, M\u1ee5c 504 nghi\u00eam c\u1ea5m ph\u00e2n bi\u1ec7t \u0111\u1ed1i x\u1eed v\u1edbi h\u1ecdc sinh khuy\u1ebft t\u1eadt.&nbsp;&hellip;<\/p>\n","protected":false},"author":1,"featured_media":0,"parent":360,"menu_order":26,"comment_status":"closed","ping_status":"closed","template":"","meta":{"footnotes":""},"class_list":["post-2979","page","type-page","status-publish","hentry"],"_links":{"self":[{"href":"https:\/\/serr.disabilityrightsca.org\/vi\/wp-json\/wp\/v2\/pages\/2979","targetHints":{"allow":["GET"]}}],"collection":[{"href":"https:\/\/serr.disabilityrightsca.org\/vi\/wp-json\/wp\/v2\/pages"}],"about":[{"href":"https:\/\/serr.disabilityrightsca.org\/vi\/wp-json\/wp\/v2\/types\/page"}],"author":[{"embeddable":true,"href":"https:\/\/serr.disabilityrightsca.org\/vi\/wp-json\/wp\/v2\/users\/1"}],"replies":[{"embeddable":true,"href":"https:\/\/serr.disabilityrightsca.org\/vi\/wp-json\/wp\/v2\/comments?post=2979"}],"version-history":[{"count":3,"href":"https:\/\/serr.disabilityrightsca.org\/vi\/wp-json\/wp\/v2\/pages\/2979\/revisions"}],"predecessor-version":[{"id":4275,"href":"https:\/\/serr.disabilityrightsca.org\/vi\/wp-json\/wp\/v2\/pages\/2979\/revisions\/4275"}],"up":[{"embeddable":true,"href":"https:\/\/serr.disabilityrightsca.org\/vi\/wp-json\/wp\/v2\/pages\/360"}],"wp:attachment":[{"href":"https:\/\/serr.disabilityrightsca.org\/vi\/wp-json\/wp\/v2\/media?parent=2979"}],"curies":[{"name":"wp","href":"https:\/\/api.w.org\/{rel}","templated":true}]}}