{"id":2981,"date":"2019-12-31T11:05:23","date_gmt":"2019-12-31T19:05:23","guid":{"rendered":"https:\/\/serr.disabilityrightsca.org\/?page_id=2981"},"modified":"2021-02-08T12:28:38","modified_gmt":"2021-02-08T20:28:38","slug":"14-27-neu-nguoi-cung-cap-dich-vu-cham-soc-suc-khoe-cho-con-toi-vang-mat-con-toi-co-phai-nghi-hoc-khong","status":"publish","type":"page","link":"https:\/\/serr.disabilityrightsca.org\/vi\/serr-manual\/chuong-14-thong-tin-ve-quyen-cua-hoc-sinh-co-tinh-trang-suc-khoe-nghiem-trong\/14-27-neu-nguoi-cung-cap-dich-vu-cham-soc-suc-khoe-cho-con-toi-vang-mat-con-toi-co-phai-nghi-hoc-khong\/","title":{"rendered":"(14.27) N\u1ebfu ng\u01b0\u1eddi cung c\u1ea5p d\u1ecbch v\u1ee5 ch\u0103m s\u00f3c s\u1ee9c kh\u1ecfe cho con t\u00f4i v\u1eafng m\u1eb7t, con t\u00f4i c\u00f3 ph\u1ea3i ngh\u1ec9 h\u1ecdc kh\u00f4ng?"},"content":{"rendered":"\n<p>Kh\u00f4ng. Tuy nhi\u00ean, nh\u00f3m IEP c\u1ee7a con qu\u00fd v\u1ecb ph\u1ea3i gi\u1ea3i quy\u1ebft nhu c\u1ea7u v\u00e0 d\u1ecbch v\u1ee5 n\u00e0y.\u00a0 Ng\u01b0\u1eddi cung c\u1ea5p d\u1ecbch v\u1ee5 ch\u0103m s\u00f3c s\u1ee9c kh\u1ecfe cho con qu\u00fd v\u1ecb r\u1ea5t quan tr\u1ecdng \u0111\u1ed1i v\u1edbi kh\u1ea3 n\u0103ng tr\u1ebb c\u00f3 th\u1ec3 \u0111i h\u1ecdc v\u00e0 h\u01b0\u1edfng l\u1ee3i t\u1eeb ph\u1ea7n c\u00f2n l\u1ea1i c\u1ee7a ch\u01b0\u01a1ng tr\u00ecnh gi\u00e1o d\u1ee5c. Khi ng\u01b0\u1eddi \u0111\u00f3 v\u1eafng m\u1eb7t, ch\u01b0\u01a1ng tr\u00ecnh c\u1ee7a con qu\u00fd v\u1ecb c\u00f3 th\u1ec3 kh\u00f4ng \u0111\u01b0\u1ee3c th\u1ef1c hi\u1ec7n.\u00a0 Do \u0111\u00f3, qu\u00fd v\u1ecb n\u00ean \u0111\u1ec1 ngh\u1ecb ph\u00e1t tri\u1ec3n v\u00e0 bao g\u1ed3m m\u1ed9t s\u1ed1 lo\u1ea1i h\u1ec7 th\u1ed1ng d\u1ef1 ph\u00f2ng trong IEP ho\u1eb7c ch\u01b0\u01a1ng tr\u00ecnh M\u1ee5c 504 c\u1ee7a con qu\u00fd v\u1ecb cho th\u1eddi \u0111i\u1ec3m nh\u00e0 cung c\u1ea5p v\u1eafng m\u1eb7t.\u00a0 T\u1ed1i thi\u1ec3u, ch\u01b0\u01a1ng tr\u00ecnh d\u1ef1 ph\u00f2ng n\u00ean n\u00eau r\u00f5 ngh\u0129a v\u1ee5 c\u1ee7a nh\u00e0 cung c\u1ea5p ph\u1ea3i th\u00f4ng b\u00e1o k\u1ecbp th\u1eddi cho h\u1ecdc khu v\u1ec1 s\u1ef1 v\u1eafng m\u1eb7t, \u0111\u1ec3 h\u1ecdc khu c\u00f3 th\u1ec3 s\u1eafp x\u1ebfp nh\u00e0 cung c\u1ea5p thay th\u1ebf \u0111\u1ee7 \u0111i\u1ec1u ki\u1ec7n \u0111\u00e3 \u0111\u01b0\u1ee3c \u0111\u00e0o t\u1ea1o tr\u01b0\u1edbc \u0111\u00f3.\u00a0<\/p>\n","protected":false},"excerpt":{"rendered":"<p>Kh\u00f4ng. Tuy nhi\u00ean, nh\u00f3m IEP c\u1ee7a con qu\u00fd v\u1ecb ph\u1ea3i gi\u1ea3i quy\u1ebft nhu c\u1ea7u v\u00e0 d\u1ecbch v\u1ee5 n\u00e0y.\u00a0 Ng\u01b0\u1eddi cung c\u1ea5p d\u1ecbch v\u1ee5 ch\u0103m s\u00f3c&hellip;<\/p>\n","protected":false},"author":1,"featured_media":0,"parent":360,"menu_order":27,"comment_status":"closed","ping_status":"closed","template":"","meta":{"footnotes":""},"class_list":["post-2981","page","type-page","status-publish","hentry"],"_links":{"self":[{"href":"https:\/\/serr.disabilityrightsca.org\/vi\/wp-json\/wp\/v2\/pages\/2981","targetHints":{"allow":["GET"]}}],"collection":[{"href":"https:\/\/serr.disabilityrightsca.org\/vi\/wp-json\/wp\/v2\/pages"}],"about":[{"href":"https:\/\/serr.disabilityrightsca.org\/vi\/wp-json\/wp\/v2\/types\/page"}],"author":[{"embeddable":true,"href":"https:\/\/serr.disabilityrightsca.org\/vi\/wp-json\/wp\/v2\/users\/1"}],"replies":[{"embeddable":true,"href":"https:\/\/serr.disabilityrightsca.org\/vi\/wp-json\/wp\/v2\/comments?post=2981"}],"version-history":[{"count":3,"href":"https:\/\/serr.disabilityrightsca.org\/vi\/wp-json\/wp\/v2\/pages\/2981\/revisions"}],"predecessor-version":[{"id":4277,"href":"https:\/\/serr.disabilityrightsca.org\/vi\/wp-json\/wp\/v2\/pages\/2981\/revisions\/4277"}],"up":[{"embeddable":true,"href":"https:\/\/serr.disabilityrightsca.org\/vi\/wp-json\/wp\/v2\/pages\/360"}],"wp:attachment":[{"href":"https:\/\/serr.disabilityrightsca.org\/vi\/wp-json\/wp\/v2\/media?parent=2981"}],"curies":[{"name":"wp","href":"https:\/\/api.w.org\/{rel}","templated":true}]}}