{"id":3074,"date":"2020-01-17T10:55:02","date_gmt":"2020-01-17T18:55:02","guid":{"rendered":"https:\/\/serr.disabilityrightsca.org\/?page_id=3074"},"modified":"2022-06-28T15:16:19","modified_gmt":"2022-06-28T22:16:19","slug":"phan-phu-luc-muc-luc","status":"publish","type":"page","link":"https:\/\/serr.disabilityrightsca.org\/vi\/serr-manual\/phan-phu-luc-muc-luc\/","title":{"rendered":"Ph\u1ea7n Ph\u1ee5 L\u1ee5c M\u1ee4C L\u1ee4C"},"content":{"rendered":"\n<p><div class=\"print-fullchapter-wrap\"><div class=\"print-fullchapter\"><a href=\"https:\/\/serr.disabilityrightsca.org\/vi\/print-appendix\/\">In to\u00e0n b\u1ed9 ch\u01b0\u01a1ng<\/a><\/div><\/div><\/p>\n\n\n\n\n<p><\/p>\n\n\n\n<div class=\"menu-appendix-container\"><ul id=\"menu-appendix\" class=\"menu\"><li id=\"menu-item-3081\" class=\"menu-item menu-item-type-post_type menu-item-object-page menu-item-3081\"><a href=\"https:\/\/serr.disabilityrightsca.org\/vi\/serr-manual\/phan-phu-luc-muc-luc\/a-thu-mau-gioi-thieu-de-tham-dinh\/\">(A) Th\u01b0 M\u1eabu \u2013 Gi\u1edbi Thi\u1ec7u \u0111\u1ec3 Th\u1ea9m \u0110\u1ecbnh<\/a><\/li>\n<li id=\"menu-item-3082\" class=\"menu-item menu-item-type-post_type menu-item-object-page menu-item-3082\"><a href=\"https:\/\/serr.disabilityrightsca.org\/vi\/serr-manual\/phan-phu-luc-muc-luc\/b-thu-mau-yeu-cau-ho-so\/\">(B) Th\u01b0 M\u1eabu \u2013 Y\u00eau C\u1ea7u H\u1ed3 S\u01a1<\/a><\/li>\n<li id=\"menu-item-3089\" class=\"menu-item menu-item-type-post_type menu-item-object-page menu-item-3089\"><a href=\"https:\/\/serr.disabilityrightsca.org\/vi\/serr-manual\/phan-phu-luc-muc-luc\/c-thu-mau-boi-hoan-cho-danh-gia-giao-duc-doc-lap\/\">(C) Th\u01b0 M\u1eabu \u2013 B\u1ed3i Ho\u00e0n Cho \u0110\u00e1nh Gi\u00e1 Gi\u00e1o D\u1ee5c \u0110\u1ed9c L\u1eadp<\/a><\/li>\n<li id=\"menu-item-3092\" class=\"menu-item menu-item-type-post_type menu-item-object-page menu-item-3092\"><a href=\"https:\/\/serr.disabilityrightsca.org\/vi\/serr-manual\/phan-phu-luc-muc-luc\/d-d-thu-mau-yeu-cau-danh-gia-giao-duc-doc-lap\/\">(D) D. Th\u01b0 M\u1eabu \u2013 Y\u00eau C\u1ea7u \u0110\u00e1nh Gi\u00e1 Gi\u00e1o D\u1ee5c \u0110\u1ed9c L\u1eadp<\/a><\/li>\n<li id=\"menu-item-3096\" class=\"menu-item menu-item-type-post_type menu-item-object-page menu-item-3096\"><a href=\"https:\/\/serr.disabilityrightsca.org\/vi\/serr-manual\/phan-phu-luc-muc-luc\/e-thu-mau-thong-bao-truocve-y-dinh-tim-kiem-boi-hoan-cho-danh-gia-giao-duc-doc-lap\/\">(E) Th\u01b0 Mau \u2013 Th\u00f4ng B\u00e1o Tr\u01b0\u1edbcv\u1ec1 \u00dd \u0110\u1ecbnh T\u00ecm Ki\u1ebfm B\u1ed3i Ho\u00e0n Cho \u0110\u00e1nh Gi\u00e1 Gi\u00e1o D\u1ee5c \u0110\u1ed9c L\u1eadp<\/a><\/li>\n<li id=\"menu-item-3100\" class=\"menu-item menu-item-type-post_type menu-item-object-page menu-item-3100\"><a href=\"https:\/\/serr.disabilityrightsca.org\/vi\/serr-manual\/phan-phu-luc-muc-luc\/f-kieu-hinh-can-tim-kiem\/\">(F) Ki\u1ec3u H\u00ecnh C\u1ea7n T\u00ecm Ki\u1ebfm<\/a><\/li>\n<li id=\"menu-item-3106\" class=\"menu-item menu-item-type-post_type menu-item-object-page menu-item-3106\"><a href=\"https:\/\/serr.disabilityrightsca.org\/vi\/serr-manual\/phan-phu-luc-muc-luc\/g-thu-tuc-hoc-tap-a-khung-chan-doan\/\">(G) Th\u1ee7 T\u1ee5c H\u1ecdc T\u1eadp: A Khung Ch\u1ea9n \u0110o\u00e1n<\/a><\/li>\n<li id=\"menu-item-3111\" class=\"menu-item menu-item-type-post_type menu-item-object-page menu-item-3111\"><a href=\"https:\/\/serr.disabilityrightsca.org\/vi\/serr-manual\/phan-phu-luc-muc-luc\/h-thu-mau-yeu-cau-cuoc-hop-iep\/\">(H) Th\u01b0 M\u1eabu \u2014 Y\u00eau C\u1ea7u Cu\u1ed9c H\u1ecdp IEP<\/a><\/li>\n<li id=\"menu-item-3118\" class=\"menu-item menu-item-type-post_type menu-item-object-page menu-item-3118\"><a href=\"https:\/\/serr.disabilityrightsca.org\/vi\/serr-manual\/phan-phu-luc-muc-luc\/i-thu-mau-khieu-nai-tuan-thu\/\">(I) Th\u01b0 M\u1eabu \u2013 Khi\u1ebfu N\u1ea1i Tu\u00e2n Th\u1ee7<\/a><\/li>\n<li id=\"menu-item-3121\" class=\"menu-item menu-item-type-post_type menu-item-object-page menu-item-3121\"><a href=\"https:\/\/serr.disabilityrightsca.org\/vi\/serr-manual\/phan-phu-luc-muc-luc\/j-mau-yeu-cau-hoa-giai-va-hoac-dieu-tran-khieu-nai-va-yeu-cau-giu-nguyen-trang\/\">(J) M\u1eabu Y\u00eau C\u1ea7u H\u00f2a Gi\u1ea3i v\u00e0\/ho\u1eb7c \u0110i\u1ec1u Tr\u1ea7n (Khi\u1ebfu N\u1ea1i) v\u00e0 Y\u00eau C\u1ea7u Gi\u1eef Nguy\u00ean Tr\u1ea1ng<\/a><\/li>\n<li id=\"menu-item-3125\" class=\"menu-item menu-item-type-post_type menu-item-object-page menu-item-3125\"><a href=\"https:\/\/serr.disabilityrightsca.org\/vi\/serr-manual\/phan-phu-luc-muc-luc\/k-yeu-cau-hoa-giai-va-dieu-tran-theo-thu-tuc-phap-ly\/\">(K) Y\u00eau C\u1ea7u H\u00f2a Gi\u1ea3i v\u00e0 \u0110i\u1ec1u Tr\u1ea7n Theo Th\u1ee7 T\u1ee5c Ph\u00e1p L\u00fd<\/a><\/li>\n<li id=\"menu-item-3128\" class=\"menu-item menu-item-type-post_type menu-item-object-page menu-item-3128\"><a href=\"https:\/\/serr.disabilityrightsca.org\/vi\/serr-manual\/phan-phu-luc-muc-luc\/l-cac-ben-duoc-neu-ten-va-tuyen-bo-ve-van-de-va-giai-phap-de-xuat\/\">(L) C\u00e1c B\u00ean \u0110\u01b0\u1ee3c N\u00eau T\u00ean v\u00e0 Tuy\u00ean B\u1ed1 v\u1ec1 V\u1ea5n \u0110\u1ec1 v\u00e0 Gi\u1ea3i Ph\u00e1p \u0110\u1ec1 Xu\u1ea5t<\/a><\/li>\n<li id=\"menu-item-3131\" class=\"menu-item menu-item-type-post_type menu-item-object-page menu-item-3131\"><a href=\"https:\/\/serr.disabilityrightsca.org\/vi\/serr-manual\/phan-phu-luc-muc-luc\/m-yeu-cau-thu-tuc-phap-ly-ve-giu-nguyen-trang\/\">(M) Y\u00eau C\u1ea7u Th\u1ee7 T\u1ee5c Ph\u00e1p L\u00fd v\u1ec1 Gi\u1eef Nguy\u00ean Tr\u1ea1ng<\/a><\/li>\n<li id=\"menu-item-3134\" class=\"menu-item menu-item-type-post_type menu-item-object-page menu-item-3134\"><a href=\"https:\/\/serr.disabilityrightsca.org\/vi\/serr-manual\/phan-phu-luc-muc-luc\/n-hoa-giai-va-dieu-tran-theo-thu-tuc-phap-ly-theo-dao-luat-cai-thien-giao-duc-nguoi-khuyet-tat-nam-2004-idea\/\">(N) H\u00f2a Gi\u1ea3i v\u00e0 \u0110i\u1ec1u Tr\u1ea7n Theo Th\u1ee7 T\u1ee5c Ph\u00e1p L\u00fd Theo \u0110\u1ea1o Lu\u1eadt C\u1ea3i Thi\u1ec7n Gi\u00e1o D\u1ee5c Ng\u01b0\u1eddi Khuy\u1ebft T\u1eadt n\u0103m 2004 (IDEA)<\/a><\/li>\n<li id=\"menu-item-3138\" class=\"menu-item menu-item-type-post_type menu-item-object-page menu-item-3138\"><a href=\"https:\/\/serr.disabilityrightsca.org\/vi\/serr-manual\/phan-phu-luc-muc-luc\/o-cac-chi-bao-cua-chuong-trinh-hoa-nhap-hoan-toan-cho-hoc-sinh-khuyet-tat\/\">(O) C\u00e1c Ch\u1ec9 B\u00e1o c\u1ee7a Ch\u01b0\u01a1ng Tr\u00ecnh H\u00f2a Nh\u1eadp Ho\u00e0n To\u00e0n cho H\u1ecdc Sinh Khuy\u1ebft T\u1eadt<\/a><\/li>\n<li id=\"menu-item-3142\" class=\"menu-item menu-item-type-post_type menu-item-object-page menu-item-3142\"><a href=\"https:\/\/serr.disabilityrightsca.org\/vi\/serr-manual\/phan-phu-luc-muc-luc\/p-giao-tham-quyen-ra-quyet-dinh-giao-duc-bo-luat-giao-duc-california-muc-56041-5\/\">(P) Giao Th\u1ea9m Quy\u1ec1n Ra Quy\u1ebft \u0110\u1ecbnh Gi\u00e1o D\u1ee5c B\u1ed9 Lu\u1eadt Gi\u00e1o D\u1ee5c California, M\u1ee5c 56041.5<\/a><\/li>\n<li id=\"menu-item-3145\" class=\"menu-item menu-item-type-post_type menu-item-object-page menu-item-3145\"><a href=\"https:\/\/serr.disabilityrightsca.org\/vi\/serr-manual\/phan-phu-luc-muc-luc\/q-thu-mau-thong-bao-muoi-ngay-ve-y-dinh-cua-phu-huynh-dua-hoc-sinh-vao-truong-ngoai-cong-lap\/\">(Q) Th\u01b0 M\u1eabu \u2013 Th\u00f4ng B\u00e1o M\u01b0\u1eddi Ng\u00e0y v\u1ec1 \u00dd \u0110\u1ecbnh c\u1ee7a Ph\u1ee5 Huynh \u0110\u01b0a H\u1ecdc Sinh v\u00e0o Tr\u01b0\u1eddng Ngo\u00e0i C\u00f4ng L\u1eadp<\/a><\/li>\n<li id=\"menu-item-3152\" class=\"menu-item menu-item-type-post_type menu-item-object-page menu-item-3152\"><a href=\"https:\/\/serr.disabilityrightsca.org\/vi\/serr-manual\/phan-phu-luc-muc-luc\/r-danh-sach-tai-nguyen-internet\/\">(R) Danh S\u00e1ch T\u00e0i Nguy\u00ean Internet<\/a><\/li>\n<\/ul><\/div>\n","protected":false},"excerpt":{"rendered":"<p>In to\u00e0n b\u1ed9 ch\u01b0\u01a1ng<\/p>\n","protected":false},"author":1,"featured_media":0,"parent":326,"menu_order":17,"comment_status":"closed","ping_status":"closed","template":"","meta":{"footnotes":""},"class_list":["post-3074","page","type-page","status-publish","hentry"],"_links":{"self":[{"href":"https:\/\/serr.disabilityrightsca.org\/vi\/wp-json\/wp\/v2\/pages\/3074","targetHints":{"allow":["GET"]}}],"collection":[{"href":"https:\/\/serr.disabilityrightsca.org\/vi\/wp-json\/wp\/v2\/pages"}],"about":[{"href":"https:\/\/serr.disabilityrightsca.org\/vi\/wp-json\/wp\/v2\/types\/page"}],"author":[{"embeddable":true,"href":"https:\/\/serr.disabilityrightsca.org\/vi\/wp-json\/wp\/v2\/users\/1"}],"replies":[{"embeddable":true,"href":"https:\/\/serr.disabilityrightsca.org\/vi\/wp-json\/wp\/v2\/comments?post=3074"}],"version-history":[{"count":4,"href":"https:\/\/serr.disabilityrightsca.org\/vi\/wp-json\/wp\/v2\/pages\/3074\/revisions"}],"predecessor-version":[{"id":4441,"href":"https:\/\/serr.disabilityrightsca.org\/vi\/wp-json\/wp\/v2\/pages\/3074\/revisions\/4441"}],"up":[{"embeddable":true,"href":"https:\/\/serr.disabilityrightsca.org\/vi\/wp-json\/wp\/v2\/pages\/326"}],"wp:attachment":[{"href":"https:\/\/serr.disabilityrightsca.org\/vi\/wp-json\/wp\/v2\/media?parent=3074"}],"curies":[{"name":"wp","href":"https:\/\/api.w.org\/{rel}","templated":true}]}}