{"id":3119,"date":"2020-01-17T13:22:07","date_gmt":"2020-01-17T21:22:07","guid":{"rendered":"https:\/\/serr.disabilityrightsca.org\/?page_id=3119"},"modified":"2021-02-08T13:34:55","modified_gmt":"2021-02-08T21:34:55","slug":"j-mau-yeu-cau-hoa-giai-va-hoac-dieu-tran-khieu-nai-va-yeu-cau-giu-nguyen-trang","status":"publish","type":"page","link":"https:\/\/serr.disabilityrightsca.org\/vi\/serr-manual\/phan-phu-luc-muc-luc\/j-mau-yeu-cau-hoa-giai-va-hoac-dieu-tran-khieu-nai-va-yeu-cau-giu-nguyen-trang\/","title":{"rendered":"(J) M\u1eabu Y\u00eau C\u1ea7u H\u00f2a Gi\u1ea3i v\u00e0\/ho\u1eb7c \u0110i\u1ec1u Tr\u1ea7n (Khi\u1ebfu N\u1ea1i) v\u00e0 Y\u00eau C\u1ea7u Gi\u1eef Nguy\u00ean Tr\u1ea1ng"},"content":{"rendered":"\n<p>M\u1eabu tr\u1ed1ng \u0111\u1ec3 y\u00eau c\u1ea7u ch\u1ec9 h\u00f2a gi\u1ea3i ho\u1eb7c \u0111\u1ec3 y\u00eau c\u1ea7u phi\u00ean \u0111i\u1ec1u tr\u1ea7n theo th\u1ee7 t\u1ee5c ph\u00e1p l\u00fd c\u00f3 s\u1eb5n t\u1ea1i <a href=\"http:\/\/www.oah.dgs.ca.gov\">www.oah.dgs.ca.gov<\/a>. Nh\u1ea5p v\u00e0o B\u1ed9 Ph\u1eadn Gi\u00e1o D\u1ee5c \u0110\u1eb7c Bi\u1ec7t. Nh\u1ea5p v\u00e0o M\u1eabu. Nh\u1ea5p v\u00e0o H\u00f2a Gi\u1ea3i v\u00e0 \u0110i\u1ec1u Tr\u1ea7n Theo Th\u1ee7 T\u1ee5c Ph\u00e1p L\u00fd n\u1ebfu qu\u00fd v\u1ecb y\u00eau c\u1ea7u \u0111i\u1ec1u tr\u1ea7n theo th\u1ee7 t\u1ee5c ph\u00e1p l\u00fd ho\u1eb7c nh\u1ea5p v\u00e0o H\u00f2a Gi\u1ea3i n\u1ebfu qu\u00fd v\u1ecb ch\u1ec9 y\u00eau c\u1ea7u H\u00f2a Gi\u1ea3i. Qu\u00fd v\u1ecb c\u0169ng c\u00f3 th\u1ec3 g\u1ecdi \u0111i\u1ec7n \u0111\u1ebfn V\u0103n Ph\u00f2ng \u0110i\u1ec1u Tr\u1ea7n H\u00e0nh Ch\u00ednh (Office of Administrative Hearings, OAH) \u0111\u1ec3 nh\u1eadn m\u1eabu theo s\u1ed1 (916) 263-0880. FAX: (916) 376-6319.<\/p>\n\n\n\n<p>M\u1ed9t m\u1eabu quan tr\u1ecdng kh\u00e1c tr\u00ean trang web c\u1ee7a OAH l\u00e0 m\u1eabu \u201cTi\u1ebfp T\u1ee5c\u201d (\u201cContinuance\u201d), qu\u00fd v\u1ecb s\u1ebd s\u1eed d\u1ee5ng m\u1eabu \u0111\u00f3 n\u1ebfu c\u1ea7n th\u00eam th\u1eddi gian v\u00e0 mu\u1ed1n ho\u00e3n ng\u00e0y \u0110i\u1ec1u Tr\u1ea7n ho\u1eb7c H\u00f2a Gi\u1ea3i. Tr\u00ean trang web c\u1ee7a OAH, b\u00ean d\u01b0\u1edbi B\u1ed9 Ph\u1eadn Gi\u00e1o D\u1ee5c \u0110\u1eb7c Bi\u1ec7t, qu\u00fd v\u1ecb c\u0169ng c\u00f3 th\u1ec3 mu\u1ed1n nh\u1ea5p v\u00e0o v\u00e0 xem l\u1ea1i \u201cT\u00ecm Hi\u1ec3u V\u1ec1 Phi\u00ean \u0110i\u1ec1u Tr\u1ea7n Theo Th\u1ee7 T\u1ee5c Ph\u00e1p L\u00fd v\u1ec1 Gi\u00e1o D\u1ee5c \u0110\u1eb7c Bi\u1ec7t\u201d c\u1ee7a OAH.&nbsp; M\u1eabu OAH \u0111\u1ec3 y\u00eau c\u1ea7u \u0110i\u1ec1u Tr\u1ea7n Theo Th\u1ee7 T\u1ee5c Ph\u00e1p L\u00fd v\u00e0 H\u00f2a Gi\u1ea3i s\u1ebd theo sau c\u00e1c trang th\u00f4ng tin cung c\u1ea5p th\u00f4ng tin h\u1eefu \u00edch kh\u00e1c v\u1ec1 c\u00e1c th\u1ee7 t\u1ee5c t\u1ed1 t\u1ee5ng n\u00e0y v\u00e0 v\u1ec1 th\u00f4ng tin c\u1ea7n thi\u1ebft tr\u00ean c\u00e1c bi\u1ec3u m\u1eabu c\u0169ng nh\u01b0 t\u00f3m t\u1eaft c\u00e1c lu\u1eadt li\u00ean bang quan tr\u1ecdng li\u00ean quan \u0111\u1ebfn c\u00e1c th\u1ee7 t\u1ee5c t\u1ed1 t\u1ee5ng n\u00e0y (Xem Ph\u1ee5 L\u1ee5c N.)<\/p>\n\n\n\n<p>V\u00ec v\u1eady, \u0111\u1ec3 y\u00eau c\u1ea7u \u0110i\u1ec1u Tr\u1ea7n Theo Th\u1ee7 T\u1ee5c Ph\u00e1p L\u00fd, H\u00f2a Gi\u1ea3i ho\u1eb7c ti\u1ebfp t\u1ee5c \u0110i\u1ec1u Tr\u1ea7n ho\u1eb7c H\u00f2a Gi\u1ea3i theo l\u1ecbch tr\u00ecnh c\u1ee7a qu\u00fd v\u1ecb s\u1ebd \u0111\u01b0\u1ee3c x\u1eed l\u00fd m\u1ed9t c\u00e1ch hi\u1ec7u qu\u1ea3 nh\u1ea5t, c\u00f3 l\u1ebd t\u1ed1t nh\u1ea5t l\u00e0 s\u1eed d\u1ee5ng m\u1ed9t trong c\u00e1c m\u1eabu c\u1ee7a OAH.&nbsp; Ph\u1ee5 L\u1ee5c t\u1eeb K \u0111\u1ebfn M \u0111\u01b0\u1ee3c thi\u1ebft k\u1ebf \u0111\u1ec3 h\u1ed7 tr\u1ee3 qu\u00fd v\u1ecb chu\u1ea9n b\u1ecb th\u00f4ng tin c\u1ea7n thi\u1ebft \u0111\u1ec3 \u0111i\u1ec1n v\u00e0 c\u00f3 kh\u1ea3 n\u0103ng th\u00eam v\u00e0o m\u1eabu OAH.<\/p>\n","protected":false},"excerpt":{"rendered":"<p>M\u1eabu tr\u1ed1ng \u0111\u1ec3 y\u00eau c\u1ea7u ch\u1ec9 h\u00f2a gi\u1ea3i ho\u1eb7c \u0111\u1ec3 y\u00eau c\u1ea7u phi\u00ean \u0111i\u1ec1u tr\u1ea7n theo th\u1ee7 t\u1ee5c ph\u00e1p l\u00fd c\u00f3 s\u1eb5n t\u1ea1i www.oah.dgs.ca.gov. Nh\u1ea5p&hellip;<\/p>\n","protected":false},"author":1,"featured_media":0,"parent":3074,"menu_order":10,"comment_status":"closed","ping_status":"closed","template":"","meta":{"footnotes":""},"class_list":["post-3119","page","type-page","status-publish","hentry"],"_links":{"self":[{"href":"https:\/\/serr.disabilityrightsca.org\/vi\/wp-json\/wp\/v2\/pages\/3119","targetHints":{"allow":["GET"]}}],"collection":[{"href":"https:\/\/serr.disabilityrightsca.org\/vi\/wp-json\/wp\/v2\/pages"}],"about":[{"href":"https:\/\/serr.disabilityrightsca.org\/vi\/wp-json\/wp\/v2\/types\/page"}],"author":[{"embeddable":true,"href":"https:\/\/serr.disabilityrightsca.org\/vi\/wp-json\/wp\/v2\/users\/1"}],"replies":[{"embeddable":true,"href":"https:\/\/serr.disabilityrightsca.org\/vi\/wp-json\/wp\/v2\/comments?post=3119"}],"version-history":[{"count":3,"href":"https:\/\/serr.disabilityrightsca.org\/vi\/wp-json\/wp\/v2\/pages\/3119\/revisions"}],"predecessor-version":[{"id":4345,"href":"https:\/\/serr.disabilityrightsca.org\/vi\/wp-json\/wp\/v2\/pages\/3119\/revisions\/4345"}],"up":[{"embeddable":true,"href":"https:\/\/serr.disabilityrightsca.org\/vi\/wp-json\/wp\/v2\/pages\/3074"}],"wp:attachment":[{"href":"https:\/\/serr.disabilityrightsca.org\/vi\/wp-json\/wp\/v2\/media?parent=3119"}],"curies":[{"name":"wp","href":"https:\/\/api.w.org\/{rel}","templated":true}]}}