{"id":3135,"date":"2020-01-17T14:12:25","date_gmt":"2020-01-17T22:12:25","guid":{"rendered":"https:\/\/serr.disabilityrightsca.org\/?page_id=3135"},"modified":"2021-02-08T13:42:30","modified_gmt":"2021-02-08T21:42:30","slug":"o-cac-chi-bao-cua-chuong-trinh-hoa-nhap-hoan-toan-cho-hoc-sinh-khuyet-tat","status":"publish","type":"page","link":"https:\/\/serr.disabilityrightsca.org\/vi\/serr-manual\/phan-phu-luc-muc-luc\/o-cac-chi-bao-cua-chuong-trinh-hoa-nhap-hoan-toan-cho-hoc-sinh-khuyet-tat\/","title":{"rendered":"(O) C\u00e1c Ch\u1ec9 B\u00e1o c\u1ee7a Ch\u01b0\u01a1ng Tr\u00ecnh H\u00f2a Nh\u1eadp Ho\u00e0n To\u00e0n cho H\u1ecdc Sinh Khuy\u1ebft T\u1eadt"},"content":{"rendered":"\n<p>C\u00e1c \u0111\u1eb7c \u0111i\u1ec3m sau \u0111\u00e2y l\u00e0 ch\u1ec9 b\u00e1o c\u1ee7a ch\u01b0\u01a1ng tr\u00ecnh h\u00f2a nh\u1eadp ho\u00e0n to\u00e0n cho h\u1ecdc sinh<\/p>\n\n\n\n<p>khuy\u1ebft t\u1eadt. C\u00e1c ch\u1ec9 b\u00e1o n\u00e0y c\u00f3 th\u1ec3 \u0111\u00f3ng vai tr\u00f2 l\u00e0 c\u00e1c h\u01b0\u1edbng d\u1eabn trong vi\u1ec7c l\u1eadp k\u1ebf ho\u1ea1ch h\u00f2a nh\u1eadp v\u00e0 c\u0169ng<\/p>\n\n\n\n<p>nh\u01b0 l\u00e0 ph\u01b0\u01a1ng ti\u1ec7n \u0111\u1ec3 duy tr\u00ec t\u00ednh to\u00e0n v\u1eb9n c\u1ee7a thu\u1eadt ng\u1eef, Gi\u00e1o D\u1ee5c H\u00f2a Nh\u1eadp ho\u1eb7c<\/p>\n\n\n\n<p>\u0110\u01b0\u1ee3c H\u1ed7 Tr\u1ee3.<\/p>\n\n\n\n<p>H\u1ecdc sinh l\u00e0 th\u00e0nh vi\u00ean c\u1ee7a c\u00e1c l\u1edbp h\u1ecdc gi\u00e1o d\u1ee5c ph\u1ed5 th\u00f4ng ph\u00f9 h\u1ee3p v\u1edbi l\u1ee9a tu\u1ed5i<\/p>\n\n\n\n<p>trong c\u00e1c tr\u01b0\u1eddng h\u1ecdc b\u00ecnh th\u01b0\u1eddng hay trong c\u00e1c tr\u01b0\u1eddng c\u00f4ng l\u1eadp ho\u1eb7c tr\u01b0\u1eddng<\/p>\n\n\n\n<p>h\u1ecdc l\u1ef1a ch\u1ecdn khi c\u00e1c l\u1ef1a ch\u1ecdn n\u00e0y t\u1ed3n t\u1ea1i cho h\u1ecdc sinh kh\u00f4ng khuy\u1ebft t\u1eadt.<\/p>\n\n\n\n<p>(1) H\u1ecdc sinh l\u00ean l\u1edbp ti\u1ebfp theo trong tr\u01b0\u1eddng c\u00f9ng b\u1ea1n b\u00e8 \u0111\u1ed3ng trang l\u1ee9a.<\/p>\n\n\n\n<p>(2) Kh\u00f4ng t\u1ed3n t\u1ea1i l\u1edbp h\u1ecdc \u0111\u1eb7c bi\u1ec7t n\u00e0o ngo\u1ea1i tr\u1eeb n\u01a1i d\u00e0nh cho c\u00e1c ho\u1ea1t \u0111\u1ed9ng trau d\u1ed3i cho t\u1ea5t c\u1ea3 h\u1ecdc sinh.<\/p>\n\n\n\n<p>(3) Lo\u1ea1i khuy\u1ebft t\u1eadt ho\u1eb7c m\u1ee9c \u0111\u1ed9 nghi\u00eam tr\u1ecdng c\u1ee7a khuy\u1ebft t\u1eadt kh\u00f4ng lo\u1ea1i tr\u1eeb s\u1ef1 tham gia v\u00e0o c\u00e1c ch\u01b0\u01a1ng tr\u00ecnh h\u00f2a nh\u1eadp ho\u00e0n to\u00e0n.<\/p>\n\n\n\n<p>(4) Gi\u00e1o vi\u00ean gi\u00e1o d\u1ee5c \u0111\u1eb7c bi\u1ec7t v\u00e0 gi\u00e1o d\u1ee5c ph\u1ed5 th\u00f4ng h\u1ee3p t\u00e1c nh\u1eb1m<\/p>\n\n\n\n<p>\u0111\u1ea3m b\u1ea3o:<\/p>\n\n\n\n<p>&nbsp;&nbsp;&nbsp;&nbsp;&nbsp;&nbsp;&nbsp;&nbsp;&nbsp; a. H\u1ecdc sinh tham gia t\u1ef1 nhi\u00ean nh\u01b0 m\u1ed9t th\u00e0nh vi\u00ean th\u01b0\u1eddng xuy\u00ean c\u1ee7a<\/p>\n\n\n\n<p>&nbsp;&nbsp;&nbsp;&nbsp;&nbsp;&nbsp;&nbsp;&nbsp;&nbsp; l\u1edbp h\u1ecdc;<\/p>\n\n\n\n<p>&nbsp;&nbsp;&nbsp;&nbsp;&nbsp;&nbsp;&nbsp;&nbsp;&nbsp; b. H\u01b0\u1edbng d\u1eabn c\u00f3 h\u1ec7 th\u1ed1ng v\u1ec1 c\u00e1c m\u1ee5c ti\u00eau IEP c\u1ee7a h\u1ecdc sinh; v\u00e0<\/p>\n\n\n\n<p>&nbsp;&nbsp;&nbsp;&nbsp;&nbsp;&nbsp;&nbsp;&nbsp;&nbsp; c. \u0110i\u1ec1u ch\u1ec9nh ch\u01b0\u01a1ng tr\u00ecnh gi\u1ea3ng d\u1ea1y v\u00e0\/ho\u1eb7c t\u00e0i li\u1ec7u c\u1ed1t l\u00f5i \u0111\u1ec3 t\u1ea1o \u0111i\u1ec1u ki\u1ec7n cho h\u1ecdc sinh tham gia v\u00e0 h\u1ecdc t\u1eadp.<\/p>\n\n\n\n<p>(5) C\u00e1c chi\u1ebfn l\u01b0\u1ee3c gi\u1ea3ng d\u1ea1y hi\u1ec7u qu\u1ea3 (v\u00ed d\u1ee5: h\u1ecdc t\u1eadp h\u1ee3p t\u00e1c, h\u01b0\u1edbng d\u1eabn<\/p>\n\n\n\n<p>d\u1ef1a tr\u00ean ho\u1ea1t \u0111\u1ed9ng, to\u00e0n b\u1ed9 ng\u00f4n ng\u1eef) \u0111\u01b0\u1ee3c h\u1ed7 tr\u1ee3 v\u00e0 khuy\u1ebfn kh\u00edch trong<\/p>\n\n\n\n<p>l\u1edbp h\u1ecdc gi\u00e1o d\u1ee5c ph\u1ed5 th\u00f4ng.<\/p>\n\n\n\n<p>(6) T\u1ef7 l\u1ec7 nh\u00e2n vi\u00ean\/h\u1ecdc sinh \u0111\u1ed1i v\u1edbi gi\u00e1o vi\u00ean gi\u00e1o d\u1ee5c \u0111\u1eb7c bi\u1ec7t l\u01b0u \u0111\u1ed9ng<\/p>\n\n\n\n<p>t\u01b0\u01a1ng \u0111\u01b0\u01a1ng v\u1edbi t\u1ef7 l\u1ec7 l\u1edbp h\u1ecdc \u0111\u1eb7c bi\u1ec7t\/nh\u00e2n vi\u00ean h\u1ed7 tr\u1ee3 b\u1eb1ng m\u1ee9c \u0111\u1ed9 t\u1ed1i thi\u1ec3u s\u1ebd c\u00f3 trong l\u1edbp h\u1ecdc \u0111\u1eb7c bi\u1ec7t.<\/p>\n\n\n\n<p>(7) C\u00e1c d\u1ecbch v\u1ee5 gi\u1ea3ng d\u1ea1y b\u1ed5 sung (v\u00ed d\u1ee5: giao ti\u1ebfp, di chuy\u1ec3n, gi\u00e1o d\u1ee5c th\u1ec3 ch\u1ea5t \u0111\u01b0\u1ee3c \u0111i\u1ec1u ch\u1ec9nh) \u0111\u01b0\u1ee3c cung c\u1ea5p cho sinh vi\u00ean trong c\u00e1c l\u1edbp h\u1ecdc v\u00e0 m\u00f4i tr\u01b0\u1eddng c\u1ed9ng \u0111\u1ed3ng th\u00f4ng qua c\u00e1ch ti\u1ebfp c\u1eadn nh\u00f3m li\u00ean ng\u00e0nh.<\/p>\n\n\n\n<p>(8) T\u1ed5 ch\u1ee9c c\u00e1c cu\u1ed9c h\u1ecdp l\u1eadp k\u1ebf ho\u1ea1ch h\u1ee3p t\u00e1c th\u01b0\u1eddng xuy\u00ean \u0111\u01b0\u1ee3c l\u00ean l\u1ecbch, c\u00f3 s\u1ef1 g\u00f3p m\u1eb7t c\u1ee7a nh\u00e2n vi\u00ean gi\u00e1o d\u1ee5c ph\u1ed5 th\u00f4ng, nh\u00e2n vi\u00ean gi\u00e1o d\u1ee5c \u0111\u1eb7c bi\u1ec7t, ph\u1ee5 huynh v\u00e0 nh\u00e2n vi\u00ean d\u1ecbch v\u1ee5 li\u00ean quan theo ch\u1ec9 \u0111\u1ecbnh, nh\u1eb1m h\u1ed7 tr\u1ee3 gi\u00e1m s\u00e1t v\u00e0 ph\u00e1t tri\u1ec3n ch\u01b0\u01a1ng tr\u00ecnh ban \u0111\u1ea7u v\u00e0 li\u00ean t\u1ee5c.<\/p>\n\n\n\n<p>(9) Lu\u00f4n c\u00f3 m\u1ed9t nh\u00e2n vi\u00ean \u0111\u01b0\u1ee3c ch\u1ee9ng nh\u1eadn (gi\u00e1o vi\u00ean gi\u00e1o d\u1ee5c \u0111\u1eb7c bi\u1ec7t,<\/p>\n\n\n\n<p>chuy\u00ean gia t\u00e0i nguy\u00ean ho\u1eb7c ng\u01b0\u1eddi kh\u00e1c) \u0111\u01b0\u1ee3c ch\u1ec9 \u0111\u1ecbnh \u0111\u1ec3 gi\u00e1m s\u00e1t v\u00e0 h\u1ed7 tr\u1ee3 b\u1ea5t k\u1ef3 nh\u00e2n vi\u00ean \u0111\u1eb7c bi\u1ec7t n\u00e0o (v\u00ed d\u1ee5: chuy\u00ean vi\u00ean ph\u1ee5 tr\u1ee3) l\u00e0m vi\u1ec7c v\u1edbi h\u1ecdc sinh c\u1ee5 th\u1ec3 trong c\u00e1c l\u1edbp h\u1ecdc gi\u00e1o d\u1ee5c ph\u1ed5 th\u00f4ng.<\/p>\n\n\n\n<p>(10) H\u1ecdc sinh gi\u00e1o d\u1ee5c \u0111\u1eb7c bi\u1ec7t h\u00f2a nh\u1eadp ho\u00e0n to\u00e0n s\u1ebd \u0111\u01b0\u1ee3c coi l\u00e0 m\u1ed9t ph\u1ea7n c\u1ee7a t\u1ed5ng s\u0129 s\u1ed1 l\u1edbp h\u1ecdc cho m\u1ee5c \u0111\u00edch quy m\u00f4 l\u1edbp h\u1ecdc.<\/p>\n\n\n\n<p>(11) Nh\u1eadn th\u1ee9c chung v\u1ec1 kh\u1ea3 n\u0103ng \u0111\u01b0\u1ee3c cung c\u1ea5p cho nh\u00e2n vi\u00ean, h\u1ecdc sinh v\u00e0 ph\u1ee5 huynh t\u1ea1i tr\u01b0\u1eddng th\u00f4ng qua c\u00e1c ph\u01b0\u01a1ng ti\u1ec7n ch\u00ednh th\u1ee9c ho\u1eb7c kh\u00f4ng ch\u00ednh th\u1ee9c, tr\u00ean c\u01a1 s\u1edf c\u00e1 nh\u00e2n.<\/p>\n\n\n\n<p>Hi\u1ec7u qu\u1ea3 nh\u1ea5t l\u00e0 khi nh\u1eadn th\u1ee9c v\u1ec1 kh\u1ea3 n\u0103ng \u0111\u01b0\u1ee3c k\u1ebft h\u1ee3p v\u1edbi ch\u01b0\u01a1ng tr\u00ecnh gi\u00e1o d\u1ee5c ph\u1ed5 th\u00f4ng.<\/p>\n\n\n\n<p>(12) C\u00f3 k\u1ebf ho\u1ea1ch chuy\u1ec3n ti\u1ebfp h\u1ecdc sinh sang c\u00e1c l\u1edbp h\u1ecdc v\u00e0 tr\u01b0\u1eddng h\u1ecdc ti\u1ebfp theo trong c\u00e1c tr\u01b0\u1eddng h\u1ee3p h\u00f2a nh\u1eadp.<\/p>\n\n\n\n<p>(13) C\u00e1c h\u1ecdc khu v\u00e0 SELPA c\u00f3 \u0111\u01b0\u1ee3c b\u1ea5t k\u1ef3 s\u1ef1 mi\u1ec5n tr\u1eeb c\u1ea7n thi\u1ebft n\u00e0o c\u1ee7a B\u1ed9 Lu\u1eadt Gi\u00e1o D\u1ee5c \u0111\u1ec3 th\u1ef1c hi\u1ec7n gi\u00e1o d\u1ee5c \u0111\u01b0\u1ee3c h\u1ed7 tr\u1ee3.<\/p>\n\n\n\n<p>(14) C\u00e1c n\u1ed7 l\u1ef1c gi\u00e1o d\u1ee5c \u0111\u01b0\u1ee3c h\u1ed7 tr\u1ee3 s\u1ebd \u0111\u01b0\u1ee3c ph\u1ed1i h\u1ee3p v\u1edbi vi\u1ec7c t\u00e1i c\u01a1 c\u1ea5u tr\u01b0\u1eddng h\u1ecdc \u1edf c\u1ea5p h\u1ecdc khu v\u00e0 \u0111\u1ecba \u0111i\u1ec3m.<\/p>\n\n\n\n<p>T\u00f3m l\u1ea1i, t\u1ea5t c\u1ea3 h\u1ecdc sinh l\u00e0 th\u00e0nh vi\u00ean c\u1ee7a l\u1edbp h\u1ecdc gi\u00e1o d\u1ee5c ph\u1ed5 th\u00f4ng, trong \u0111\u00f3 m\u1ed9t s\u1ed1 h\u1ecdc sinh y\u00eau c\u1ea7u m\u1ee9c \u0111\u1ed9 h\u1ed7 tr\u1ee3 kh\u00e1c nhau t\u1eeb gi\u00e1o d\u1ee5c \u0111\u1eb7c bi\u1ec7t. Do \u0111\u00f3, thu\u1eadt ng\u1eef l\u00e0 \u201cGi\u00e1o D\u1ee5c \u0110\u01b0\u1ee3c H\u1ed7 Tr\u1ee3\u201d. Thu\u1eadt ng\u1eef n\u00e0y, m\u1eb7c d\u00f9 \u0111\u1ed3ng ngh\u0129a v\u1edbi \u201cH\u00f2a Nh\u1eadp Ho\u00e0n To\u00e0n\u201d, nh\u01b0ng c\u1ea7n ph\u00e2n bi\u1ec7t r\u00f5 r\u00e0ng trong vi\u1ec7c th\u1eeba nh\u1eadn t\u1ea7m quan tr\u1ecdng c\u1ee7a vi\u1ec7c cung c\u1ea5p d\u1ecbch v\u1ee5 h\u1ed7 tr\u1ee3 trong l\u1edbp h\u1ecdc th\u00f4ng th\u01b0\u1eddng, khi c\u1ea7n thi\u1ebft \u0111\u1ec3 \u0111\u1ea3m b\u1ea3o ch\u01b0\u01a1ng tr\u00ecnh gi\u00e1o d\u1ee5c ch\u1ea5t l\u01b0\u1ee3ng.<\/p>\n\n\n\n<p>PEERS 1992<\/p>\n\n\n\n<p>Xin g\u1eedi l\u1eddi c\u1ea3m \u01a1n \u0111\u1ebfn Ti\u1ebfn S\u0129 Wayne Sailor, \u201cGi\u00e1o D\u1ee5c \u0110\u1eb7c Bi\u1ec7t Trong Tr\u01b0\u1eddng H\u1ecdc T\u00e1i C\u1ea5u Tr\u00fac\u201d <em>Kh\u1eafc Ph\u1ee5c v\u00e0 Gi\u00e1o D\u1ee5c \u0110\u1eb7c Bi\u1ec7t<\/em> (Remedial and Special Education), 12, 6 (1991). 1992 DRAFT<\/p>\n\n\n\n<p>C\u00e1c T\u00e1c Gi\u1ea3: Neary, T.; Halvorsen, A.; v\u00e0 Smithey, L. <em>Gi\u00e1o D\u1ee5c H\u00f2a Nh\u1eadp<\/em> (Inclusive Education), Sacramento, PEERS Project<\/p>\n","protected":false},"excerpt":{"rendered":"<p>C\u00e1c \u0111\u1eb7c \u0111i\u1ec3m sau \u0111\u00e2y l\u00e0 ch\u1ec9 b\u00e1o c\u1ee7a ch\u01b0\u01a1ng tr\u00ecnh h\u00f2a nh\u1eadp ho\u00e0n to\u00e0n cho h\u1ecdc sinh khuy\u1ebft t\u1eadt. C\u00e1c ch\u1ec9 b\u00e1o n\u00e0y c\u00f3&hellip;<\/p>\n","protected":false},"author":1,"featured_media":0,"parent":3074,"menu_order":14,"comment_status":"closed","ping_status":"closed","template":"","meta":{"footnotes":""},"class_list":["post-3135","page","type-page","status-publish","hentry"],"_links":{"self":[{"href":"https:\/\/serr.disabilityrightsca.org\/vi\/wp-json\/wp\/v2\/pages\/3135","targetHints":{"allow":["GET"]}}],"collection":[{"href":"https:\/\/serr.disabilityrightsca.org\/vi\/wp-json\/wp\/v2\/pages"}],"about":[{"href":"https:\/\/serr.disabilityrightsca.org\/vi\/wp-json\/wp\/v2\/types\/page"}],"author":[{"embeddable":true,"href":"https:\/\/serr.disabilityrightsca.org\/vi\/wp-json\/wp\/v2\/users\/1"}],"replies":[{"embeddable":true,"href":"https:\/\/serr.disabilityrightsca.org\/vi\/wp-json\/wp\/v2\/comments?post=3135"}],"version-history":[{"count":4,"href":"https:\/\/serr.disabilityrightsca.org\/vi\/wp-json\/wp\/v2\/pages\/3135\/revisions"}],"predecessor-version":[{"id":4354,"href":"https:\/\/serr.disabilityrightsca.org\/vi\/wp-json\/wp\/v2\/pages\/3135\/revisions\/4354"}],"up":[{"embeddable":true,"href":"https:\/\/serr.disabilityrightsca.org\/vi\/wp-json\/wp\/v2\/pages\/3074"}],"wp:attachment":[{"href":"https:\/\/serr.disabilityrightsca.org\/vi\/wp-json\/wp\/v2\/media?parent=3135"}],"curies":[{"name":"wp","href":"https:\/\/api.w.org\/{rel}","templated":true}]}}