{"id":3139,"date":"2020-01-17T14:27:24","date_gmt":"2020-01-17T22:27:24","guid":{"rendered":"https:\/\/serr.disabilityrightsca.org\/?page_id=3139"},"modified":"2021-02-08T13:43:33","modified_gmt":"2021-02-08T21:43:33","slug":"p-giao-tham-quyen-ra-quyet-dinh-giao-duc-bo-luat-giao-duc-california-muc-56041-5","status":"publish","type":"page","link":"https:\/\/serr.disabilityrightsca.org\/vi\/serr-manual\/phan-phu-luc-muc-luc\/p-giao-tham-quyen-ra-quyet-dinh-giao-duc-bo-luat-giao-duc-california-muc-56041-5\/","title":{"rendered":"(P) Giao Th\u1ea9m Quy\u1ec1n Ra Quy\u1ebft \u0110\u1ecbnh Gi\u00e1o D\u1ee5c B\u1ed9 Lu\u1eadt Gi\u00e1o D\u1ee5c California, M\u1ee5c 56041.5"},"content":{"rendered":"\n<p>T\u00f4i, ________________________, \u0111\u00e3 \u0111\u1ebfn tu\u1ed5i 18, ch\u01b0a bao gi\u1edd \u0111\u01b0\u1ee3c t\u00f2a \u00e1n c\u00f3 th\u1ea9m quy\u1ec1n x\u00e1c \u0111\u1ecbnh l\u00e0 kh\u00f4ng \u0111\u1ee7 n\u0103ng l\u1ef1c, v\u00e0 \u0111\u00e3 nh\u1eadn \u0111\u01b0\u1ee3c, \u1edf \u0111\u1ed9 tu\u1ed5i chi\u1ebfm \u0111a s\u1ed1, to\u00e0n b\u1ed9 th\u1ea9m quy\u1ec1n ra quy\u1ebft \u0111\u1ecbnh gi\u00e1o d\u1ee5c theo B\u1ed9 Lu\u1eadt Gi\u00e1o D\u1ee5c California, M\u1ee5c 56041.5, theo \u0111\u00e2y cho ph\u00e9p b\u1ed1\/m\u1eb9 t\u00f4i, _______________________, th\u1ef1c hi\u1ec7n b\u1ea5t k\u1ef3 v\u00e0 m\u1ecdi quy\u1ebft \u0111\u1ecbnh<\/p>\n\n\n\n<p>cho t\u00f4i v\u1ec1 quy\u1ec1n l\u1ee3i c\u1ee7a t\u00f4i \u0111\u1ed1i v\u1edbi Gi\u00e1o D\u1ee5c \u0110\u1eb7c Bi\u1ec7t C\u00f4ng Ph\u00f9 H\u1ee3p Mi\u1ec5n Ph\u00ed.<\/p>\n\n\n\n<p>Th\u1ea9m quy\u1ec1n \u0111\u00f3 s\u1ebd bao g\u1ed3m, nh\u01b0ng kh\u00f4ng gi\u1edbi h\u1ea1n \u1edf:<\/p>\n\n\n\n<p>(1) G\u1eedi khi\u1ebfu n\u1ea1i v\u1edbi b\u1ea5t k\u1ef3 c\u01a1 quan c\u00f4ng n\u00e0o, ch\u1eb3ng h\u1ea1n nh\u01b0 S\u1edf Gi\u00e1o D\u1ee5c<\/p>\n\n\n\n<p>California v\u00e0 B\u1ed9 Gi\u00e1o D\u1ee5c Hoa K\u1ef3, V\u0103n Ph\u00f2ng Ph\u1ee5 Tr\u00e1ch<\/p>\n\n\n\n<p>D\u00e2n Quy\u1ec1n;<\/p>\n\n\n\n<p>(2) Kh\u1edfi x\u01b0\u1edbng v\u00e0 theo \u0111u\u1ed5i th\u1ee7 t\u1ee5c t\u1ed1 t\u1ee5ng ph\u00e1p l\u00fd v\u1ec1 gi\u00e1o d\u1ee5c \u0111\u1eb7c bi\u1ec7t<\/p>\n\n\n\n<p>theo California Education Code Sec. 56500, <em>et seq<\/em>. v\u00e0 b\u1ea5t k\u1ef3<\/p>\n\n\n\n<p>kh\u00e1ng c\u00e1o t\u01b0 ph\u00e1p n\u00e0o;<\/p>\n\n\n\n<p>(3) Tham d\u1ef1 cu\u1ed9c h\u1ecdp IEP v\u00e0 H\u00f2a Gi\u1ea3i Theo Th\u1ee7 T\u1ee5c Ph\u00e1p L\u00fd v\u00e0 H\u00f2a Gi\u1ea3i Tr\u01b0\u1edbc Phi\u00ean \u0110i\u1ec1u Tr\u1ea7n c\u0169ng nh\u01b0 k\u00fd c\u00e1c t\u00e0i li\u1ec7u v\u00e0 th\u1ecfa thu\u1eadn h\u00f2a gi\u1ea3i v\u1edbi c\u00f9ng hi\u1ec7u l\u1ef1c ph\u00e1p l\u00fd v\u00e0 th\u1ea9m quy\u1ec1n khi t\u00f4i v\u1eafng m\u1eb7t trong nhi\u1ec7m v\u1ee5 n\u00e0y;<\/p>\n\n\n\n<p>(4) Cho ph\u00e9p ho\u1eb7c t\u1eeb ch\u1ed1i cho ph\u00e9p \u0111\u00e1nh gi\u00e1, d\u1ecbch v\u1ee5 ho\u1eb7c x\u1ebfp l\u1edbp;<\/p>\n\n\n\n<p>(5) Nh\u1eadn b\u1ea3n sao c\u1ee7a b\u1ea5t k\u1ef3 h\u1ed3 s\u01a1 n\u00e0o v\u1ec1 gi\u00e1o d\u1ee5c, t\u00e2m l\u00fd, y t\u1ebf, h\u00e0nh vi ho\u1eb7c t\u01b0 ph\u00e1p v\u1ecb th\u00e0nh ni\u00ean c\u1ee7a t\u00f4i ho\u1eb7c b\u1ea5t k\u1ef3 t\u00e0i li\u1ec7u v\u00e0 th\u00f4ng tin n\u00e0o kh\u00e1c li\u00ean quan \u0111\u1ebfn gi\u00e1o d\u1ee5c \u0111\u1eb7c bi\u1ec7t, c\u00e1c d\u1ecbch v\u1ee5 li\u00ean quan, h\u1ed7 tr\u1ee3 v\u00e0 d\u1ecbch v\u1ee5 b\u1ed5 sung ho\u1eb7c d\u1ecbch v\u1ee5 chuy\u1ec3n ti\u1ebfp c\u1ee7a t\u00f4i;<\/p>\n\n\n\n<p>(6) Nh\u1eadn th\u00f4ng tin b\u1eb1ng l\u1eddi n\u00f3i t\u1eeb b\u1ea5t k\u1ef3 c\u00e1 nh\u00e2n ho\u1eb7c c\u01a1 quan n\u00e0o (c\u00f4ng ho\u1eb7c t\u01b0) v\u1ec1 c\u00e1c quy\u1ec1n ho\u1eb7c d\u1ecbch v\u1ee5 gi\u00e1o d\u1ee5c \u0111\u1eb7c bi\u1ec7t c\u1ee7a t\u00f4i;<\/p>\n\n\n\n<p>(7) Th\u1ef1c hi\u1ec7n b\u1ea5t k\u1ef3 quy\u1ec1n ho\u1eb7c h\u00e0nh \u0111\u1ed9ng n\u00e0o kh\u00e1c thay m\u1eb7t t\u00f4i li\u00ean quan \u0111\u1ebfn gi\u00e1o d\u1ee5c c\u1ee7a t\u00f4i v\u1edbi c\u00f9ng th\u1ea9m quy\u1ec1n khi t\u00f4i v\u1eafng m\u1eb7t trong nhi\u1ec7m v\u1ee5 n\u00e0y.<\/p>\n\n\n\n<p>B\u1ea3n sao ho\u1eb7c b\u1ea3n fax c\u1ee7a t\u00e0i li\u1ec7u n\u00e0y s\u1ebd c\u00f3 hi\u1ec7u l\u1ef1c t\u01b0\u01a1ng t\u1ef1 nh\u01b0<\/p>\n\n\n\n<p>b\u1ea3n g\u1ed1c.<\/p>\n\n\n\n<p>Ng\u00e0y: _________________________________<\/p>\n\n\n\n<p>\u0110\u00e3 K\u00fd:_________________________________<\/p>\n","protected":false},"excerpt":{"rendered":"<p>T\u00f4i, ________________________, \u0111\u00e3 \u0111\u1ebfn tu\u1ed5i 18, ch\u01b0a bao gi\u1edd \u0111\u01b0\u1ee3c t\u00f2a \u00e1n c\u00f3 th\u1ea9m quy\u1ec1n x\u00e1c \u0111\u1ecbnh l\u00e0 kh\u00f4ng \u0111\u1ee7 n\u0103ng l\u1ef1c, v\u00e0 \u0111\u00e3 nh\u1eadn&hellip;<\/p>\n","protected":false},"author":1,"featured_media":0,"parent":3074,"menu_order":15,"comment_status":"closed","ping_status":"closed","template":"","meta":{"footnotes":""},"class_list":["post-3139","page","type-page","status-publish","hentry"],"_links":{"self":[{"href":"https:\/\/serr.disabilityrightsca.org\/vi\/wp-json\/wp\/v2\/pages\/3139","targetHints":{"allow":["GET"]}}],"collection":[{"href":"https:\/\/serr.disabilityrightsca.org\/vi\/wp-json\/wp\/v2\/pages"}],"about":[{"href":"https:\/\/serr.disabilityrightsca.org\/vi\/wp-json\/wp\/v2\/types\/page"}],"author":[{"embeddable":true,"href":"https:\/\/serr.disabilityrightsca.org\/vi\/wp-json\/wp\/v2\/users\/1"}],"replies":[{"embeddable":true,"href":"https:\/\/serr.disabilityrightsca.org\/vi\/wp-json\/wp\/v2\/comments?post=3139"}],"version-history":[{"count":4,"href":"https:\/\/serr.disabilityrightsca.org\/vi\/wp-json\/wp\/v2\/pages\/3139\/revisions"}],"predecessor-version":[{"id":4355,"href":"https:\/\/serr.disabilityrightsca.org\/vi\/wp-json\/wp\/v2\/pages\/3139\/revisions\/4355"}],"up":[{"embeddable":true,"href":"https:\/\/serr.disabilityrightsca.org\/vi\/wp-json\/wp\/v2\/pages\/3074"}],"wp:attachment":[{"href":"https:\/\/serr.disabilityrightsca.org\/vi\/wp-json\/wp\/v2\/media?parent=3139"}],"curies":[{"name":"wp","href":"https:\/\/api.w.org\/{rel}","templated":true}]}}