{"id":3143,"date":"2020-01-17T14:30:34","date_gmt":"2020-01-17T22:30:34","guid":{"rendered":"https:\/\/serr.disabilityrightsca.org\/?page_id=3143"},"modified":"2021-02-08T13:44:52","modified_gmt":"2021-02-08T21:44:52","slug":"q-thu-mau-thong-bao-muoi-ngay-ve-y-dinh-cua-phu-huynh-dua-hoc-sinh-vao-truong-ngoai-cong-lap","status":"publish","type":"page","link":"https:\/\/serr.disabilityrightsca.org\/vi\/serr-manual\/phan-phu-luc-muc-luc\/q-thu-mau-thong-bao-muoi-ngay-ve-y-dinh-cua-phu-huynh-dua-hoc-sinh-vao-truong-ngoai-cong-lap\/","title":{"rendered":"(Q) Th\u01b0 M\u1eabu &#8211; Th\u00f4ng B\u00e1o M\u01b0\u1eddi Ng\u00e0y v\u1ec1 \u00dd \u0110\u1ecbnh c\u1ee7a Ph\u1ee5 Huynh \u0110\u01b0a H\u1ecdc Sinh v\u00e0o Tr\u01b0\u1eddng Ngo\u00e0i C\u00f4ng L\u1eadp"},"content":{"rendered":"\n<p>W.C.<\/p>\n\n\n\n<p>\u0110\u1ecba Ch\u1ec9<\/p>\n\n\n\n<p>Th\u00e0nh Ph\u1ed1, M\u00e3 Zip t\u1ea1i CA<\/p>\n\n\n\n<p>S\u1ed1 \u0110i\u1ec7n Tho\u1ea1i<\/p>\n\n\n\n<p>Ng\u00e0y<\/p>\n\n\n\n<p>Gi\u00e1m \u0110\u1ed1c Gi\u00e1o D\u1ee5c \u0110\u1eb7c Bi\u1ec7t<\/p>\n\n\n\n<p>H\u1ecdc Khu Th\u1ed1ng Nh\u1ea5t \u0110\u1ecba Ph\u01b0\u01a1ng<\/p>\n\n\n\n<p>\u0110\u1ecba Ch\u1ec9<\/p>\n\n\n\n<p>Th\u00e0nh Ph\u1ed1, CA, M\u00e3 Zip<\/p>\n\n\n\n<p>V\u1ec1 vi\u1ec7c: &nbsp;&nbsp;&nbsp;&nbsp;&nbsp; <strong>TYESHA R. ROBINSON (Ng\u00e0y Sinh \u2013 MM\/DD\/YR)<\/strong><\/p>\n\n\n\n<p><strong>&nbsp;&nbsp;&nbsp;&nbsp;&nbsp;&nbsp;&nbsp;&nbsp;&nbsp; TH\u00d4NG B\u00c1O V\u1ec0 \u00dd \u0110\u1ecaNH THEO H\u1eccC T\u1ea0I H\u1eccC VI\u1ec6N FELDMANN<\/strong><\/p>\n\n\n\n<p>K\u00ednh g\u1eedi \u00d4ng __________:<\/p>\n\n\n\n<p>Con g\u00e1i t\u00f4i, Tyesha, hi\u1ec7n \u0111ang theo h\u1ecdc t\u1ea1i Tr\u01b0\u1eddng Trung H\u1ecdc Washington, v\u00e0 \u0111ang g\u1eb7p kh\u00f3 kh\u0103n r\u1ea5t l\u1edbn trong vi\u1ec7c \u0111\u00e1p \u1ee9ng c\u00e1c m\u1ee5c ti\u00eau IEP v\u00e0 \u0111\u1ea1t \u0111\u01b0\u1ee3c th\u00e0nh t\u00edch h\u1ecdc t\u1eadp, \u0111\u1eb7c bi\u1ec7t l\u00e0 trong l\u0129nh v\u1ef1c to\u00e1n h\u1ecdc v\u00e0 vi\u1ebft. H\u00e0nh vi c\u1ee7a ch\u00e1u \u1edf tr\u01b0\u1eddng c\u0169ng tr\u1edf n\u00ean t\u1ed3i t\u1ec7. T\u00f4i ng\u00e0y c\u00e0ng th\u1ea5y r\u00f5 r\u1eb1ng nhu c\u1ea7u gi\u00e1o d\u1ee5c c\u1ee7a ch\u00e1u kh\u00f4ng \u0111\u01b0\u1ee3c \u0111\u00e1p \u1ee9ng. Tyesha \u0111ang t\u1ee5t h\u1eadu ng\u00e0y c\u00e0ng xa so v\u1edbi c\u00e1c b\u1ea1n c\u00f9ng l\u1edbp.&nbsp; Ch\u00e1u kh\u00f4ng \u0111\u01b0\u1ee3c h\u01b0\u1edfng l\u1ee3i t\u1eeb ch\u01b0\u01a1ng tr\u00ecnh gi\u1ea3ng d\u1ea1y thi\u1ebft k\u1ebf \u0111\u1eb7c bi\u1ec7t \u0111\u01b0\u1ee3c cung c\u1ea5p trong ch\u01b0\u01a1ng tr\u00ecnh tr\u01b0\u1eddng c\u00f4ng hi\u1ec7n t\u1ea1i c\u1ee7a ch\u00e1u.<\/p>\n\n\n\n<p>[<strong>T\u00f9y ch\u1ecdn: <\/strong>T\u00f4i tin r\u1eb1ng ch\u01b0\u01a1ng tr\u00ecnh gi\u00e1o d\u1ee5c v\u00e0 x\u1ebfp l\u1edbp do h\u1ecdc khu cung c\u1ea5p cho ch\u00e1u trong IEP g\u1ea7n \u0111\u00e2y nh\u1ea5t l\u00e0 kh\u00f4ng \u0111\u1ee7 \u0111\u1ec3 \u0111\u00e1p \u1ee9ng nhu c\u1ea7u c\u1ee7a ch\u00e1u.]<\/p>\n\n\n\n<p>V\u00ec v\u1eady, theo Title 34 C.F.R. Sec. 300.148(d)(1)(ii), t\u00f4i vi\u1ebft th\u01b0 n\u00e0y \u0111\u1ec3 th\u00f4ng b\u00e1o cho \u00f4ng r\u1eb1ng t\u00f4i s\u1ebd \u0111\u01b0a con m\u00ecnh v\u00e0o H\u1ecdc Vi\u1ec7n Feldmann \u2013 m\u1ed9t tr\u01b0\u1eddng ngo\u00e0i c\u00f4ng l\u1eadp ph\u1ee5c v\u1ee5 c\u00e1c h\u1ecdc sinh nh\u01b0 Tyesha. Ng\u00e0y \u0111\u1ea7u ti\u00ean ch\u00e1u h\u1ecdc t\u1ea1i H\u1ecdc Vi\u1ec7n Feldmann s\u1ebd l\u00e0 ________.&nbsp; <strong>[Vui l\u00f2ng l\u01b0u \u00fd r\u1eb1ng ng\u00e0y tr\u00ean kh\u00f4ng \u0111\u01b0\u1ee3c s\u1edbm h\u01a1n 10 ng\u00e0y l\u00e0m vi\u1ec7c sau ng\u00e0y h\u1ecdc khu nh\u1eadn \u0111\u01b0\u1ee3c th\u01b0 n\u00e0y.]<\/strong> Khi ch\u00e1u \u0111\u01b0\u1ee3c x\u1ebfp l\u1edbp, t\u00f4i d\u1ef1 \u0111\u1ecbnh t\u00ecm ki\u1ebfm b\u1ed3i ho\u00e0n t\u1eeb H\u1ecdc Khu cho c\u00e1c chi ph\u00ed c\u1ee7a ch\u01b0\u01a1ng tr\u00ecnh gi\u1ea3ng d\u1ea1y thi\u1ebft k\u1ebf \u0111\u1eb7c bi\u1ec7t ph\u00f9 h\u1ee3p n\u00e0y.<\/p>\n\n\n\n<p>V\u00ec tr\u01b0\u1eddng c\u00f4ng kh\u00f4ng \u0111\u00e1p \u1ee9ng nhu c\u1ea7u gi\u00e1o d\u1ee5c c\u1ee7a ch\u00e1u, t\u00f4i tin r\u1eb1ng vi\u1ec7c x\u1ebfp l\u1edbp t\u1ea1i tr\u01b0\u1eddng ngo\u00e0i c\u00f4ng l\u1eadp n\u00e0y ph\u1ea3i th\u1ef1c hi\u1ec7n b\u1eb1ng &#8220;chi ph\u00ed c\u00f4ng&#8221;. T\u00f4i s\u1ebd n\u1ed9p h\u00f3a \u0111\u01a1n t\u1eeb H\u1ecdc Vi\u1ec7n v\u00e0 b\u1eb1ng ch\u1ee9ng v\u1ec1 vi\u1ec7c ch\u00e1u theo h\u1ecdc.<\/p>\n\n\n\n<p>T\u00f4i mong nh\u1eadn \u0111\u01b0\u1ee3c ph\u1ea3n h\u1ed3i c\u1ee7a \u00f4ng.&nbsp; T\u00f4i s\u1ebd r\u1ea5t vui khi bi\u1ebft \u00f4ng s\u1ebd s\u1eb5n l\u00f2ng cung c\u1ea5p h\u1ed7 tr\u1ee3 cho Tyesha.<\/p>\n\n\n\n<p>Tr\u00e2n tr\u1ecdng,<\/p>\n\n\n\n<p>Gloria Robinson<\/p>\n\n\n\n<p>\u0111\u1ed3ng g\u1eedi: Nh\u00f3m IEP<\/p>\n","protected":false},"excerpt":{"rendered":"<p>W.C. \u0110\u1ecba Ch\u1ec9 Th\u00e0nh Ph\u1ed1, M\u00e3 Zip t\u1ea1i CA S\u1ed1 \u0110i\u1ec7n Tho\u1ea1i Ng\u00e0y Gi\u00e1m \u0110\u1ed1c Gi\u00e1o D\u1ee5c \u0110\u1eb7c Bi\u1ec7t H\u1ecdc Khu Th\u1ed1ng Nh\u1ea5t \u0110\u1ecba Ph\u01b0\u01a1ng&hellip;<\/p>\n","protected":false},"author":1,"featured_media":0,"parent":3074,"menu_order":16,"comment_status":"closed","ping_status":"closed","template":"","meta":{"footnotes":""},"class_list":["post-3143","page","type-page","status-publish","hentry"],"_links":{"self":[{"href":"https:\/\/serr.disabilityrightsca.org\/vi\/wp-json\/wp\/v2\/pages\/3143","targetHints":{"allow":["GET"]}}],"collection":[{"href":"https:\/\/serr.disabilityrightsca.org\/vi\/wp-json\/wp\/v2\/pages"}],"about":[{"href":"https:\/\/serr.disabilityrightsca.org\/vi\/wp-json\/wp\/v2\/types\/page"}],"author":[{"embeddable":true,"href":"https:\/\/serr.disabilityrightsca.org\/vi\/wp-json\/wp\/v2\/users\/1"}],"replies":[{"embeddable":true,"href":"https:\/\/serr.disabilityrightsca.org\/vi\/wp-json\/wp\/v2\/comments?post=3143"}],"version-history":[{"count":3,"href":"https:\/\/serr.disabilityrightsca.org\/vi\/wp-json\/wp\/v2\/pages\/3143\/revisions"}],"predecessor-version":[{"id":4357,"href":"https:\/\/serr.disabilityrightsca.org\/vi\/wp-json\/wp\/v2\/pages\/3143\/revisions\/4357"}],"up":[{"embeddable":true,"href":"https:\/\/serr.disabilityrightsca.org\/vi\/wp-json\/wp\/v2\/pages\/3074"}],"wp:attachment":[{"href":"https:\/\/serr.disabilityrightsca.org\/vi\/wp-json\/wp\/v2\/media?parent=3143"}],"curies":[{"name":"wp","href":"https:\/\/api.w.org\/{rel}","templated":true}]}}