{"id":3158,"date":"2020-01-17T14:49:12","date_gmt":"2020-01-17T22:49:12","guid":{"rendered":"https:\/\/serr.disabilityrightsca.org\/?page_id=3158"},"modified":"2021-02-08T21:25:09","modified_gmt":"2021-02-09T05:25:09","slug":"acknowlegements","status":"publish","type":"page","link":"https:\/\/serr.disabilityrightsca.org\/vi\/acknowlegements\/","title":{"rendered":"S\u1ef1 nh\u00ecn nh\u1eadn"},"content":{"rendered":"\n<p>CASE and Disability Rights California xin g\u1eedi l\u1eddi c\u1ea3m \u01a1n ch\u00e2n th\u00e0nh \u0111\u1ebfn nh\u1eefng c\u00e1 nh\u00e2n sau \u0111\u00e2y v\u00ec s\u1ef1 h\u1ed7 tr\u1ee3 c\u1ee7a h\u1ecd trong vi\u1ec7c so\u1ea1n cu\u1ed1n s\u1ed5 tay n\u00e0y. S\u1ef1 cam k\u1ebft, h\u1ee3p t\u00e1c v\u00e0 tinh th\u1ea7n t\u1ed1t c\u1ee7a h\u1ecd \u0111\u01b0\u1ee3c \u0111\u00e1nh gi\u00e1 r\u1ea5t cao.<\/p>\n\n\n\n<p><strong>Ng\u01b0\u1eddi bi\u00ean t\u1eadp:<\/strong> Joseph Feldman and Taymour Ravandi<br><strong>Ng\u01b0\u1eddi \u0111\u00f3ng g\u00f3p:<\/strong> Dale Mentink and Robert Borrelle<br><strong>H\u1ed7 tr\u1ee3 k\u1ef9 thu\u1eadt:<\/strong> Tony Rubino, Roberto Rodriguez,  Katie Frias, and Kathleen Rossow<\/p>\n\n\n\n<p>PH\u00c9P VI\u1ebeT c\u1ee7a Li\u00ean minh C\u1ed9ng \u0111\u1ed3ng v\u1ec1 Gi\u00e1o d\u1ee5c \u0110\u1eb7c bi\u1ec7t (CASE) v\u00e0 Quy\u1ec1n c\u1ee7a Ng\u01b0\u1eddi khuy\u1ebft t\u1eadt California ph\u1ea3i \u0111\u01b0\u1ee3c xin sao ch\u00e9p c\u00e1c t\u00e0i li\u1ec7u c\u00f3 trong Quy\u1ec1n v\u00e0 Tr\u00e1ch nhi\u1ec7m Gi\u00e1o d\u1ee5c \u0110\u1eb7c bi\u1ec7t.<\/p>\n\n\n\n<p>Nh\u1eefng t\u00e0i li\u1ec7u n\u00e0y d\u1ef1a tr\u00ean lu\u1eadt gi\u00e1o d\u1ee5c \u0111\u1eb7c bi\u1ec7t v\u00e0 quy\u1ebft \u0111\u1ecbnh c\u1ee7a t\u00f2a \u00e1n c\u00f3 hi\u1ec7u l\u1ef1c t\u1ea1i th\u1eddi \u0111i\u1ec3m xu\u1ea5t b\u1ea3n. Lu\u1eadt gi\u00e1o d\u1ee5c \u0111\u1eb7c bi\u1ec7t c\u1ee7a Li\u00ean bang v\u00e0 Ti\u1ec3u bang c\u00f3 th\u1ec3 thay \u0111\u1ed5i b\u1ea5t k\u1ef3 l\u00fac n\u00e0o. N\u1ebfu c\u00f3 b\u1ea5t k\u1ef3 c\u00e2u h\u1ecfi n\u00e0o v\u1ec1 c\u01a1 quan ph\u00e1p l\u00fd li\u00ean t\u1ee5c c\u1ee7a b\u1ea5t k\u1ef3 th\u00f4ng tin n\u00e0o trong s\u1ed5 tay, h\u00e3y li\u00ean h\u1ec7 v\u1edbi CASE, Disability Rights California, ho\u1eb7c m\u1ed9t ngu\u1ed3n ph\u00e1p l\u00fd trong c\u1ed9ng \u0111\u1ed3ng c\u1ee7a b\u1ea1n.<\/p>\n","protected":false},"excerpt":{"rendered":"<p>CASE and Disability Rights California xin g\u1eedi l\u1eddi c\u1ea3m \u01a1n ch\u00e2n th\u00e0nh \u0111\u1ebfn nh\u1eefng c\u00e1 nh\u00e2n sau \u0111\u00e2y v\u00ec s\u1ef1 h\u1ed7 tr\u1ee3 c\u1ee7a h\u1ecd trong&hellip;<\/p>\n","protected":false},"author":1,"featured_media":0,"parent":0,"menu_order":0,"comment_status":"closed","ping_status":"closed","template":"","meta":{"footnotes":""},"class_list":["post-3158","page","type-page","status-publish","hentry"],"_links":{"self":[{"href":"https:\/\/serr.disabilityrightsca.org\/vi\/wp-json\/wp\/v2\/pages\/3158","targetHints":{"allow":["GET"]}}],"collection":[{"href":"https:\/\/serr.disabilityrightsca.org\/vi\/wp-json\/wp\/v2\/pages"}],"about":[{"href":"https:\/\/serr.disabilityrightsca.org\/vi\/wp-json\/wp\/v2\/types\/page"}],"author":[{"embeddable":true,"href":"https:\/\/serr.disabilityrightsca.org\/vi\/wp-json\/wp\/v2\/users\/1"}],"replies":[{"embeddable":true,"href":"https:\/\/serr.disabilityrightsca.org\/vi\/wp-json\/wp\/v2\/comments?post=3158"}],"version-history":[{"count":3,"href":"https:\/\/serr.disabilityrightsca.org\/vi\/wp-json\/wp\/v2\/pages\/3158\/revisions"}],"predecessor-version":[{"id":4371,"href":"https:\/\/serr.disabilityrightsca.org\/vi\/wp-json\/wp\/v2\/pages\/3158\/revisions\/4371"}],"wp:attachment":[{"href":"https:\/\/serr.disabilityrightsca.org\/vi\/wp-json\/wp\/v2\/media?parent=3158"}],"curies":[{"name":"wp","href":"https:\/\/api.w.org\/{rel}","templated":true}]}}