{"id":326,"date":"2019-06-06T15:37:05","date_gmt":"2019-06-06T22:37:05","guid":{"rendered":"http:\/\/www.rula.disabilityrightsca.org\/serr\/vi\/?page_id=326"},"modified":"2022-06-27T16:01:03","modified_gmt":"2022-06-27T23:01:03","slug":"serr-manual","status":"publish","type":"page","link":"https:\/\/serr.disabilityrightsca.org\/vi\/","title":{"rendered":"Quy\u1ec1n v\u00e0 Tr\u00e1ch nhi\u1ec7m Gi\u00e1o d\u1ee5c \u0110\u1eb7c bi\u1ec7t (SERR)"},"content":{"rendered":"\n<p>Lu\u1eadt gi\u00e1o d\u1ee5c \u0111\u1eb7c bi\u1ec7t c\u1ee7a Li\u00ean bang v\u00e0 California cho ph\u00e9p h\u1ecdc sinh khuy\u1ebft t\u1eadt h\u1ed9i \u0111\u1ee7 \u0111i\u1ec1u ki\u1ec7n \u0111\u01b0\u1ee3c h\u01b0\u1edfng m\u1ed9t n\u1ec1n gi\u00e1o d\u1ee5c c\u00f4ng l\u1eadp th\u00edch h\u1ee3p mi\u1ec5n ph\u00ed (FAPE) trong m\u00f4i tr\u01b0\u1eddng \u00edt h\u1ea1n ch\u1ebf nh\u1ea5t (LRE). S\u1ed5 tay h\u01b0\u1edbng d\u1eabn n\u00e0y gi\u1ea3i th\u00edch c\u00e1ch tr\u1edf n\u00ean \u0111\u1ee7 \u0111i\u1ec1u ki\u1ec7n cho gi\u00e1o d\u1ee5c \u0111\u1eb7c bi\u1ec7t, c\u00e1ch y\u00eau c\u1ea7u v\u00e0 v\u1eadn \u0111\u1ed9ng cho c\u00e1c d\u1ecbch v\u1ee5 gi\u00e1o d\u1ee5c \u0111\u1eb7c bi\u1ec7t, v\u00e0 ph\u1ea3i l\u00e0m g\u00ec n\u1ebfu b\u1ea1n kh\u00f4ng \u0111\u1ed3ng \u00fd v\u1edbi c\u00e1c khu h\u1ecdc ch\u00e1nh.<\/p>\n\n\n\n<p>S\u00e1ch h\u01b0\u1edbng d\u1eabn n\u00e0y d\u00e0nh cho ph\u1ee5 huynh c\u00f3 con khuy\u1ebft t\u1eadt s\u1eed d\u1ee5ng, nh\u01b0ng c\u0169ng ph\u1ea3i h\u1eefu \u00edch cho nh\u1eefng ng\u01b0\u1eddi \u1ee7ng h\u1ed9 v\u00e0 lu\u1eadt s\u01b0.<\/p>\n\n\n\n<p><strong>\u0110\u1ec3 bi\u1ebft th\u00f4ng tin li\u00ean quan \u0111\u1ebfn gi\u00e1o d\u1ee5c trong COVID-19-Li\u00ean k\u1ebft \u0111\u1ebfn&nbsp;<a style=\"word-wrap: break-word;overflow-wrap: break-word;\" href=\"https:\/\/www.disabilityrightsca.org\/post\/coronavirus-k-12-education\">https:\/\/www.disabilityrightsca.org\/post\/coronavirus-k-12-education<\/a><\/strong><\/p>\n\n\n\n<div class=\"wp-block-group how-to-box has-background\" style=\"background-color:#f3f3f3\"><div class=\"wp-block-group__inner-container is-layout-flow wp-block-group-is-layout-flow\">\n<h2 class=\"wp-block-heading\">C\u00e1ch s\u1eed d\u1ee5ng s\u1ed5 tay n\u00e0y<\/h2>\n\n\n\n<p>S\u00e1ch h\u01b0\u1edbng d\u1eabn g\u1ed3m 16 ch\u01b0\u01a1ng c\u00f3 th\u1ec3 \u0111\u01b0\u1ee3c s\u1eed d\u1ee5ng ri\u00eang. C\u00e1c ch\u01b0\u01a1ng \u0111\u01b0\u1ee3c li\u1ec7t k\u00ea \u1edf ph\u00eda b\u00ean tr\u00e1i tr\u00ean m\u00e1y t\u00ednh \u0111\u1ec3 b\u00e0n c\u1ee7a b\u1ea1n ho\u1eb7c \u1edf d\u01b0\u1edbi c\u00f9ng tr\u00ean thi\u1ebft b\u1ecb di \u0111\u1ed9ng.<\/p>\n\n\n\n<p><strong>Ch\u01b0\u01a1ng 1 <\/strong>bao g\u1ed3m gi\u1ea3i th\u00edch r\u1ed9ng r\u00e3i v\u1ec1 c\u00e1c kh\u00e1i ni\u1ec7m v\u00e0 y\u00eau c\u1ea7u c\u01a1 b\u1ea3n v\u00e0 c\u00f3 li\u00ean quan c\u1ee7a lu\u1eadt ph\u00e1p s\u1ebd \u0111\u01b0\u1ee3c \u0111\u1ec1 c\u1eadp c\u1ee5 th\u1ec3 h\u01a1n trong c\u00e1c ch\u01b0\u01a1ng ti\u1ebfp theo. N\u00f3 c\u0169ng bao g\u1ed3m gi\u1ea3i th\u00edch v\u1ec1 c\u00e1c \u0111i\u1ec1u kho\u1ea3n kh\u00f4ng th\u1ec3 \u0111\u01b0\u1ee3c m\u00f4 t\u1ea3 \u0111\u1ea7y \u0111\u1ee7 trong c\u00e1c ch\u01b0\u01a1ng kh\u00e1c. <\/p>\n\n\n\n<p><strong>C\u00e1c Ch\u01b0\u01a1ng t\u1eeb 2 \u0111\u1ebfn 16 <\/strong>d\u00e0nh ri\u00eang cho c\u00e1c l\u0129nh v\u1ef1c c\u1ee5 th\u1ec3 c\u1ee7a lu\u1eadt gi\u00e1o d\u1ee5c \u0111\u1eb7c bi\u1ec7t v\u00e0 cung c\u1ea5p \u0111\u00e1nh gi\u00e1 chuy\u00ean s\u00e2u v\u1ec1 nhi\u1ec1u ch\u1ee7 \u0111\u1ec1 trong m\u1ed7i l\u0129nh v\u1ef1c.<\/p>\n<\/div><\/div>\n\n\n\n<p><\/p>\n","protected":false},"excerpt":{"rendered":"<p>Lu\u1eadt gi\u00e1o d\u1ee5c \u0111\u1eb7c bi\u1ec7t c\u1ee7a Li\u00ean bang v\u00e0 California cho ph\u00e9p h\u1ecdc sinh khuy\u1ebft t\u1eadt h\u1ed9i \u0111\u1ee7 \u0111i\u1ec1u ki\u1ec7n \u0111\u01b0\u1ee3c h\u01b0\u1edfng m\u1ed9t n\u1ec1n gi\u00e1o&hellip;<\/p>\n","protected":false},"author":1,"featured_media":1189,"parent":0,"menu_order":0,"comment_status":"closed","ping_status":"closed","template":"","meta":{"footnotes":""},"class_list":["post-326","page","type-page","status-publish","has-post-thumbnail","hentry"],"_links":{"self":[{"href":"https:\/\/serr.disabilityrightsca.org\/vi\/wp-json\/wp\/v2\/pages\/326","targetHints":{"allow":["GET"]}}],"collection":[{"href":"https:\/\/serr.disabilityrightsca.org\/vi\/wp-json\/wp\/v2\/pages"}],"about":[{"href":"https:\/\/serr.disabilityrightsca.org\/vi\/wp-json\/wp\/v2\/types\/page"}],"author":[{"embeddable":true,"href":"https:\/\/serr.disabilityrightsca.org\/vi\/wp-json\/wp\/v2\/users\/1"}],"replies":[{"embeddable":true,"href":"https:\/\/serr.disabilityrightsca.org\/vi\/wp-json\/wp\/v2\/comments?post=326"}],"version-history":[{"count":26,"href":"https:\/\/serr.disabilityrightsca.org\/vi\/wp-json\/wp\/v2\/pages\/326\/revisions"}],"predecessor-version":[{"id":4415,"href":"https:\/\/serr.disabilityrightsca.org\/vi\/wp-json\/wp\/v2\/pages\/326\/revisions\/4415"}],"wp:featuredmedia":[{"embeddable":true,"href":"https:\/\/serr.disabilityrightsca.org\/vi\/wp-json\/wp\/v2\/media\/1189"}],"wp:attachment":[{"href":"https:\/\/serr.disabilityrightsca.org\/vi\/wp-json\/wp\/v2\/media?parent=326"}],"curies":[{"name":"wp","href":"https:\/\/api.w.org\/{rel}","templated":true}]}}