{"id":329,"date":"2019-06-06T15:38:07","date_gmt":"2019-06-06T22:38:07","guid":{"rendered":"http:\/\/www.rula.disabilityrightsca.org\/serr\/vi\/?page_id=329"},"modified":"2022-06-28T11:34:36","modified_gmt":"2022-06-28T18:34:36","slug":"chuong-3-thong-tin-ve-tieu-chi-du-dieu-kien","status":"publish","type":"page","link":"https:\/\/serr.disabilityrightsca.org\/vi\/serr-manual\/chuong-3-thong-tin-ve-tieu-chi-du-dieu-kien\/","title":{"rendered":"Ch\u01b0\u01a1ng 3: Th\u00f4ng Tin v\u1ec1 Ti\u00eau Ch\u00ed \u0110\u1ee7 \u0110i\u1ec1u Ki\u1ec7n"},"content":{"rendered":"\n<p><div class=\"print-fullchapter-wrap\"><div class=\"print-fullchapter\"><a href=\"https:\/\/serr.disabilityrightsca.org\/vi\/chapter-3-print\/\">In to\u00e0n b\u1ed9 ch\u01b0\u01a1ng<\/a><\/div><\/div><\/p>\n\n\n<div class=\"menu-chapter-3-container\"><ul id=\"menu-chapter-3\" class=\"menu\"><li id=\"menu-item-413\" class=\"menu-item menu-item-type-post_type menu-item-object-page menu-item-413\"><a href=\"https:\/\/serr.disabilityrightsca.org\/vi\/serr-manual\/chuong-3-thong-tin-ve-tieu-chi-du-dieu-kien\/3-1-ai-hoi-du%cc%89-dieu-kie%cc%a3n-nhan-giao-duc-dac-biet-theo-lua%cc%a3t-lien-bang-va-tie%cc%89u-bang\/\">(3.1) Ai h\u1ed9i \u0111u\u0309 \u0111i\u00ea\u0300u ki\u00ea\u0323n nh\u1eadn gi\u00e1o d\u1ee5c \u0111\u1eb7c bi\u1ec7t theo lu\u00e2\u0323t li\u00ean bang va\u0300 ti\u00ea\u0309u bang?<\/a><\/li>\n<li id=\"menu-item-412\" class=\"menu-item menu-item-type-post_type menu-item-object-page menu-item-412\"><a href=\"https:\/\/serr.disabilityrightsca.org\/vi\/serr-manual\/chuong-3-thong-tin-ve-tieu-chi-du-dieu-kien\/3-2-con-toi-bi-diec-thi-moi-du-dieu-kien-nhan-giao-duc-dac-biet-voi-tu-cach-hoc-sinh-khiem-thinh-phai-khong\/\">(3.2) Con t\u00f4i b\u1ecb \u0111i\u1ebfc th\u00ec m\u1edbi \u0111\u1ee7 \u0111i\u1ec1u ki\u1ec7n nh\u1eadn gi\u00e1o d\u1ee5c \u0111\u1eb7c bi\u1ec7t v\u1edbi t\u01b0 c\u00e1ch h\u1ecdc sinh khi\u1ebfm th\u00ednh ph\u1ea3i kh\u00f4ng?<\/a><\/li>\n<li id=\"menu-item-1390\" class=\"menu-item menu-item-type-post_type menu-item-object-page menu-item-1390\"><a href=\"https:\/\/serr.disabilityrightsca.org\/vi\/serr-manual\/chuong-3-thong-tin-ve-tieu-chi-du-dieu-kien\/3-3-quan-hoac-hoc-khu-co-chuong-trinh-danh-cho-tre-em-diec-mu-con-toi-thuc-su-bi-ca-diec-va-mu-moi-hoi-du-dieu-kien-tham-gia-chuong-trinh-phai-khong\/\">(3.3) Qu\u1eadn (ho\u1eb7c h\u1ecdc khu) c\u00f3 ch\u01b0\u01a1ng tr\u00ecnh d\u00e0nh cho tr\u1ebb em \u0111i\u1ebfc\/m\u00f9. Con t\u00f4i th\u1ef1c s\u1ef1 b\u1ecb c\u1ea3 \u0111i\u1ebfc v\u00e0 m\u00f9 m\u1edbi h\u1ed9i \u0111\u1ee7 \u0111i\u1ec1u ki\u1ec7n tham gia ch\u01b0\u01a1ng tr\u00ecnh ph\u1ea3i kh\u00f4ng?<\/a><\/li>\n<li id=\"menu-item-1391\" class=\"menu-item menu-item-type-post_type menu-item-object-page menu-item-1391\"><a href=\"https:\/\/serr.disabilityrightsca.org\/vi\/serr-manual\/chuong-3-thong-tin-ve-tieu-chi-du-dieu-kien\/3-4-cac-tieu-chi-du-dieu-kien-cho-hoc-sinh-bi-roi-loan-loi-noi-va-ngon-ngu-la-gi\/\">(3.4) C\u00e1c ti\u00eau ch\u00ed \u0111\u1ee7 \u0111i\u1ec1u ki\u1ec7n cho h\u1ecdc sinh b\u1ecb r\u1ed1i lo\u1ea1n l\u1eddi n\u00f3i v\u00e0 ng\u00f4n ng\u1eef l\u00e0 g\u00ec?<\/a><\/li>\n<li id=\"menu-item-1392\" class=\"menu-item menu-item-type-post_type menu-item-object-page menu-item-1392\"><a href=\"https:\/\/serr.disabilityrightsca.org\/vi\/serr-manual\/chuong-3-thong-tin-ve-tieu-chi-du-dieu-kien\/3-5-hoc-khu-cung-cap-dich-vu-cho-hoc-sinh-khiem-thi-quy-dinh-nay-co-chi-ap-dung-cho-nhung-hoc-sinh-thuc-su-bi-mu-khong\/\">(3.5) H\u1ecdc khu cung c\u1ea5p d\u1ecbch v\u1ee5 cho h\u1ecdc sinh khi\u1ebfm th\u1ecb.  Quy \u0111\u1ecbnh n\u00e0y c\u00f3 ch\u1ec9 \u00e1p d\u1ee5ng cho nh\u1eefng h\u1ecdc sinh th\u1ef1c s\u1ef1 b\u1ecb m\u00f9 kh\u00f4ng?<\/a><\/li>\n<li id=\"menu-item-1393\" class=\"menu-item menu-item-type-post_type menu-item-object-page menu-item-1393\"><a href=\"https:\/\/serr.disabilityrightsca.org\/vi\/serr-manual\/chuong-3-thong-tin-ve-tieu-chi-du-dieu-kien\/3-6-cac-tieu-chi-de-du-dieu-kien-nhan-giao-duc-dac-biet-tren-co-so-khuyet-tat-the-chat-la-gi\/\">(3.6) C\u00e1c ti\u00eau ch\u00ed \u0111\u1ec3 \u0111\u1ee7 \u0111i\u1ec1u ki\u1ec7n nh\u1eadn gi\u00e1o d\u1ee5c \u0111\u1eb7c bi\u1ec7t tr\u00ean c\u01a1 s\u1edf khuy\u1ebft t\u1eadt th\u1ec3 ch\u1ea5t l\u00e0 g\u00ec?<\/a><\/li>\n<li id=\"menu-item-1394\" class=\"menu-item menu-item-type-post_type menu-item-object-page menu-item-1394\"><a href=\"https:\/\/serr.disabilityrightsca.org\/vi\/serr-manual\/chuong-3-thong-tin-ve-tieu-chi-du-dieu-kien\/3-7-cac-tieu-chi-de-du-dieu-kien-nhan-giao-duc-dac-biet-tren-co-so-tinh-trang-suc-khoe-la-gi\/\">(3.7) C\u00e1c ti\u00eau ch\u00ed \u0111\u1ec3 \u0111\u1ee7 \u0111i\u1ec1u ki\u1ec7n nh\u1eadn gi\u00e1o d\u1ee5c \u0111\u1eb7c bi\u1ec7t tr\u00ean c\u01a1 s\u1edf t\u00ecnh tr\u1ea1ng s\u1ee9c kh\u1ecfe l\u00e0 g\u00ec?<\/a><\/li>\n<li id=\"menu-item-1395\" class=\"menu-item menu-item-type-post_type menu-item-object-page menu-item-1395\"><a href=\"https:\/\/serr.disabilityrightsca.org\/vi\/serr-manual\/chuong-3-thong-tin-ve-tieu-chi-du-dieu-kien\/3-8-lam-the-nao-de-cac-hoc-khu-xac-dinh-tre-bi-tu-ky-hoac-mac-chung-roi-loan-tuong-tu-nhu-tu-ky\/\">(3.8) L\u00e0m th\u1ebf n\u00e0o \u0111\u1ec3 c\u00e1c h\u1ecdc khu x\u00e1c \u0111\u1ecbnh tr\u1ebb b\u1ecb t\u1ef1 k\u1ef7 ho\u1eb7c m\u1eafc ch\u1ee9ng r\u1ed1i lo\u1ea1n t\u01b0\u01a1ng t\u1ef1 nh\u01b0 t\u1ef1 k\u1ef7?<\/a><\/li>\n<li id=\"menu-item-1396\" class=\"menu-item menu-item-type-post_type menu-item-object-page menu-item-1396\"><a href=\"https:\/\/serr.disabilityrightsca.org\/vi\/serr-manual\/chuong-3-thong-tin-ve-tieu-chi-du-dieu-kien\/3-9-diem-iq-co-phai-la-co-so-duy-nhat-cho-kha-nang-hoi-du-dieu-kien-nhan-giao-duc-dac-biet-dua-tren-khuyet-tat-tri-tue-khong\/\">(3.9) \u0110i\u1ec3m IQ c\u00f3 ph\u1ea3i l\u00e0 c\u01a1 s\u1edf duy nh\u1ea5t cho kh\u1ea3 n\u0103ng h\u1ed9i \u0111\u1ee7 \u0111i\u1ec1u ki\u1ec7n nh\u1eadn gi\u00e1o d\u1ee5c \u0111\u1eb7c bi\u1ec7t d\u1ef1a tr\u00ean khuy\u1ebft t\u1eadt tr\u00ed tu\u1ec7 kh\u00f4ng?<\/a><\/li>\n<li id=\"menu-item-1397\" class=\"menu-item menu-item-type-post_type menu-item-object-page menu-item-1397\"><a href=\"https:\/\/serr.disabilityrightsca.org\/vi\/serr-manual\/chuong-3-thong-tin-ve-tieu-chi-du-dieu-kien\/3-10-cac-tieu-chi-du-dieu-kien-nhan-giao-duc-dac-biet-tren-co-so-roi-loan-cam-xuc-la-gi\/\">(3.10) C\u00e1c ti\u00eau ch\u00ed \u0111\u1ee7 \u0111i\u1ec1u ki\u1ec7n nh\u1eadn gi\u00e1o d\u1ee5c \u0111\u1eb7c bi\u1ec7t tr\u00ean c\u01a1 s\u1edf r\u1ed1i lo\u1ea1n c\u1ea3m x\u00fac l\u00e0 g\u00ec?<\/a><\/li>\n<li id=\"menu-item-1398\" class=\"menu-item menu-item-type-post_type menu-item-object-page menu-item-1398\"><a href=\"https:\/\/serr.disabilityrightsca.org\/vi\/serr-manual\/chuong-3-thong-tin-ve-tieu-chi-du-dieu-kien\/3-11-con-toi-duoc-chan-doan-mac-chung-roi-loan-ung-xu-hanh-vi-chang-han-nhu-roi-loan-thach-thuc-chong-doi-tre-co-hoi-du-dieu-kien-nhan-giao-duc-dac-biet-khong\/\">(3.11) Con t\u00f4i \u0111\u01b0\u1ee3c ch\u1ea9n \u0111o\u00e1n m\u1eafc ch\u1ee9ng r\u1ed1i lo\u1ea1n \u1ee9ng x\u1eed\/h\u00e0nh vi, ch\u1eb3ng h\u1ea1n nh\u01b0 r\u1ed1i lo\u1ea1n th\u00e1ch th\u1ee9c ch\u1ed1ng \u0111\u1ed1i. Tr\u1ebb c\u00f3 h\u1ed9i \u0111\u1ee7 \u0111i\u1ec1u ki\u1ec7n nh\u1eadn gi\u00e1o d\u1ee5c \u0111\u1eb7c bi\u1ec7t kh\u00f4ng?<\/a><\/li>\n<li id=\"menu-item-1399\" class=\"menu-item menu-item-type-post_type menu-item-object-page menu-item-1399\"><a href=\"https:\/\/serr.disabilityrightsca.org\/vi\/serr-manual\/chuong-3-thong-tin-ve-tieu-chi-du-dieu-kien\/3-12-tre-bi-roi-loan-thieu-tap-trung-attention-deficit-disorder-add-hoac-roi-loan-tang-dong-giam-chu-y-deficit-hyperactivity-disorder-adhd-co-the-hoi-du-dieu-kien-nhan-cac-dich-vu-giao-duc-dac\/\">(3.12) Tr\u1ebb b\u1ecb R\u1ed1i Lo\u1ea1n Thi\u1ebfu T\u1eadp Trung (Attention Deficit Disorder, ADD) ho\u1eb7c R\u1ed1i Lo\u1ea1n T\u0103ng \u0110\u1ed9ng Gi\u1ea3m Ch\u00fa \u00dd (Deficit Hyperactivity Disorder, ADHD) c\u00f3 th\u1ec3 h\u1ed9i \u0111\u1ee7 \u0111i\u1ec1u ki\u1ec7n nh\u1eadn c\u00e1c d\u1ecbch v\u1ee5 gi\u00e1o d\u1ee5c \u0111\u1eb7c bi\u1ec7t kh\u00f4ng?<\/a><\/li>\n<li id=\"menu-item-1400\" class=\"menu-item menu-item-type-post_type menu-item-object-page menu-item-1400\"><a href=\"https:\/\/serr.disabilityrightsca.org\/vi\/serr-manual\/chuong-3-thong-tin-ve-tieu-chi-du-dieu-kien\/3-13-khuyet-tat-hoc-tap-cu-the-co-tieu-chi-du-dieu-kien-va-quy-trinh-danh-gia-nao\/\">(3.13) Khuy\u1ebft t\u1eadt h\u1ecdc t\u1eadp c\u1ee5 th\u1ec3 c\u00f3 ti\u00eau ch\u00ed \u0111\u1ee7 \u0111i\u1ec1u ki\u1ec7n v\u00e0 quy tr\u00ecnh \u0111\u00e1nh gi\u00e1 n\u00e0o?<\/a><\/li>\n<li id=\"menu-item-1401\" class=\"menu-item menu-item-type-post_type menu-item-object-page menu-item-1401\"><a href=\"https:\/\/serr.disabilityrightsca.org\/vi\/serr-manual\/chuong-3-thong-tin-ve-tieu-chi-du-dieu-kien\/3-14-mo-hinh-cach-biet-de-xac-dinh-lieu-mot-hoc-sinh-co-bi-khuyet-tat-hoc-tap-hay-khong-hoat-dong-nhu-the-nao\/\">(3.14) \u201cM\u00f4 h\u00ecnh c\u00e1ch bi\u1ec7t\u201d \u0111\u1ec3 x\u00e1c \u0111\u1ecbnh li\u1ec7u m\u1ed9t h\u1ecdc sinh c\u00f3 b\u1ecb khuy\u1ebft t\u1eadt h\u1ecdc t\u1eadp hay kh\u00f4ng ho\u1ea1t \u0111\u1ed9ng nh\u01b0 th\u1ebf n\u00e0o?<\/a><\/li>\n<li id=\"menu-item-1402\" class=\"menu-item menu-item-type-post_type menu-item-object-page menu-item-1402\"><a href=\"https:\/\/serr.disabilityrightsca.org\/vi\/serr-manual\/chuong-3-thong-tin-ve-tieu-chi-du-dieu-kien\/3-15-mo-hinh-phan-ung-voi-su-can-thiep-response-to-intervention-rti-la-gi-va-co-vai-tro-nhu-the-nao-trong-viec-xac-dinh-lieu-con-toi-co-bi-khuyet-tat-hoc-tap-cu-the-khong\/\">(3.15) \u201cM\u00f4 h\u00ecnh Ph\u1ea3n \u1ee8ng v\u1edbi S\u1ef1 Can Thi\u1ec7p (Response to Intervention, RTI)\u201d l\u00e0 g\u00ec v\u00e0 c\u00f3 vai tr\u00f2 nh\u01b0 th\u1ebf n\u00e0o trong vi\u1ec7c x\u00e1c \u0111\u1ecbnh li\u1ec7u con t\u00f4i c\u00f3 b\u1ecb khuy\u1ebft t\u1eadt h\u1ecdc t\u1eadp c\u1ee5 th\u1ec3 kh\u00f4ng?<\/a><\/li>\n<li id=\"menu-item-1403\" class=\"menu-item menu-item-type-post_type menu-item-object-page menu-item-1403\"><a href=\"https:\/\/serr.disabilityrightsca.org\/vi\/serr-manual\/chuong-3-thong-tin-ve-tieu-chi-du-dieu-kien\/3-16-nhom-iep-su-dung-them-tieu-chi-hoi-du-dieu-nao-de-xac-dinh-duoc-lieu-tre-co-bi-khuyet-tat-hoc-tap-cu-the-khong\/\">(3.16) Nh\u00f3m IEP s\u1eed d\u1ee5ng th\u00eam ti\u00eau ch\u00ed h\u1ed9i \u0111\u1ee7 \u0111i\u1ec1u n\u00e0o \u0111\u1ec3 x\u00e1c \u0111\u1ecbnh \u0111\u01b0\u1ee3c li\u1ec7u tr\u1ebb c\u00f3 b\u1ecb khuy\u1ebft t\u1eadt h\u1ecdc t\u1eadp c\u1ee5 th\u1ec3 kh\u00f4ng?<\/a><\/li>\n<li id=\"menu-item-1404\" class=\"menu-item menu-item-type-post_type menu-item-object-page menu-item-1404\"><a href=\"https:\/\/serr.disabilityrightsca.org\/vi\/serr-manual\/chuong-3-thong-tin-ve-tieu-chi-du-dieu-kien\/3-17-mot-so-tre-co-bi-thiet-thoi-do-cac-tieu-chi-du-dieu-kien-khuyet-tat-hoc-tap-khong\/\">(3.17) M\u1ed9t s\u1ed1 tr\u1ebb c\u00f3 b\u1ecb thi\u1ec7t th\u00f2i do c\u00e1c ti\u00eau ch\u00ed \u0111\u1ee7 \u0111i\u1ec1u ki\u1ec7n khuy\u1ebft t\u1eadt h\u1ecdc t\u1eadp kh\u00f4ng?<\/a><\/li>\n<li id=\"menu-item-1405\" class=\"menu-item menu-item-type-post_type menu-item-object-page menu-item-1405\"><a href=\"https:\/\/serr.disabilityrightsca.org\/vi\/serr-manual\/chuong-3-thong-tin-ve-tieu-chi-du-dieu-kien\/3-18-hoc-sinh-hoc-tre-hai-nam-moi-du-dieu-kien-duoc-giao-duc-dac-biet-voi-tu-cach-hoc-sinh-bi-khuyet-tat-hoc-tap-phai-khong\/\">(3.18) H\u1ecdc sinh h\u1ecdc tr\u1ec5 hai n\u0103m m\u1edbi \u0111\u1ee7 \u0111i\u1ec1u ki\u1ec7n \u0111\u01b0\u1ee3c gi\u00e1o d\u1ee5c \u0111\u1eb7c bi\u1ec7t v\u1edbi t\u01b0 c\u00e1ch h\u1ecdc sinh b\u1ecb khuy\u1ebft t\u1eadt h\u1ecdc t\u1eadp ph\u1ea3i kh\u00f4ng?<\/a><\/li>\n<li id=\"menu-item-1406\" class=\"menu-item menu-item-type-post_type menu-item-object-page menu-item-1406\"><a href=\"https:\/\/serr.disabilityrightsca.org\/vi\/serr-manual\/chuong-3-thong-tin-ve-tieu-chi-du-dieu-kien\/3-19-hoc-sinh-nang-khieu-co-the-bi-tu-choi-ve-kha-nang-hoi-du-dieu-kien-nhan-giao-duc-dac-biet-danh-cho-khuyet-tat-hoc-tap-cu-the-chi-can-cu-vao-tri-thong-minh-khong\/\">(3.19) H\u1ecdc sinh n\u0103ng khi\u1ebfu c\u00f3 th\u1ec3 b\u1ecb t\u1eeb ch\u1ed1i v\u1ec1 kh\u1ea3 n\u0103ng h\u1ed9i \u0111\u1ee7 \u0111i\u1ec1u ki\u1ec7n nh\u1eadn gi\u00e1o d\u1ee5c \u0111\u1eb7c bi\u1ec7t d\u00e0nh cho khuy\u1ebft t\u1eadt h\u1ecdc t\u1eadp c\u1ee5 th\u1ec3 ch\u1ec9 c\u0103n c\u1ee9 v\u00e0o tr\u00ed th\u00f4ng minh kh\u00f4ng?<\/a><\/li>\n<li id=\"menu-item-1407\" class=\"menu-item menu-item-type-post_type menu-item-object-page menu-item-1407\"><a href=\"https:\/\/serr.disabilityrightsca.org\/vi\/serr-manual\/chuong-3-thong-tin-ve-tieu-chi-du-dieu-kien\/3-20-tieu-chi-hoi-du-dieu-kien-nao-danh-cho-tre-tu-ba-den-nam-tuoi\/\">(3.20) Ti\u00eau ch\u00ed h\u1ed9i \u0111\u1ee7 \u0111i\u1ec1u ki\u1ec7n n\u00e0o d\u00e0nh cho tr\u1ebb t\u1eeb ba \u0111\u1ebfn n\u0103m tu\u1ed5i?<\/a><\/li>\n<li id=\"menu-item-1408\" class=\"menu-item menu-item-type-post_type menu-item-object-page menu-item-1408\"><a href=\"https:\/\/serr.disabilityrightsca.org\/vi\/serr-manual\/chuong-3-thong-tin-ve-tieu-chi-du-dieu-kien\/3-21-con-toi-co-hoi-du-dieu-kien-nhan-giao-duc-dac-biet-khong-neu-chau-chi-can-mot-so-dich-vu-lien-quan-vi-du-nhu-lieu-phap-ngon-ngu-nhung-khong-can-huong-dan-giao-duc-dac-biet\/\">(3.21) Con t\u00f4i c\u00f3 h\u1ed9i \u0111\u1ee7 \u0111i\u1ec1u ki\u1ec7n nh\u1eadn gi\u00e1o d\u1ee5c \u0111\u1eb7c bi\u1ec7t kh\u00f4ng n\u1ebfu ch\u00e1u ch\u1ec9 c\u1ea7n m\u1ed9t s\u1ed1 d\u1ecbch v\u1ee5 li\u00ean quan, v\u00ed d\u1ee5 nh\u01b0 li\u1ec7u ph\u00e1p ng\u00f4n ng\u1eef, nh\u01b0ng kh\u00f4ng c\u1ea7n h\u01b0\u1edbng d\u1eabn gi\u00e1o d\u1ee5c \u0111\u1eb7c bi\u1ec7t?<\/a><\/li>\n<li id=\"menu-item-1409\" class=\"menu-item menu-item-type-post_type menu-item-object-page menu-item-1409\"><a href=\"https:\/\/serr.disabilityrightsca.org\/vi\/serr-manual\/chuong-3-thong-tin-ve-tieu-chi-du-dieu-kien\/3-22-neu-gia-dinh-toi-chuyen-den-mot-hoc-khu-moi-thi-hoc-khu-moi-co-can-xac-dinh-lai-kha-nang-hoi-du-dieu-kien-nhan-giao-duc-dac-biet-cua-con-toi-nua-khong\/\">(3.22) N\u1ebfu gia \u0111\u00ecnh t\u00f4i chuy\u1ec3n \u0111\u1ebfn m\u1ed9t h\u1ecdc khu m\u1edbi th\u00ec h\u1ecdc khu m\u1edbi c\u00f3 c\u1ea7n x\u00e1c \u0111\u1ecbnh l\u1ea1i kh\u1ea3 n\u0103ng h\u1ed9i \u0111\u1ee7 \u0111i\u1ec1u ki\u1ec7n nh\u1eadn gi\u00e1o d\u1ee5c \u0111\u1eb7c bi\u1ec7t c\u1ee7a con t\u00f4i n\u1eefa kh\u00f4ng?<\/a><\/li>\n<li id=\"menu-item-1410\" class=\"menu-item menu-item-type-post_type menu-item-object-page menu-item-1410\"><a href=\"https:\/\/serr.disabilityrightsca.org\/vi\/serr-manual\/chuong-3-thong-tin-ve-tieu-chi-du-dieu-kien\/3-23-neu-con-cua-toi-khong-dap-ung-dieu-kien-tham-gia-chuong-trinh-giao-duc-dac-biet-tre-co-the-nhan-duoc-dich-vu-theo-muc-504-de-giai-quyet-cac-van-de-giao-duc-khong\/\">(3.23) N\u1ebfu con c\u1ee7a t\u00f4i kh\u00f4ng \u0111\u00e1p \u1ee9ng \u0111i\u1ec1u ki\u1ec7n tham gia ch\u01b0\u01a1ng tr\u00ecnh gi\u00e1o d\u1ee5c \u0111\u1eb7c bi\u1ec7t, tr\u1ebb c\u00f3 th\u1ec3 nh\u1eadn \u0111\u01b0\u1ee3c d\u1ecbch v\u1ee5 theo M\u1ee5c 504 \u0111\u1ec3 gi\u1ea3i quy\u1ebft c\u00e1c v\u1ea5n \u0111\u1ec1 gi\u00e1o d\u1ee5c kh\u00f4ng?<\/a><\/li>\n<li id=\"menu-item-1411\" class=\"menu-item menu-item-type-post_type menu-item-object-page menu-item-1411\"><a href=\"https:\/\/serr.disabilityrightsca.org\/vi\/serr-manual\/chuong-3-thong-tin-ve-tieu-chi-du-dieu-kien\/3-24-neu-hoc-sinh-chi-hoi-du-dieu-kien-nhan-dich-vu-theo-muc-504-tre-co-the-nhan-duoc-cac-dich-vu-giao-duc-dac-biet-khong\/\">(3.24) N\u1ebfu h\u1ecdc sinh ch\u1ec9 h\u1ed9i \u0111\u1ee7 \u0111i\u1ec1u ki\u1ec7n nh\u1eadn d\u1ecbch v\u1ee5 theo M\u1ee5c 504, tr\u1ebb c\u00f3 th\u1ec3 nh\u1eadn \u0111\u01b0\u1ee3c c\u00e1c d\u1ecbch v\u1ee5 gi\u00e1o d\u1ee5c \u0111\u1eb7c bi\u1ec7t kh\u00f4ng?<\/a><\/li>\n<li id=\"menu-item-1412\" class=\"menu-item menu-item-type-post_type menu-item-object-page menu-item-1412\"><a href=\"https:\/\/serr.disabilityrightsca.org\/vi\/serr-manual\/chuong-3-thong-tin-ve-tieu-chi-du-dieu-kien\/3-25-con-toi-duoc-len-lop-theo-trinh-tu-binh-thuong-tre-van-co-the-du-dieu-kien-nhan-giao-duc-dac-biet-chu\/\">(3.25) Con t\u00f4i \u0111\u01b0\u1ee3c l\u00ean l\u1edbp theo tr\u00ecnh t\u1ef1 b\u00ecnh th\u01b0\u1eddng. Tr\u1ebb v\u1eabn c\u00f3 th\u1ec3 \u0111\u1ee7 \u0111i\u1ec1u ki\u1ec7n nh\u1eadn gi\u00e1o d\u1ee5c \u0111\u1eb7c bi\u1ec7t ch\u1ee9?<\/a><\/li>\n<li id=\"menu-item-1413\" class=\"menu-item menu-item-type-post_type menu-item-object-page menu-item-1413\"><a href=\"https:\/\/serr.disabilityrightsca.org\/vi\/serr-manual\/chuong-3-thong-tin-ve-tieu-chi-du-dieu-kien\/3-26-hoc-khu-co-the-gioi-han-cac-dich-vu-ma-con-toi-nhan-duoc-dua-tren-khuyet-tat-cua-tre-khong\/\">(3.26) H\u1ecdc khu c\u00f3 th\u1ec3 gi\u1edbi h\u1ea1n c\u00e1c d\u1ecbch v\u1ee5 m\u00e0 con t\u00f4i nh\u1eadn \u0111\u01b0\u1ee3c d\u1ef1a tr\u00ean khuy\u1ebft t\u1eadt c\u1ee7a tr\u1ebb kh\u00f4ng?<\/a><\/li>\n<li id=\"menu-item-1414\" class=\"menu-item menu-item-type-post_type menu-item-object-page menu-item-1414\"><a href=\"https:\/\/serr.disabilityrightsca.org\/vi\/serr-manual\/chuong-3-thong-tin-ve-tieu-chi-du-dieu-kien\/3-27-con-toi-hoi-du-dieu-kien-nhan-giao-duc-dac-biet-theo-mot-trong-nhung-danh-muc-ve-kha-nang-hoi-du-dieu-kien-nhung-tre-con-co-van-de-khac-anh-huong-den-viec-hoc-tap-hoc-khu-co-phai-giai-quyet-nh\/\">(3.27) Con t\u00f4i h\u1ed9i \u0111\u1ee7 \u0111i\u1ec1u ki\u1ec7n nh\u1eadn gi\u00e1o d\u1ee5c \u0111\u1eb7c bi\u1ec7t theo m\u1ed9t trong nh\u1eefng danh m\u1ee5c v\u1ec1 kh\u1ea3 n\u0103ng h\u1ed9i \u0111\u1ee7 \u0111i\u1ec1u ki\u1ec7n nh\u01b0ng tr\u1ebb c\u00f2n c\u00f3 v\u1ea5n \u0111\u1ec1 kh\u00e1c \u1ea3nh h\u01b0\u1edfng \u0111\u1ebfn vi\u1ec7c h\u1ecdc t\u1eadp. H\u1ecdc khu c\u00f3 ph\u1ea3i gi\u1ea3i quy\u1ebft nh\u1eefng nhu c\u1ea7u h\u1ecdc t\u1eadp kh\u00e1c n\u00e0y kh\u00f4ng?<\/a><\/li>\n<li id=\"menu-item-1415\" class=\"menu-item menu-item-type-post_type menu-item-object-page menu-item-1415\"><a href=\"https:\/\/serr.disabilityrightsca.org\/vi\/serr-manual\/chuong-3-thong-tin-ve-tieu-chi-du-dieu-kien\/3-28-mot-so-danh-muc-ve-kha-nang-hoi-du-dieu-kien-nhan-giao-duc-dac-biet-yeu-cau-tinh-trang-hoac-khuyet-tat-cua-hoc-sinh-phai-gay-anh-huong-bat-loi-den-nang-luc-hoc-tap-cum-tu-tre\/\">(3.28) M\u1ed9t s\u1ed1 danh m\u1ee5c v\u1ec1 kh\u1ea3 n\u0103ng h\u1ed9i \u0111\u1ee7 \u0111i\u1ec1u ki\u1ec7n nh\u1eadn gi\u00e1o d\u1ee5c \u0111\u1eb7c bi\u1ec7t y\u00eau c\u1ea7u t\u00ecnh tr\u1ea1ng ho\u1eb7c khuy\u1ebft t\u1eadt c\u1ee7a h\u1ecdc sinh ph\u1ea3i \u201cg\u00e2y \u1ea3nh h\u01b0\u1edfng b\u1ea5t l\u1ee3i \u0111\u1ebfn n\u0103ng l\u1ef1c h\u1ecdc t\u1eadp\u201d. C\u1ee5m t\u1eeb tr\u00ean ngh\u0129a l\u00e0 g\u00ec?<\/a><\/li>\n<\/ul><\/div>\n","protected":false},"excerpt":{"rendered":"<p>In to\u00e0n b\u1ed9 ch\u01b0\u01a1ng<\/p>\n","protected":false},"author":1,"featured_media":0,"parent":326,"menu_order":3,"comment_status":"closed","ping_status":"closed","template":"","meta":{"footnotes":""},"class_list":["post-329","page","type-page","status-publish","hentry"],"_links":{"self":[{"href":"https:\/\/serr.disabilityrightsca.org\/vi\/wp-json\/wp\/v2\/pages\/329","targetHints":{"allow":["GET"]}}],"collection":[{"href":"https:\/\/serr.disabilityrightsca.org\/vi\/wp-json\/wp\/v2\/pages"}],"about":[{"href":"https:\/\/serr.disabilityrightsca.org\/vi\/wp-json\/wp\/v2\/types\/page"}],"author":[{"embeddable":true,"href":"https:\/\/serr.disabilityrightsca.org\/vi\/wp-json\/wp\/v2\/users\/1"}],"replies":[{"embeddable":true,"href":"https:\/\/serr.disabilityrightsca.org\/vi\/wp-json\/wp\/v2\/comments?post=329"}],"version-history":[{"count":5,"href":"https:\/\/serr.disabilityrightsca.org\/vi\/wp-json\/wp\/v2\/pages\/329\/revisions"}],"predecessor-version":[{"id":4423,"href":"https:\/\/serr.disabilityrightsca.org\/vi\/wp-json\/wp\/v2\/pages\/329\/revisions\/4423"}],"up":[{"embeddable":true,"href":"https:\/\/serr.disabilityrightsca.org\/vi\/wp-json\/wp\/v2\/pages\/326"}],"wp:attachment":[{"href":"https:\/\/serr.disabilityrightsca.org\/vi\/wp-json\/wp\/v2\/media?parent=329"}],"curies":[{"name":"wp","href":"https:\/\/api.w.org\/{rel}","templated":true}]}}