{"id":339,"date":"2019-06-06T15:39:47","date_gmt":"2019-06-06T22:39:47","guid":{"rendered":"http:\/\/www.rula.disabilityrightsca.org\/serr\/vi\/?page_id=339"},"modified":"2022-06-28T11:39:12","modified_gmt":"2022-06-28T18:39:12","slug":"chuong-7-thong-tin-ve-moi-truong-it-han-che-nhat","status":"publish","type":"page","link":"https:\/\/serr.disabilityrightsca.org\/vi\/serr-manual\/chuong-7-thong-tin-ve-moi-truong-it-han-che-nhat\/","title":{"rendered":"Ch\u01b0\u01a1ng 7: Th\u00f4ng Tin v\u1ec1 M\u00f4i Tr\u01b0\u1eddng \u00cdt H\u1ea1n Ch\u1ebf Nh\u1ea5t"},"content":{"rendered":"\n<p><div class=\"print-fullchapter-wrap\"><div class=\"print-fullchapter\"><a href=\"https:\/\/serr.disabilityrightsca.org\/vi\/chapter-7-print\/\">In to\u00e0n b\u1ed9 ch\u01b0\u01a1ng<\/a><\/div><\/div><\/p>\n\n\n\n\n<div class=\"menu-chapter-7-container\"><ul id=\"menu-chapter-7\" class=\"menu\"><li id=\"menu-item-2256\" class=\"menu-item menu-item-type-post_type menu-item-object-page menu-item-2256\"><a href=\"https:\/\/serr.disabilityrightsca.org\/vi\/serr-manual\/chuong-7-thong-tin-ve-moi-truong-it-han-che-nhat\/7-1-moi-truong-it-han-che-nhat-least-restrictive-environment-lre-co-nghia-la-gi\/\">(7.1) M\u00f4i tr\u01b0\u1eddng \u00edt h\u1ea1n ch\u1ebf nh\u1ea5t (least restrictive environment, LRE) c\u00f3 ngh\u0129a l\u00e0 g\u00ec?<\/a><\/li>\n<li id=\"menu-item-2287\" class=\"menu-item menu-item-type-post_type menu-item-object-page menu-item-2287\"><a href=\"https:\/\/serr.disabilityrightsca.org\/vi\/serr-manual\/chuong-7-thong-tin-ve-moi-truong-it-han-che-nhat\/7-2-cac-thuat-ngu-long-ghep-hoa-nhap-hoa-nhap-hoan-toan-va-long-ghep-dao-nguoc-co-nghia-la-gi\/\">(7.2) C\u00e1c thu\u1eadt ng\u1eef \u201cl\u1ed3ng gh\u00e9p\u201d, \u201ch\u00f2a nh\u1eadp\u201d, \u201ch\u00f2a nh\u1eadp ho\u00e0n to\u00e0n\u201d v\u00e0 \u201cl\u1ed3ng gh\u00e9p \u0111\u1ea3o ng\u01b0\u1ee3c\u201d c\u00f3 ngh\u0129a l\u00e0 g\u00ec?<\/a><\/li>\n<li id=\"menu-item-2288\" class=\"menu-item menu-item-type-post_type menu-item-object-page menu-item-2288\"><a href=\"https:\/\/serr.disabilityrightsca.org\/vi\/serr-manual\/chuong-7-thong-tin-ve-moi-truong-it-han-che-nhat\/7-3-dau-la-cac-quy-dinh-lap-phap-chinh-cua-phap-luat-dua-tren-yeu-cau-ve-moi-truong-it-han-che-nhat\/\">(7.3) \u0110\u00e2u l\u00e0 c\u00e1c quy \u0111\u1ecbnh l\u1eadp ph\u00e1p ch\u00ednh c\u1ee7a ph\u00e1p lu\u1eadt d\u1ef1a tr\u00ean y\u00eau c\u1ea7u v\u1ec1 M\u00f4i Tr\u01b0\u1eddng \u00cdt H\u1ea1n Ch\u1ebf Nh\u1ea5t?<\/a><\/li>\n<li id=\"menu-item-2289\" class=\"menu-item menu-item-type-post_type menu-item-object-page menu-item-2289\"><a href=\"https:\/\/serr.disabilityrightsca.org\/vi\/serr-manual\/chuong-7-thong-tin-ve-moi-truong-it-han-che-nhat\/7-4-nhung-yeu-to-nao-co-the-dong-vai-tro-quan-trong-trong-viec-xac-dinh-lieu-con-toi-co-duoc-giao-duc-o-pham-vi-toi-da-phu-hop-voi-ban-be-khong-bi-khuyet-tat\/\">(7.4) Nh\u1eefng y\u1ebfu t\u1ed1 n\u00e0o c\u00f3 th\u1ec3 \u0111\u00f3ng vai tr\u00f2 quan tr\u1ecdng trong vi\u1ec7c x\u00e1c \u0111\u1ecbnh li\u1ec7u con t\u00f4i c\u00f3 \u0111\u01b0\u1ee3c gi\u00e1o d\u1ee5c \u1edf ph\u1ea1m vi t\u1ed1i \u0111a ph\u00f9 h\u1ee3p v\u1edbi b\u1ea1n b\u00e8 kh\u00f4ng b\u1ecb khuy\u1ebft t\u1eadt?<\/a><\/li>\n<li id=\"menu-item-2335\" class=\"menu-item menu-item-type-post_type menu-item-object-page menu-item-2335\"><a href=\"https:\/\/serr.disabilityrightsca.org\/vi\/serr-manual\/chuong-7-thong-tin-ve-moi-truong-it-han-che-nhat\/7-5-hoc-khu-co-phai-cung-cap-ho-tro-va-dich-vu-de-giup-con-toi-hoa-nhap-khong-dieu-gi-se-xay-ra-neu-hoc-khu-noi-rang-viec-cung-cap-cac-ho-tro-va-dich-vu-do-qua-ton-kem\/\">(7.5) H\u1ecdc khu c\u00f3 ph\u1ea3i cung c\u1ea5p h\u1ed7 tr\u1ee3 v\u00e0 d\u1ecbch v\u1ee5 \u0111\u1ec3 gi\u00fap con t\u00f4i h\u00f2a nh\u1eadp kh\u00f4ng? \u0110i\u1ec1u g\u00ec s\u1ebd x\u1ea3y ra n\u1ebfu h\u1ecdc khu n\u00f3i r\u1eb1ng vi\u1ec7c cung c\u1ea5p c\u00e1c h\u1ed7 tr\u1ee3 v\u00e0 d\u1ecbch v\u1ee5 \u0111\u00f3 qu\u00e1 t\u1ed1n k\u00e9m?<\/a><\/li>\n<li id=\"menu-item-2336\" class=\"menu-item menu-item-type-post_type menu-item-object-page menu-item-2336\"><a href=\"https:\/\/serr.disabilityrightsca.org\/vi\/serr-manual\/chuong-7-thong-tin-ve-moi-truong-it-han-che-nhat\/7-6-hoc-khu-noi-voi-toi-rang-con-toi-co-the-khong-duoc-hoa-nhap-vi-con-toi-khong-the-huong-loi-ve-mat-hoc-thuat-tu-viec-huong-dan-o-lop-hoc-thong-thuong-dieu-nay-co-dung-khong\/\">(7.6) H\u1ecdc khu n\u00f3i v\u1edbi t\u00f4i r\u1eb1ng con t\u00f4i c\u00f3 th\u1ec3 kh\u00f4ng \u0111\u01b0\u1ee3c h\u00f2a nh\u1eadp v\u00ec con t\u00f4i kh\u00f4ng th\u1ec3 h\u01b0\u1edfng l\u1ee3i v\u1ec1 m\u1eb7t h\u1ecdc thu\u1eadt t\u1eeb vi\u1ec7c h\u01b0\u1edbng d\u1eabn \u1edf l\u1edbp h\u1ecdc th\u00f4ng th\u01b0\u1eddng. \u0110i\u1ec1u n\u00e0y c\u00f3 \u0111\u00fang kh\u00f4ng?<\/a><\/li>\n<li id=\"menu-item-2337\" class=\"menu-item menu-item-type-post_type menu-item-object-page menu-item-2337\"><a href=\"https:\/\/serr.disabilityrightsca.org\/vi\/serr-manual\/chuong-7-thong-tin-ve-moi-truong-it-han-che-nhat\/7-7-7-hoc-khu-co-phai-can-nhac-su-dung-cac-ho-tro-va-dich-vu-bo-sung-trong-lop-hoc-thong-thuong-de-giai-quyet-hanh-vi-gay-roi-cua-con-toi-truoc-khi-dua-con-toi-vao-mot-moi-truong-han-che-hon-khong\/\">(7.7) 7.\tH\u1ecdc khu c\u00f3 ph\u1ea3i c\u00e2n nh\u1eafc s\u1eed d\u1ee5ng c\u00e1c h\u1ed7 tr\u1ee3 v\u00e0 d\u1ecbch v\u1ee5 b\u1ed5 sung trong l\u1edbp h\u1ecdc th\u00f4ng th\u01b0\u1eddng \u0111\u1ec3 gi\u1ea3i quy\u1ebft h\u00e0nh vi g\u00e2y r\u1ed1i c\u1ee7a con t\u00f4i tr\u01b0\u1edbc khi \u0111\u01b0a con t\u00f4i v\u00e0o m\u1ed9t m\u00f4i tr\u01b0\u1eddng h\u1ea1n ch\u1ebf h\u01a1n kh\u00f4ng?<\/a><\/li>\n<li id=\"menu-item-2338\" class=\"menu-item menu-item-type-post_type menu-item-object-page menu-item-2338\"><a href=\"https:\/\/serr.disabilityrightsca.org\/vi\/serr-manual\/chuong-7-thong-tin-ve-moi-truong-it-han-che-nhat\/7-8-toi-co-the-yeu-cau-nhung-dieu-nao-trong-phuong-thuc-cung-cap-ho-tro-va-dich-vu-bo-sung-de-ho-tro-con-toi-trong-lop-hoc-thong-thuong\/\">(7.8) T\u00f4i c\u00f3 th\u1ec3 y\u00eau c\u1ea7u nh\u1eefng \u0111i\u1ec1u n\u00e0o trong ph\u01b0\u01a1ng th\u1ee9c cung c\u1ea5p h\u1ed7 tr\u1ee3 v\u00e0 d\u1ecbch v\u1ee5 b\u1ed5 sung \u0111\u1ec3 h\u1ed7 tr\u1ee3 con t\u00f4i trong l\u1edbp h\u1ecdc th\u00f4ng th\u01b0\u1eddng?<\/a><\/li>\n<li id=\"menu-item-2339\" class=\"menu-item menu-item-type-post_type menu-item-object-page menu-item-2339\"><a href=\"https:\/\/serr.disabilityrightsca.org\/vi\/serr-manual\/chuong-7-thong-tin-ve-moi-truong-it-han-che-nhat\/7-9-neu-con-toi-khong-duoc-xep-vao-lop-hoc-thong-thuong-hoc-khu-co-bat-ky-nghia-vu-nao-ve-lre-lien-quan-den-chuong-trinh-giao-duc-cua-con-toi-khong\/\">(7.9) N\u1ebfu con t\u00f4i kh\u00f4ng \u0111\u01b0\u1ee3c x\u1ebfp v\u00e0o l\u1edbp h\u1ecdc th\u00f4ng th\u01b0\u1eddng, h\u1ecdc khu c\u00f3 b\u1ea5t k\u1ef3 ngh\u0129a v\u1ee5 n\u00e0o v\u1ec1 LRE li\u00ean quan \u0111\u1ebfn ch\u01b0\u01a1ng tr\u00ecnh gi\u00e1o d\u1ee5c c\u1ee7a con t\u00f4i kh\u00f4ng?<\/a><\/li>\n<li id=\"menu-item-2340\" class=\"menu-item menu-item-type-post_type menu-item-object-page menu-item-2340\"><a href=\"https:\/\/serr.disabilityrightsca.org\/vi\/serr-manual\/chuong-7-thong-tin-ve-moi-truong-it-han-che-nhat\/7-10-co-bat-ky-yeu-to-nao-ma-hoc-khu-co-the-khong-can-nhac-khi-xac-dinh-lre-cho-con-toi-khong\/\">(7.10) C\u00f3 b\u1ea5t k\u1ef3 y\u1ebfu t\u1ed1 n\u00e0o m\u00e0 h\u1ecdc khu c\u00f3 th\u1ec3 kh\u00f4ng c\u00e2n nh\u1eafc khi x\u00e1c \u0111\u1ecbnh LRE cho con t\u00f4i kh\u00f4ng?<\/a><\/li>\n<li id=\"menu-item-2341\" class=\"menu-item menu-item-type-post_type menu-item-object-page menu-item-2341\"><a href=\"https:\/\/serr.disabilityrightsca.org\/vi\/serr-manual\/chuong-7-thong-tin-ve-moi-truong-it-han-che-nhat\/7-11-neu-con-toi-khong-the-huong-loi-tu-chuong-trinh-hoc-tap-thong-thuong-con-toi-co-the-tham-gia-vao-cac-chuong-trinh-khac-cua-nha-truong-khong\/\">(7.11) N\u1ebfu con t\u00f4i kh\u00f4ng th\u1ec3 h\u01b0\u1edfng l\u1ee3i t\u1eeb ch\u01b0\u01a1ng tr\u00ecnh h\u1ecdc t\u1eadp th\u00f4ng th\u01b0\u1eddng, con t\u00f4i c\u00f3 th\u1ec3 tham gia v\u00e0o c\u00e1c ch\u01b0\u01a1ng tr\u00ecnh kh\u00e1c c\u1ee7a nh\u00e0 tr\u01b0\u1eddng kh\u00f4ng?<\/a><\/li>\n<li id=\"menu-item-2342\" class=\"menu-item menu-item-type-post_type menu-item-object-page menu-item-2342\"><a href=\"https:\/\/serr.disabilityrightsca.org\/vi\/serr-manual\/chuong-7-thong-tin-ve-moi-truong-it-han-che-nhat\/7-12-khi-phat-trin-iep-ca-con-toi-bng-cach-nao-toi-co-th-da-vao-iep-cac-dch-v-va-vic-xp-lp-trong-moi-trng-it-hn-ch-nht-lam-th-nao-d-nhom-iep-co-th-vit-ra-diu-nay-mt-cach-c-th\/\">(7.12) Khi ph\u00e1t tri\u1ec3n IEP c\u1ee7a con t\u00f4i, b\u1eb1ng c\u00e1ch n\u00e0o t\u00f4i c\u00f3 th\u1ec3 \u0111\u01b0a v\u00e0o IEP c\u00e1c d\u1ecbch v\u1ee5 v\u00e0 vi\u1ec7c x\u1ebfp l\u1edbp trong m\u00f4i tr\u01b0\u1eddng \u00edt h\u1ea1n ch\u1ebf nh\u1ea5t? L\u00e0m th\u1ebf n\u00e0o \u0111\u1ec3 nh\u00f3m IEP c\u00f3 th\u1ec3 vi\u1ebft ra \u0111i\u1ec1u n\u00e0y m\u1ed9t c\u00e1ch c\u1ee5 th\u1ec3?<\/a><\/li>\n<li id=\"menu-item-2343\" class=\"menu-item menu-item-type-post_type menu-item-object-page menu-item-2343\"><a href=\"https:\/\/serr.disabilityrightsca.org\/vi\/serr-manual\/chuong-7-thong-tin-ve-moi-truong-it-han-che-nhat\/7-13-nhom-iep-co-the-dieu-chinh-cac-hoat-dong-va-chuong-trinh-giang-day-trong-lop-hoc-giao-duc-pho-thong-cua-con-toi-nhu-the-nao\/\">(7.13) Nh\u00f3m IEP c\u00f3 th\u1ec3 \u0111i\u1ec1u ch\u1ec9nh c\u00e1c ho\u1ea1t \u0111\u1ed9ng v\u00e0 ch\u01b0\u01a1ng tr\u00ecnh gi\u1ea3ng d\u1ea1y trong l\u1edbp h\u1ecdc gi\u00e1o d\u1ee5c ph\u1ed5 th\u00f4ng c\u1ee7a con t\u00f4i nh\u01b0 th\u1ebf n\u00e0o?<\/a><\/li>\n<li id=\"menu-item-2344\" class=\"menu-item menu-item-type-post_type menu-item-object-page menu-item-2344\"><a href=\"https:\/\/serr.disabilityrightsca.org\/vi\/serr-manual\/chuong-7-thong-tin-ve-moi-truong-it-han-che-nhat\/7-14-iep-cua-con-toi-co-mo-rong-hoat-dong-hoa-nhap-vao-cong-dong-khong\/\">(7.14) IEP c\u1ee7a con t\u00f4i c\u00f3 m\u1edf r\u1ed9ng ho\u1ea1t \u0111\u1ed9ng h\u00f2a nh\u1eadp v\u00e0o c\u1ed9ng  \u0111\u1ed3ng kh\u00f4ng?<\/a><\/li>\n<li id=\"menu-item-2345\" class=\"menu-item menu-item-type-post_type menu-item-object-page menu-item-2345\"><a href=\"https:\/\/serr.disabilityrightsca.org\/vi\/serr-manual\/chuong-7-thong-tin-ve-moi-truong-it-han-che-nhat\/7-15-dieu-gi-se-xay-ra-neu-hoc-khu-chi-xep-lop-cho-con-toi-vao-trung-tam-dac-biet-danh-cho-hoc-sinh-khuyet-tat-do-hat-dieu-hanh\/\">(7.15) \u0110i\u1ec1u g\u00ec s\u1ebd x\u1ea3y ra n\u1ebfu h\u1ecdc khu ch\u1ec9 x\u1ebfp l\u1edbp cho con t\u00f4i v\u00e0o trung t\u00e2m \u0111\u1eb7c bi\u1ec7t d\u00e0nh cho h\u1ecdc sinh khuy\u1ebft t\u1eadt do h\u1ea1t \u0111i\u1ec1u h\u00e0nh?<\/a><\/li>\n<li id=\"menu-item-2346\" class=\"menu-item menu-item-type-post_type menu-item-object-page menu-item-2346\"><a href=\"https:\/\/serr.disabilityrightsca.org\/vi\/serr-manual\/chuong-7-thong-tin-ve-moi-truong-it-han-che-nhat\/7-16-hoc-sinh-khong-bi-khuyet-tat-cung-co-the-duoc-huong-loi-tu-cac-dich-vu-cung-cap-cho-hoc-sinh-khuyet-tat-trong-lop-hoc-giao-duc-pho-thong-phai-khong\/\">(7.16) H\u1ecdc sinh kh\u00f4ng b\u1ecb khuy\u1ebft t\u1eadt c\u0169ng c\u00f3 th\u1ec3 \u0111\u01b0\u1ee3c h\u01b0\u1edfng l\u1ee3i t\u1eeb c\u00e1c d\u1ecbch v\u1ee5 cung c\u1ea5p cho h\u1ecdc sinh khuy\u1ebft t\u1eadt trong l\u1edbp h\u1ecdc gi\u00e1o d\u1ee5c ph\u1ed5 th\u00f4ng ph\u1ea3i kh\u00f4ng?<\/a><\/li>\n<li id=\"menu-item-2347\" class=\"menu-item menu-item-type-post_type menu-item-object-page menu-item-2347\"><a href=\"https:\/\/serr.disabilityrightsca.org\/vi\/serr-manual\/chuong-7-thong-tin-ve-moi-truong-it-han-che-nhat\/7-17-ban-chat-hoac-muc-do-nghiem-trong-cua-tinh-trang-khuyet-tat-cua-con-toi-co-the-duoc-su-dung-de-bien-minh-cho-moi-truong-giao-duc-tach-biet-khong\/\">(7.17) B\u1ea3n ch\u1ea5t ho\u1eb7c m\u1ee9c \u0111\u1ed9 nghi\u00eam tr\u1ecdng c\u1ee7a t\u00ecnh tr\u1ea1ng khuy\u1ebft t\u1eadt c\u1ee7a con t\u00f4i c\u00f3 th\u1ec3 \u0111\u01b0\u1ee3c s\u1eed d\u1ee5ng \u0111\u1ec3 bi\u1ec7n minh cho m\u00f4i tr\u01b0\u1eddng gi\u00e1o d\u1ee5c t\u00e1ch bi\u1ec7t kh\u00f4ng?<\/a><\/li>\n<li id=\"menu-item-2348\" class=\"menu-item menu-item-type-post_type menu-item-object-page menu-item-2348\"><a href=\"https:\/\/serr.disabilityrightsca.org\/vi\/serr-manual\/chuong-7-thong-tin-ve-moi-truong-it-han-che-nhat\/7-18-lre-co-ap-dung-cho-hoc-sinh-trong-cac-to-chuc-cong-co-so-noi-tru-hoac-truong-hoc-ngoai-cong-lap-khong\/\">(7.18) \u201cLRE\u201d c\u00f3 \u00e1p d\u1ee5ng cho h\u1ecdc sinh trong c\u00e1c t\u1ed5 ch\u1ee9c c\u00f4ng, c\u01a1 s\u1edf n\u1ed9i tr\u00fa ho\u1eb7c tr\u01b0\u1eddng h\u1ecdc ngo\u00e0i c\u00f4ng l\u1eadp kh\u00f4ng?<\/a><\/li>\n<li id=\"menu-item-2349\" class=\"menu-item menu-item-type-post_type menu-item-object-page menu-item-2349\"><a href=\"https:\/\/serr.disabilityrightsca.org\/vi\/serr-manual\/chuong-7-thong-tin-ve-moi-truong-it-han-che-nhat\/7-19-nghia-vu-cua-nhan-vien-giao-duc-thong-thuong-trong-viec-cung-cap-cac-co-hoi-hoa-nhap-hoa-nhap-hoan-toan-va-long-ghep-la-gi\/\">(7.19) Ngh\u0129a v\u1ee5 c\u1ee7a nh\u00e2n vi\u00ean gi\u00e1o d\u1ee5c th\u00f4ng th\u01b0\u1eddng trong vi\u1ec7c cung c\u1ea5p c\u00e1c c\u01a1 h\u1ed9i h\u00f2a nh\u1eadp, h\u00f2a nh\u1eadp ho\u00e0n to\u00e0n v\u00e0 l\u1ed3ng gh\u00e9p l\u00e0 g\u00ec?<\/a><\/li>\n<li id=\"menu-item-2350\" class=\"menu-item menu-item-type-post_type menu-item-object-page menu-item-2350\"><a href=\"https:\/\/serr.disabilityrightsca.org\/vi\/serr-manual\/chuong-7-thong-tin-ve-moi-truong-it-han-che-nhat\/7-20-hoc-khu-co-nen-cung-cap-ho-tro-va-tro-giup-cho-giao-vien-giao-duc-pho-thong-giao-vien-giao-duc-dac-biet-hoac-nhan-vien-khac-ho-tro-con-toi-khong\/\">(7.20) H\u1ecdc khu c\u00f3 n\u00ean cung c\u1ea5p h\u1ed7 tr\u1ee3 v\u00e0 tr\u1ee3 gi\u00fap cho gi\u00e1o vi\u00ean gi\u00e1o d\u1ee5c ph\u1ed5 th\u00f4ng, gi\u00e1o vi\u00ean gi\u00e1o d\u1ee5c \u0111\u1eb7c bi\u1ec7t ho\u1eb7c nh\u00e2n vi\u00ean kh\u00e1c h\u1ed7 tr\u1ee3 con t\u00f4i kh\u00f4ng?<\/a><\/li>\n<li id=\"menu-item-2351\" class=\"menu-item menu-item-type-post_type menu-item-object-page menu-item-2351\"><a href=\"https:\/\/serr.disabilityrightsca.org\/vi\/serr-manual\/chuong-7-thong-tin-ve-moi-truong-it-han-che-nhat\/7-21-dieu-gi-se-xay-ra-neu-khong-co-giao-vien-giao-duc-thong-thuong-san-sang-hoac-phu-hop-de-day-con-toi\/\">(7.21) \u0110i\u1ec1u g\u00ec s\u1ebd x\u1ea3y ra n\u1ebfu kh\u00f4ng c\u00f3 gi\u00e1o vi\u00ean gi\u00e1o d\u1ee5c th\u00f4ng th\u01b0\u1eddng s\u1eb5n s\u00e0ng ho\u1eb7c ph\u00f9 h\u1ee3p \u0111\u1ec3 d\u1ea1y con t\u00f4i?<\/a><\/li>\n<li id=\"menu-item-2352\" class=\"menu-item menu-item-type-post_type menu-item-object-page menu-item-2352\"><a href=\"https:\/\/serr.disabilityrightsca.org\/vi\/serr-manual\/chuong-7-thong-tin-ve-moi-truong-it-han-che-nhat\/7-22-neu-toi-nghi-rang-quyen-duoc-giao-duc-trong-moi-truong-it-han-che-nhat-cua-con-toi-bi-tu-choi-toi-co-the-lam-gi\/\">(7.22) N\u1ebfu t\u00f4i ngh\u0129 r\u1eb1ng quy\u1ec1n \u0111\u01b0\u1ee3c gi\u00e1o d\u1ee5c trong m\u00f4i tr\u01b0\u1eddng \u00edt h\u1ea1n ch\u1ebf nh\u1ea5t c\u1ee7a con t\u00f4i b\u1ecb t\u1eeb ch\u1ed1i, t\u00f4i c\u00f3 th\u1ec3 l\u00e0m g\u00ec?<\/a><\/li>\n<li id=\"menu-item-2353\" class=\"menu-item menu-item-type-post_type menu-item-object-page menu-item-2353\"><a href=\"https:\/\/serr.disabilityrightsca.org\/vi\/serr-manual\/chuong-7-thong-tin-ve-moi-truong-it-han-che-nhat\/7-23-bang-cach-nao-toi-co-the-dam-bao-duoc-rang-hoc-khu-cua-con-toi-co-mo-hinh-hieu-qua-ve-cac-dich-vu-hoa-nhap-danh-cho-tat-ca-hoc-sinh-khuyet-tat\/\">(7.23) B\u1eb1ng c\u00e1ch n\u00e0o t\u00f4i c\u00f3 th\u1ec3 \u0111\u1ea3m b\u1ea3o \u0111\u01b0\u1ee3c r\u1eb1ng h\u1ecdc khu c\u1ee7a con t\u00f4i c\u00f3 m\u00f4 h\u00ecnh hi\u1ec7u qu\u1ea3 v\u1ec1 c\u00e1c d\u1ecbch v\u1ee5 h\u00f2a nh\u1eadp d\u00e0nh cho t\u1ea5t c\u1ea3 h\u1ecdc sinh khuy\u1ebft t\u1eadt?<\/a><\/li>\n<li id=\"menu-item-2354\" class=\"menu-item menu-item-type-post_type menu-item-object-page menu-item-2354\"><a href=\"https:\/\/serr.disabilityrightsca.org\/vi\/serr-manual\/chuong-7-thong-tin-ve-moi-truong-it-han-che-nhat\/7-24-dieu-gi-se-xay-ra-neu-hoc-khu-noi-voi-toi-rang-con-toi-chi-co-the-nhan-cac-dich-vu-lien-quan-neu-con-toi-theo-hoc-o-co-so-tach-biet\/\">(7.24) \u0110i\u1ec1u g\u00ec s\u1ebd x\u1ea3y ra n\u1ebfu h\u1ecdc khu n\u00f3i v\u1edbi t\u00f4i r\u1eb1ng con t\u00f4i ch\u1ec9 c\u00f3 th\u1ec3 nh\u1eadn c\u00e1c d\u1ecbch v\u1ee5 li\u00ean quan n\u1ebfu con t\u00f4i theo h\u1ecdc \u1edf c\u01a1 s\u1edf t\u00e1ch bi\u1ec7t?<\/a><\/li>\n<li id=\"menu-item-2355\" class=\"menu-item menu-item-type-post_type menu-item-object-page menu-item-2355\"><a href=\"https:\/\/serr.disabilityrightsca.org\/vi\/serr-manual\/chuong-7-thong-tin-ve-moi-truong-it-han-che-nhat\/7-25-con-toi-co-the-tham-gia-lop-hoc-nguon-luc-trong-hau-het-ca-ngay-ma-van-tham-gia-vao-lop-hoc-thong-thuong-khong\/\">(7.25) Con t\u00f4i c\u00f3 th\u1ec3 tham gia \u201cl\u1edbp h\u1ecdc ngu\u1ed3n l\u1ef1c\u201d trong h\u1ea7u h\u1ebft c\u1ea3 ng\u00e0y m\u00e0 v\u1eabn tham gia v\u00e0o l\u1edbp h\u1ecdc th\u00f4ng th\u01b0\u1eddng kh\u00f4ng?<\/a><\/li>\n<li id=\"menu-item-2356\" class=\"menu-item menu-item-type-post_type menu-item-object-page menu-item-2356\"><a href=\"https:\/\/serr.disabilityrightsca.org\/vi\/serr-manual\/chuong-7-thong-tin-ve-moi-truong-it-han-che-nhat\/7-26-yeu-cau-ve-lre-co-ap-dung-cho-tre-trong-do-tuoi-mau-giao-khong-neu-hoc-khu-cua-toi-khong-cung-cap-bat-ky-truong-mau-giao-nao-cho-tre-khong-bi-khuyet-tat-lieu-con-toi-co-the-hoa-nhap-voi-bat-k\/\">(7.26) Y\u00eau c\u1ea7u v\u1ec1 LRE c\u00f3 \u00e1p d\u1ee5ng cho tr\u1ebb trong \u0111\u1ed9 tu\u1ed5i m\u1eabu gi\u00e1o kh\u00f4ng? N\u1ebfu h\u1ecdc khu c\u1ee7a t\u00f4i kh\u00f4ng cung c\u1ea5p b\u1ea5t k\u1ef3 tr\u01b0\u1eddng m\u1eabu gi\u00e1o n\u00e0o cho tr\u1ebb kh\u00f4ng b\u1ecb khuy\u1ebft t\u1eadt, li\u1ec7u con t\u00f4i c\u00f3 th\u1ec3 h\u00f2a nh\u1eadp v\u1edbi b\u1ea5t k\u1ef3 tr\u1ebb kh\u00f4ng b\u1ecb khuy\u1ebft t\u1eadt n\u00e0o kh\u00f4ng?<\/a><\/li>\n<li id=\"menu-item-2357\" class=\"menu-item menu-item-type-post_type menu-item-object-page menu-item-2357\"><a href=\"https:\/\/serr.disabilityrightsca.org\/vi\/serr-manual\/chuong-7-thong-tin-ve-moi-truong-it-han-che-nhat\/7-27-con-toi-dang-chuyen-tiep-tu-chuong-trinh-giao-duc-dac-biet-cua-truong-trung-hoc-sang-cac-co-hoi-chuong-trinh-truong-thanh-hon-cac-yeu-cau-ve-lre-cung-ap-dung-cho-hoc-sinh-trong-do-tuoi-chuyen\/\">(7.27) Con t\u00f4i \u0111ang chuy\u1ec3n ti\u1ebfp t\u1eeb ch\u01b0\u01a1ng tr\u00ecnh gi\u00e1o d\u1ee5c \u0111\u1eb7c bi\u1ec7t c\u1ee7a tr\u01b0\u1eddng trung h\u1ecdc sang c\u00e1c c\u01a1 h\u1ed9i ch\u01b0\u01a1ng tr\u00ecnh tr\u01b0\u1edfng th\u00e0nh h\u01a1n. C\u00e1c y\u00eau c\u1ea7u v\u1ec1 LRE c\u0169ng \u00e1p d\u1ee5ng cho h\u1ecdc sinh trong \u0111\u1ed9 tu\u1ed5i chuy\u1ec3n ti\u1ebfp ph\u1ea3i kh\u00f4ng?<\/a><\/li>\n<li id=\"menu-item-2358\" class=\"menu-item menu-item-type-post_type menu-item-object-page menu-item-2358\"><a href=\"https:\/\/serr.disabilityrightsca.org\/vi\/serr-manual\/chuong-7-thong-tin-ve-moi-truong-it-han-che-nhat\/7-28-con-toi-duoc-hoa-nhap-vao-lop-hoc-thong-thuong-trong-nam-hoc-thong-thuong-vay-chuong-trinh-hoa-nhap-do-co-ap-dung-trong-nam-hoc-keo-dai-khong\/\">(7.28) Con t\u00f4i \u0111\u01b0\u1ee3c h\u00f2a nh\u1eadp v\u00e0o l\u1edbp h\u1ecdc th\u00f4ng th\u01b0\u1eddng trong n\u0103m h\u1ecdc th\u00f4ng th\u01b0\u1eddng. V\u1eady ch\u01b0\u01a1ng tr\u00ecnh h\u00f2a nh\u1eadp \u0111\u00f3 c\u00f3 \u00e1p d\u1ee5ng trong \u201cn\u0103m h\u1ecdc k\u00e9o d\u00e0i\u201d kh\u00f4ng?<\/a><\/li>\n<li id=\"menu-item-2359\" class=\"menu-item menu-item-type-post_type menu-item-object-page menu-item-2359\"><a href=\"https:\/\/serr.disabilityrightsca.org\/vi\/serr-manual\/chuong-7-thong-tin-ve-moi-truong-it-han-che-nhat\/7-29-phu-huynh-dong-vai-tro-gi-trong-viec-xac-dinh-viec-xep-lop-hoc-cua-tre\/\">(7.29) Ph\u1ee5 huynh \u0111\u00f3ng vai tr\u00f2 g\u00ec trong vi\u1ec7c x\u00e1c \u0111\u1ecbnh vi\u1ec7c x\u1ebfp l\u1edbp h\u1ecdc c\u1ee7a tr\u1ebb?<\/a><\/li>\n<li id=\"menu-item-2360\" class=\"menu-item menu-item-type-post_type menu-item-object-page menu-item-2360\"><a href=\"https:\/\/serr.disabilityrightsca.org\/vi\/serr-manual\/chuong-7-thong-tin-ve-moi-truong-it-han-che-nhat\/7-30-toi-can-biet-gi-neu-con-toi-phai-nhan-duoc-chuong-trinh-giao-duc-tai-nha-hoac-trong-benh-vien\/\">(7.30) T\u00f4i c\u1ea7n bi\u1ebft g\u00ec n\u1ebfu con t\u00f4i ph\u1ea3i nh\u1eadn \u0111\u01b0\u1ee3c ch\u01b0\u01a1ng tr\u00ecnh gi\u00e1o d\u1ee5c t\u1ea1i nh\u00e0 ho\u1eb7c trong b\u1ec7nh vi\u1ec7n?<\/a><\/li>\n<\/ul><\/div>\n","protected":false},"excerpt":{"rendered":"<p>In to\u00e0n b\u1ed9 ch\u01b0\u01a1ng<\/p>\n","protected":false},"author":1,"featured_media":0,"parent":326,"menu_order":7,"comment_status":"closed","ping_status":"closed","template":"","meta":{"footnotes":""},"class_list":["post-339","page","type-page","status-publish","hentry"],"_links":{"self":[{"href":"https:\/\/serr.disabilityrightsca.org\/vi\/wp-json\/wp\/v2\/pages\/339","targetHints":{"allow":["GET"]}}],"collection":[{"href":"https:\/\/serr.disabilityrightsca.org\/vi\/wp-json\/wp\/v2\/pages"}],"about":[{"href":"https:\/\/serr.disabilityrightsca.org\/vi\/wp-json\/wp\/v2\/types\/page"}],"author":[{"embeddable":true,"href":"https:\/\/serr.disabilityrightsca.org\/vi\/wp-json\/wp\/v2\/users\/1"}],"replies":[{"embeddable":true,"href":"https:\/\/serr.disabilityrightsca.org\/vi\/wp-json\/wp\/v2\/comments?post=339"}],"version-history":[{"count":4,"href":"https:\/\/serr.disabilityrightsca.org\/vi\/wp-json\/wp\/v2\/pages\/339\/revisions"}],"predecessor-version":[{"id":4427,"href":"https:\/\/serr.disabilityrightsca.org\/vi\/wp-json\/wp\/v2\/pages\/339\/revisions\/4427"}],"up":[{"embeddable":true,"href":"https:\/\/serr.disabilityrightsca.org\/vi\/wp-json\/wp\/v2\/pages\/326"}],"wp:attachment":[{"href":"https:\/\/serr.disabilityrightsca.org\/vi\/wp-json\/wp\/v2\/media?parent=339"}],"curies":[{"name":"wp","href":"https:\/\/api.w.org\/{rel}","templated":true}]}}