{"id":343,"date":"2019-06-06T15:40:27","date_gmt":"2019-06-06T22:40:27","guid":{"rendered":"http:\/\/www.rula.disabilityrightsca.org\/serr\/vi\/?page_id=343"},"modified":"2022-06-28T11:40:19","modified_gmt":"2022-06-28T18:40:19","slug":"chuong-8-thong-tin-ve-ky-luat-hoc-sinh-khuyet-tat","status":"publish","type":"page","link":"https:\/\/serr.disabilityrightsca.org\/vi\/serr-manual\/chuong-8-thong-tin-ve-ky-luat-hoc-sinh-khuyet-tat\/","title":{"rendered":"Ch\u01b0\u01a1ng 8: Th\u00f4ng Tin v\u1ec1 K\u1ef7 Lu\u1eadt H\u1ecdc Sinh Khuy\u1ebft T\u1eadt"},"content":{"rendered":"\n<p><div class=\"print-fullchapter-wrap\"><div class=\"print-fullchapter\"><a href=\"https:\/\/serr.disabilityrightsca.org\/vi\/chapter-8-print\/\">In to\u00e0n b\u1ed9 ch\u01b0\u01a1ng<\/a><\/div><\/div><\/p>\n\n\n\n\n<div class=\"menu-chapter-8-container\"><ul id=\"menu-chapter-8\" class=\"menu\"><li id=\"menu-item-2399\" class=\"menu-item menu-item-type-post_type menu-item-object-page menu-item-2399\"><a href=\"https:\/\/serr.disabilityrightsca.org\/vi\/serr-manual\/chuong-8-thong-tin-ve-ky-luat-hoc-sinh-khuyet-tat\/8-1-dua-con-bi-khuyet-tat-cua-toi-co-duoc-doi-xu-theo-luat-giong-nhu-tre-khong-khuyet-tat-neu-con-toi-bi-dinh-chi-hoac-duoi-hoc-khong\/\">(8.1) \u0110\u1ee9a con b\u1ecb khuy\u1ebft t\u1eadt c\u1ee7a t\u00f4i c\u00f3 \u0111\u01b0\u1ee3c \u0111\u1ed1i x\u1eed theo lu\u1eadt gi\u1ed1ng nh\u01b0 tr\u1ebb kh\u00f4ng khuy\u1ebft t\u1eadt n\u1ebfu con t\u00f4i b\u1ecb \u0111\u00ecnh ch\u1ec9 ho\u1eb7c \u0111u\u1ed5i h\u1ecdc kh\u00f4ng?<\/a><\/li>\n<li id=\"menu-item-2462\" class=\"menu-item menu-item-type-post_type menu-item-object-page menu-item-2462\"><a href=\"https:\/\/serr.disabilityrightsca.org\/vi\/serr-manual\/chuong-8-thong-tin-ve-ky-luat-hoc-sinh-khuyet-tat\/8-2-nhung-hanh-vi-nao-co-the-khien-ca-hoc-sinh-binh-thuong-va-hoc-sinh-giao-duc-dac-biet-bi-dinh-chi-hoac-duoi-hoc\/\">(8.2) Nh\u1eefng h\u00e0nh vi n\u00e0o c\u00f3 th\u1ec3 khi\u1ebfn c\u1ea3 h\u1ecdc sinh b\u00ecnh th\u01b0\u1eddng v\u00e0 h\u1ecdc sinh gi\u00e1o d\u1ee5c \u0111\u1eb7c bi\u1ec7t b\u1ecb \u0111\u00ecnh ch\u1ec9 ho\u1eb7c \u0111u\u1ed5i h\u1ecdc?<\/a><\/li>\n<li id=\"menu-item-2463\" class=\"menu-item menu-item-type-post_type menu-item-object-page menu-item-2463\"><a href=\"https:\/\/serr.disabilityrightsca.org\/vi\/serr-manual\/chuong-8-thong-tin-ve-ky-luat-hoc-sinh-khuyet-tat\/8-3-hoc-khu-co-the-su-dung-giai-phap-thay-the-cho-dinh-chi-hoac-duoi-hoc-khong\/\">(8.3) H\u1ecdc khu c\u00f3 th\u1ec3 s\u1eed d\u1ee5ng gi\u1ea3i ph\u00e1p thay th\u1ebf cho \u0111\u00ecnh ch\u1ec9 ho\u1eb7c \u0111u\u1ed5i h\u1ecdc kh\u00f4ng?<\/a><\/li>\n<li id=\"menu-item-2464\" class=\"menu-item menu-item-type-post_type menu-item-object-page menu-item-2464\"><a href=\"https:\/\/serr.disabilityrightsca.org\/vi\/serr-manual\/chuong-8-thong-tin-ve-ky-luat-hoc-sinh-khuyet-tat\/8-4-nhung-hanh-vi-nao-khien-hoc-khu-phai-de-xuat-duoi-hoc-hoc-sinh\/\">(8.4) Nh\u1eefng h\u00e0nh vi n\u00e0o khi\u1ebfn h\u1ecdc khu ph\u1ea3i \u0111\u1ec1 xu\u1ea5t \u0111u\u1ed5i h\u1ecdc h\u1ecdc sinh?<\/a><\/li>\n<li id=\"menu-item-2465\" class=\"menu-item menu-item-type-post_type menu-item-object-page menu-item-2465\"><a href=\"https:\/\/serr.disabilityrightsca.org\/vi\/serr-manual\/chuong-8-thong-tin-ve-ky-luat-hoc-sinh-khuyet-tat\/8-5-dieu-gi-se-xay-ra-neu-con-toi-bi-dinh-chi\/\">(8.5) \u0110i\u1ec1u g\u00ec s\u1ebd x\u1ea3y ra n\u1ebfu con t\u00f4i b\u1ecb \u0111\u00ecnh ch\u1ec9?<\/a><\/li>\n<li id=\"menu-item-2466\" class=\"menu-item menu-item-type-post_type menu-item-object-page menu-item-2466\"><a href=\"https:\/\/serr.disabilityrightsca.org\/vi\/serr-manual\/chuong-8-thong-tin-ve-ky-luat-hoc-sinh-khuyet-tat\/8-6-con-toi-co-the-duoc-yeu-cau-chap-hanh-dinh-chi-o-truong-khong\/\">(8.6) Con t\u00f4i c\u00f3 th\u1ec3 \u0111\u01b0\u1ee3c y\u00eau c\u1ea7u ch\u1ea5p h\u00e0nh \u0111\u00ecnh ch\u1ec9 \u1edf tr\u01b0\u1eddng kh\u00f4ng?<\/a><\/li>\n<li id=\"menu-item-2467\" class=\"menu-item menu-item-type-post_type menu-item-object-page menu-item-2467\"><a href=\"https:\/\/serr.disabilityrightsca.org\/vi\/serr-manual\/chuong-8-thong-tin-ve-ky-luat-hoc-sinh-khuyet-tat\/8-7-trong-nhung-truong-hop-nao-dua-con-khuyet-tat-cua-toi-co-the-bi-dinh-chi-hoac-duoi-hoc\/\">(8.7) Trong nh\u1eefng tr\u01b0\u1eddng h\u1ee3p n\u00e0o, \u0111\u1ee9a con khuy\u1ebft t\u1eadt c\u1ee7a t\u00f4i c\u00f3 th\u1ec3 b\u1ecb \u0111\u00ecnh ch\u1ec9 ho\u1eb7c \u0111u\u1ed5i h\u1ecdc?<\/a><\/li>\n<li id=\"menu-item-2468\" class=\"menu-item menu-item-type-post_type menu-item-object-page menu-item-2468\"><a href=\"https:\/\/serr.disabilityrightsca.org\/vi\/serr-manual\/chuong-8-thong-tin-ve-ky-luat-hoc-sinh-khuyet-tat\/8-8-cuoc-hop-xac-dinh-bieu-hien-la-gi\/\">(8.8) Cu\u1ed9c h\u1ecdp \u201cx\u00e1c \u0111\u1ecbnh bi\u1ec3u hi\u1ec7n\u201d l\u00e0 g\u00ec?<\/a><\/li>\n<li id=\"menu-item-2469\" class=\"menu-item menu-item-type-post_type menu-item-object-page menu-item-2469\"><a href=\"https:\/\/serr.disabilityrightsca.org\/vi\/serr-manual\/chuong-8-thong-tin-ve-ky-luat-hoc-sinh-khuyet-tat\/8-9-lam-the-nao-de-toi-chuan-bi-cho-cuoc-hop-xac-dinh-bieu-hien\/\">(8.9) L\u00e0m th\u1ebf n\u00e0o \u0111\u1ec3 t\u00f4i chu\u1ea9n b\u1ecb cho cu\u1ed9c h\u1ecdp x\u00e1c \u0111\u1ecbnh bi\u1ec3u hi\u1ec7n?<\/a><\/li>\n<li id=\"menu-item-2470\" class=\"menu-item menu-item-type-post_type menu-item-object-page menu-item-2470\"><a href=\"https:\/\/serr.disabilityrightsca.org\/vi\/serr-manual\/chuong-8-thong-tin-ve-ky-luat-hoc-sinh-khuyet-tat\/8-10-neu-toi-khong-dong-y-voi-de-xuat-cua-nhom-iep-xac-dinh-bieu-hien-ve-viec-duoi-hoc-con-toi-toi-co-the-phan-doi-de-xuat-khong\/\">(8.10) N\u1ebfu t\u00f4i kh\u00f4ng \u0111\u1ed3ng \u00fd v\u1edbi \u0111\u1ec1 xu\u1ea5t c\u1ee7a nh\u00f3m IEP x\u00e1c \u0111\u1ecbnh bi\u1ec3u hi\u1ec7n v\u1ec1 vi\u1ec7c \u0111u\u1ed5i h\u1ecdc con t\u00f4i, t\u00f4i c\u00f3 th\u1ec3 ph\u1ea3n \u0111\u1ed1i \u0111\u1ec1 xu\u1ea5t kh\u00f4ng?<\/a><\/li>\n<li id=\"menu-item-2471\" class=\"menu-item menu-item-type-post_type menu-item-object-page menu-item-2471\"><a href=\"https:\/\/serr.disabilityrightsca.org\/vi\/serr-manual\/chuong-8-thong-tin-ve-ky-luat-hoc-sinh-khuyet-tat\/8-11-co-bat-ky-truong-hop-nao-ma-trong-do-truong-hoc-co-the-thay-doi-ngay-viec-xep-lop-cho-con-toi-khong\/\">(8.11) Are there any circumstances under which a school can change my child&#8217;s placement immediately?<\/a><\/li>\n<li id=\"menu-item-2472\" class=\"menu-item menu-item-type-post_type menu-item-object-page menu-item-2472\"><a href=\"https:\/\/serr.disabilityrightsca.org\/vi\/serr-manual\/chuong-8-thong-tin-ve-ky-luat-hoc-sinh-khuyet-tat\/8-12-hoc-khu-da-chuyen-con-toi-vao-lop-hoc-moi-vi-ly-do-ky-luat-day-co-phai-la-viec-thay-doi-xep-lop-can-den-cuoc-hop-iep-khong\/\">(8.12) H\u1ecdc khu \u0111\u00e3 chuy\u1ec3n con t\u00f4i v\u00e0o l\u1edbp h\u1ecdc m\u1edbi v\u00ec l\u00fd do k\u1ef7 lu\u1eadt.  \u0110\u00e2y c\u00f3 ph\u1ea3i l\u00e0 \u201cvi\u1ec7c thay \u0111\u1ed5i x\u1ebfp l\u1edbp\u201d c\u1ea7n \u0111\u1ebfn cu\u1ed9c h\u1ecdp IEP kh\u00f4ng?<\/a><\/li>\n<li id=\"menu-item-2473\" class=\"menu-item menu-item-type-post_type menu-item-object-page menu-item-2473\"><a href=\"https:\/\/serr.disabilityrightsca.org\/vi\/serr-manual\/chuong-8-thong-tin-ve-ky-luat-hoc-sinh-khuyet-tat\/8-13-hoc-khu-co-phai-tiep-tuc-cung-cap-dich-vu-giao-duc-dac-biet-cho-con-toi-neu-con-toi-bi-dinh-chi-trong-hon-10-ngay-hoac-neu-con-toi-bi-duoi-hoc-khong\/\">(8.13) H\u1ecdc khu c\u00f3 ph\u1ea3i ti\u1ebfp t\u1ee5c cung c\u1ea5p d\u1ecbch v\u1ee5 gi\u00e1o d\u1ee5c \u0111\u1eb7c bi\u1ec7t cho con t\u00f4i n\u1ebfu con t\u00f4i b\u1ecb \u0111\u00ecnh ch\u1ec9 trong h\u01a1n 10 ng\u00e0y ho\u1eb7c n\u1ebfu con t\u00f4i b\u1ecb \u0111u\u1ed5i h\u1ecdc kh\u00f4ng?<\/a><\/li>\n<li id=\"menu-item-2474\" class=\"menu-item menu-item-type-post_type menu-item-object-page menu-item-2474\"><a href=\"https:\/\/serr.disabilityrightsca.org\/vi\/serr-manual\/chuong-8-thong-tin-ve-ky-luat-hoc-sinh-khuyet-tat\/8-14-toi-cho-rang-tinh-trang-khuyet-tat-cua-con-toi-da-gay-ra-hanh-vi-sai-trai-cua-tre-nhung-hoc-khu-chua-bao-gio-danh-gia-con-toi-de-tre-nhan-duoc-giao-duc-dac-biet-cac-quy-tac-ve-ky-luat-hoc-sin\/\">(8.14) T\u00f4i cho r\u1eb1ng t\u00ecnh tr\u1ea1ng khuy\u1ebft t\u1eadt c\u1ee7a con t\u00f4i \u0111\u00e3 g\u00e2y ra h\u00e0nh vi sai tr\u00e1i c\u1ee7a tr\u1ebb, nh\u01b0ng h\u1ecdc khu ch\u01b0a bao gi\u1edd \u0111\u00e1nh gi\u00e1 con t\u00f4i \u0111\u1ec3 tr\u1ebb nh\u1eadn \u0111\u01b0\u1ee3c gi\u00e1o d\u1ee5c \u0111\u1eb7c bi\u1ec7t. C\u00e1c quy t\u1eafc v\u1ec1 k\u1ef7 lu\u1eadt h\u1ecdc sinh gi\u00e1o d\u1ee5c \u0111\u1eb7c bi\u1ec7t s\u1ebd \u0111\u01b0\u1ee3c \u00e1p d\u1ee5ng cho con t\u00f4i ph\u1ea3i kh\u00f4ng?<\/a><\/li>\n<li id=\"menu-item-2475\" class=\"menu-item menu-item-type-post_type menu-item-object-page menu-item-2475\"><a href=\"https:\/\/serr.disabilityrightsca.org\/vi\/serr-manual\/chuong-8-thong-tin-ve-ky-luat-hoc-sinh-khuyet-tat\/8-15-dieu-gi-xay-ra-neu-toi-yeu-cau-danh-gia-ve-giao-duc-dac-biet-cho-con-toi-nhung-toi-da-khong-lam-dieu-do-bang-van-ban\/\">(8.15) \u0110i\u1ec1u g\u00ec x\u1ea3y ra n\u1ebfu t\u00f4i y\u00eau c\u1ea7u \u0111\u00e1nh gi\u00e1 v\u1ec1 gi\u00e1o d\u1ee5c \u0111\u1eb7c bi\u1ec7t cho con t\u00f4i nh\u01b0ng t\u00f4i \u0111\u00e3 kh\u00f4ng l\u00e0m \u0111i\u1ec1u \u0111\u00f3 b\u1eb1ng v\u0103n b\u1ea3n?<\/a><\/li>\n<li id=\"menu-item-2476\" class=\"menu-item menu-item-type-post_type menu-item-object-page menu-item-2476\"><a href=\"https:\/\/serr.disabilityrightsca.org\/vi\/serr-manual\/chuong-8-thong-tin-ve-ky-luat-hoc-sinh-khuyet-tat\/8-16-con-toi-dang-bi-duoi-hoc-va-chua-duoc-danh-gia-ve-kha-nang-hoi-du-dieu-kien-nhan-giao-duc-dac-biet-nhung-ke-tu-khi-su-co-xay-ra-toi-da-yeu-cau-danh-gia-dieu-gi-se-xay-ra-voi-viec-xep-lop-cua\/\">(8.16) Con t\u00f4i \u0111ang b\u1ecb \u0111u\u1ed5i h\u1ecdc v\u00e0 ch\u01b0a \u0111\u01b0\u1ee3c \u0111\u00e1nh gi\u00e1 v\u1ec1 kh\u1ea3 n\u0103ng h\u1ed9i \u0111\u1ee7 \u0111i\u1ec1u ki\u1ec7n nh\u1eadn gi\u00e1o d\u1ee5c \u0111\u1eb7c bi\u1ec7t, nh\u01b0ng k\u1ec3 t\u1eeb khi s\u1ef1 c\u1ed1 x\u1ea3y ra, t\u00f4i \u0111\u00e3 y\u00eau c\u1ea7u \u0111\u00e1nh gi\u00e1. \u0110i\u1ec1u g\u00ec s\u1ebd x\u1ea3y ra v\u1edbi vi\u1ec7c x\u1ebfp l\u1edbp c\u1ee7a con t\u00f4i trong khi ch\u00fang t\u00f4i \u0111ang ch\u1edd k\u1ebft qu\u1ea3 c\u1ee7a \u0111\u00e1nh gi\u00e1 \u0111\u00f3?<\/a><\/li>\n<li id=\"menu-item-2477\" class=\"menu-item menu-item-type-post_type menu-item-object-page menu-item-2477\"><a href=\"https:\/\/serr.disabilityrightsca.org\/vi\/serr-manual\/chuong-8-thong-tin-ve-ky-luat-hoc-sinh-khuyet-tat\/8-17-co-phai-giao-vien-hoac-nhan-vien-khac-can-bay-to-moi-lo-ngai-ve-hanh-vi-bang-van-ban-khong\/\">(8.17) C\u00f3 ph\u1ea3i gi\u00e1o vi\u00ean ho\u1eb7c nh\u00e2n vi\u00ean kh\u00e1c c\u1ea7n b\u00e0y t\u1ecf m\u1ed1i lo ng\u1ea1i v\u1ec1 h\u00e0nh vi b\u1eb1ng v\u0103n b\u1ea3n kh\u00f4ng?<\/a><\/li>\n<li id=\"menu-item-2478\" class=\"menu-item menu-item-type-post_type menu-item-object-page menu-item-2478\"><a href=\"https:\/\/serr.disabilityrightsca.org\/vi\/serr-manual\/chuong-8-thong-tin-ve-ky-luat-hoc-sinh-khuyet-tat\/8-18-con-toi-co-the-bi-loai-tru-ra-khoi-phan-dich-vu-dua-don-trong-chuong-trinh-cua-truong-khong\/\">(8.18) Con t\u00f4i c\u00f3 th\u1ec3 b\u1ecb lo\u1ea1i tr\u1eeb ra kh\u1ecfi ph\u1ea7n d\u1ecbch v\u1ee5 \u0111\u01b0a \u0111\u00f3n trong ch\u01b0\u01a1ng tr\u00ecnh c\u1ee7a tr\u01b0\u1eddng kh\u00f4ng?<\/a><\/li>\n<li id=\"menu-item-2481\" class=\"menu-item menu-item-type-post_type menu-item-object-page menu-item-2481\"><a href=\"https:\/\/serr.disabilityrightsca.org\/vi\/serr-manual\/chuong-8-thong-tin-ve-ky-luat-hoc-sinh-khuyet-tat\/8-19-co-bat-ky-quy-tac-dac-biet-nao-dieu-chinh-viec-ky-luat-hoc-sinh-duoc-xac-dinh-la-bi-khuyet-tat-theo-muc-504-cua-dao-luat-phuc-hoi-chuc-nang-nam-1973-khong\/\">(8.19) C\u00f3 b\u1ea5t k\u1ef3 quy t\u1eafc \u0111\u1eb7c bi\u1ec7t n\u00e0o \u0111i\u1ec1u ch\u1ec9nh vi\u1ec7c k\u1ef7 lu\u1eadt h\u1ecdc sinh \u0111\u01b0\u1ee3c x\u00e1c \u0111\u1ecbnh l\u00e0 b\u1ecb khuy\u1ebft t\u1eadt theo M\u1ee5c 504 c\u1ee7a \u0110\u1ea1o Lu\u1eadt Ph\u1ee5c H\u1ed3i Ch\u1ee9c N\u0103ng n\u0103m 1973 kh\u00f4ng?<\/a><\/li>\n<li id=\"menu-item-2482\" class=\"menu-item menu-item-type-post_type menu-item-object-page menu-item-2482\"><a href=\"https:\/\/serr.disabilityrightsca.org\/vi\/serr-manual\/chuong-8-thong-tin-ve-ky-luat-hoc-sinh-khuyet-tat\/8-20-toi-co-nhung-quyen-gi-neu-toi-khong-dong-y-voi-quyet-dinh-cua-muc-504-ve-hanh-vi-cua-con-toi\/\">(8.20) T\u00f4i c\u00f3 nh\u1eefng quy\u1ec1n g\u00ec n\u1ebfu t\u00f4i kh\u00f4ng \u0111\u1ed3ng \u00fd v\u1edbi quy\u1ebft \u0111\u1ecbnh c\u1ee7a M\u1ee5c 504 v\u1ec1 h\u00e0nh vi c\u1ee7a con t\u00f4i?<\/a><\/li>\n<li id=\"menu-item-2483\" class=\"menu-item menu-item-type-post_type menu-item-object-page menu-item-2483\"><a href=\"https:\/\/serr.disabilityrightsca.org\/vi\/serr-manual\/chuong-8-thong-tin-ve-ky-luat-hoc-sinh-khuyet-tat\/8-21-con-toi-co-nhung-quyen-gi-de-tro-lai-truong-o-hoc-khu-da-duoi-hoc-tre\/\">(8.21) Con t\u00f4i c\u00f3 nh\u1eefng quy\u1ec1n g\u00ec \u0111\u1ec3 tr\u1edf l\u1ea1i tr\u01b0\u1eddng \u1edf h\u1ecdc khu \u0111\u00e3 \u0111u\u1ed5i h\u1ecdc tr\u1ebb?<\/a><\/li>\n<li id=\"menu-item-2484\" class=\"menu-item menu-item-type-post_type menu-item-object-page menu-item-2484\"><a href=\"https:\/\/serr.disabilityrightsca.org\/vi\/serr-manual\/chuong-8-thong-tin-ve-ky-luat-hoc-sinh-khuyet-tat\/8-22-neu-con-toi-bi-duoi-hoc-dau-la-nhung-quy-tac-dieu-chinh-viec-con-toi-nhap-hoc-o-hoc-khu-moi\/\">(8.22) N\u1ebfu con t\u00f4i b\u1ecb \u0111u\u1ed5i h\u1ecdc, \u0111\u00e2u l\u00e0 nh\u1eefng quy t\u1eafc \u0111i\u1ec1u ch\u1ec9nh vi\u1ec7c con t\u00f4i nh\u1eadp h\u1ecdc \u1edf h\u1ecdc khu m\u1edbi?<\/a><\/li>\n<li id=\"menu-item-2485\" class=\"menu-item menu-item-type-post_type menu-item-object-page menu-item-2485\"><a href=\"https:\/\/serr.disabilityrightsca.org\/vi\/serr-manual\/chuong-8-thong-tin-ve-ky-luat-hoc-sinh-khuyet-tat\/8-23-con-toi-co-nhung-van-de-ve-hanh-vi-khien-tre-co-nguy-co-bi-dinh-chi-va-hoac-duoi-hoc-co-bat-ky-dich-vu-hoac-bien-phap-bao-ve-dac-biet-nao-danh-cho-con-toi-khong\/\">(8.23) Con t\u00f4i c\u00f3 nh\u1eefng v\u1ea5n \u0111\u1ec1 v\u1ec1 h\u00e0nh vi khi\u1ebfn tr\u1ebb c\u00f3 nguy c\u01a1 b\u1ecb \u0111\u00ecnh ch\u1ec9 v\u00e0\/ho\u1eb7c \u0111u\u1ed5i h\u1ecdc. C\u00f3 b\u1ea5t k\u1ef3 d\u1ecbch v\u1ee5 ho\u1eb7c bi\u1ec7n ph\u00e1p b\u1ea3o v\u1ec7 \u0111\u1eb7c bi\u1ec7t n\u00e0o d\u00e0nh cho con t\u00f4i kh\u00f4ng?<\/a><\/li>\n<li id=\"menu-item-2486\" class=\"menu-item menu-item-type-post_type menu-item-object-page menu-item-2486\"><a href=\"https:\/\/serr.disabilityrightsca.org\/vi\/serr-manual\/chuong-8-thong-tin-ve-ky-luat-hoc-sinh-khuyet-tat\/8-24-co-luat-nao-cam-mot-so-chuong-trinh-hoac-phuong-phap-can-thiep-hanh-vi-mot-cach-cu-the-khong\/\">(8.24) C\u00f3 lu\u1eadt n\u00e0o c\u1ea5m m\u1ed9t s\u1ed1 ch\u01b0\u01a1ng tr\u00ecnh ho\u1eb7c ph\u01b0\u01a1ng ph\u00e1p can thi\u1ec7p h\u00e0nh vi m\u1ed9t c\u00e1ch c\u1ee5 th\u1ec3 kh\u00f4ng?<\/a><\/li>\n<li id=\"menu-item-2487\" class=\"menu-item menu-item-type-post_type menu-item-object-page menu-item-2487\"><a href=\"https:\/\/serr.disabilityrightsca.org\/vi\/serr-manual\/chuong-8-thong-tin-ve-ky-luat-hoc-sinh-khuyet-tat\/8-25-toi-co-the-lam-gi-neu-con-toi-bi-giao-vien-hoac-nhan-vien-khac-cua-truong-lam-dung-the-chat-hoac-tinh-than\/\">(8.25) T\u00f4i c\u00f3 th\u1ec3 l\u00e0m g\u00ec n\u1ebfu con t\u00f4i b\u1ecb gi\u00e1o vi\u00ean ho\u1eb7c nh\u00e2n vi\u00ean kh\u00e1c c\u1ee7a tr\u01b0\u1eddng l\u1ea1m d\u1ee5ng th\u1ec3 ch\u1ea5t ho\u1eb7c tinh th\u1ea7n?<\/a><\/li>\n<li id=\"menu-item-2488\" class=\"menu-item menu-item-type-post_type menu-item-object-page menu-item-2488\"><a href=\"https:\/\/serr.disabilityrightsca.org\/vi\/serr-manual\/chuong-8-thong-tin-ve-ky-luat-hoc-sinh-khuyet-tat\/8-26-nu-sau-cuc-hp-xac-dnh-biu-hin-hoc-cuc-hp-504-nhom-d-xut-dui-hc-hc-sinh-va-quy-v-chn-khong-phn-di-d-xut-thong-qua-th-tc-phap-ly-th-tc-v-phien-diu-trn-v-dui-hc-va-khang-cao-bao-gm-nhng-gi\/\">(8.26) N\u1ebfu, sau cu\u1ed9c h\u1ecdp x\u00e1c \u0111\u1ecbnh bi\u1ec3u hi\u1ec7n ho\u1eb7c cu\u1ed9c h\u1ecdp 504, nh\u00f3m \u0111\u1ec1 xu\u1ea5t \u0111u\u1ed5i h\u1ecdc h\u1ecdc sinh (v\u00e0 qu\u00fd v\u1ecb ch\u1ecdn kh\u00f4ng ph\u1ea3n \u0111\u1ed1i \u0111\u1ec1 xu\u1ea5t th\u00f4ng qua th\u1ee7 t\u1ee5c ph\u00e1p l\u00fd), th\u1ee7 t\u1ee5c v\u1ec1 phi\u00ean \u0111i\u1ec1u tr\u1ea7n v\u1ec1 \u0111u\u1ed5i h\u1ecdc v\u00e0 kh\u00e1ng c\u00e1o bao g\u1ed3m nh\u1eefng g\u00ec?<\/a><\/li>\n<li id=\"menu-item-2489\" class=\"menu-item menu-item-type-post_type menu-item-object-page menu-item-2489\"><a href=\"https:\/\/serr.disabilityrightsca.org\/vi\/serr-manual\/chuong-8-thong-tin-ve-ky-luat-hoc-sinh-khuyet-tat\/8-27-hoc-khu-de-xuat-dua-con-toi-ra-khoi-truong-vi-van-de-hanh-vi-cua-tre-va-dang-de-xuat-bien-phap-xep-lop-cho-tre-la-huong-dan-tai-nha-hoc-khu-co-the-lam-vay-khong\/\">(8.27) H\u1ecdc khu \u0111\u1ec1 xu\u1ea5t \u0111\u01b0a con t\u00f4i ra kh\u1ecfi tr\u01b0\u1eddng v\u00ec v\u1ea5n \u0111\u1ec1 h\u00e0nh vi c\u1ee7a tr\u1ebb v\u00e0 \u0111ang \u0111\u1ec1 xu\u1ea5t bi\u1ec7n ph\u00e1p x\u1ebfp l\u1edbp cho tr\u1ebb l\u00e0 h\u01b0\u1edbng d\u1eabn t\u1ea1i nh\u00e0. H\u1ecdc khu c\u00f3 th\u1ec3 l\u00e0m v\u1eady kh\u00f4ng?<\/a><\/li>\n<\/ul><\/div>\n","protected":false},"excerpt":{"rendered":"<p>In to\u00e0n b\u1ed9 ch\u01b0\u01a1ng<\/p>\n","protected":false},"author":1,"featured_media":0,"parent":326,"menu_order":8,"comment_status":"closed","ping_status":"closed","template":"","meta":{"footnotes":""},"class_list":["post-343","page","type-page","status-publish","hentry"],"_links":{"self":[{"href":"https:\/\/serr.disabilityrightsca.org\/vi\/wp-json\/wp\/v2\/pages\/343","targetHints":{"allow":["GET"]}}],"collection":[{"href":"https:\/\/serr.disabilityrightsca.org\/vi\/wp-json\/wp\/v2\/pages"}],"about":[{"href":"https:\/\/serr.disabilityrightsca.org\/vi\/wp-json\/wp\/v2\/types\/page"}],"author":[{"embeddable":true,"href":"https:\/\/serr.disabilityrightsca.org\/vi\/wp-json\/wp\/v2\/users\/1"}],"replies":[{"embeddable":true,"href":"https:\/\/serr.disabilityrightsca.org\/vi\/wp-json\/wp\/v2\/comments?post=343"}],"version-history":[{"count":4,"href":"https:\/\/serr.disabilityrightsca.org\/vi\/wp-json\/wp\/v2\/pages\/343\/revisions"}],"predecessor-version":[{"id":4428,"href":"https:\/\/serr.disabilityrightsca.org\/vi\/wp-json\/wp\/v2\/pages\/343\/revisions\/4428"}],"up":[{"embeddable":true,"href":"https:\/\/serr.disabilityrightsca.org\/vi\/wp-json\/wp\/v2\/pages\/326"}],"wp:attachment":[{"href":"https:\/\/serr.disabilityrightsca.org\/vi\/wp-json\/wp\/v2\/media?parent=343"}],"curies":[{"name":"wp","href":"https:\/\/api.w.org\/{rel}","templated":true}]}}