{"id":3437,"date":"2020-07-08T16:01:48","date_gmt":"2020-07-08T23:01:48","guid":{"rendered":"https:\/\/serr.disabilityrightsca.org\/?page_id=3437"},"modified":"2021-02-07T21:52:50","modified_gmt":"2021-02-08T05:52:50","slug":"6-38-neu-hoc-khu-khong-cung-cap-thong-bao-truoc-bang-van-ban-ve-de-xuat-iep-va-phu-huynh-khong-dong-y-voi-de-xuat-do-hoc-khu-co-phai-cung-cap-cho-toi-thong-bao-do-ngay-khi-toi-yeu","status":"publish","type":"page","link":"https:\/\/serr.disabilityrightsca.org\/vi\/serr-manual\/chuong-6-thong-tin-ve-thu-tuc-phap-ly-tuan-thu\/6-38-neu-hoc-khu-khong-cung-cap-thong-bao-truoc-bang-van-ban-ve-de-xuat-iep-va-phu-huynh-khong-dong-y-voi-de-xuat-do-hoc-khu-co-phai-cung-cap-cho-toi-thong-bao-do-ngay-khi-toi-yeu\/","title":{"rendered":"(6.38) N\u1ebfu h\u1ecdc khu kh\u00f4ng cung c\u1ea5p \u201cth\u00f4ng b\u00e1o tr\u01b0\u1edbc b\u1eb1ng v\u0103n b\u1ea3n\u201d v\u1ec1 \u0111\u1ec1 xu\u1ea5t IEP v\u00e0 ph\u1ee5 huynh kh\u00f4ng \u0111\u1ed3ng \u00fd v\u1edbi \u0111\u1ec1 xu\u1ea5t \u0111\u00f3, h\u1ecdc khu c\u00f3 ph\u1ea3i cung c\u1ea5p cho t\u00f4i th\u00f4ng b\u00e1o \u0111\u00f3 ngay khi t\u00f4i y\u00eau c\u1ea7u th\u1ee7 t\u1ee5c ph\u00e1p l\u00fd kh\u00f4ng?"},"content":{"rendered":"\n<p>C\u00f3. N\u1ebfu h\u1ecdc khu ch\u01b0a cung c\u1ea5p th\u00f4ng b\u00e1o tr\u01b0\u1edbc b\u1eb1ng v\u0103n b\u1ea3n tr\u01b0\u1edbc khi qu\u00fd v\u1ecb y\u00eau c\u1ea7u th\u1ee7 t\u1ee5c ph\u00e1p l\u00fd, h\u1ecdc khu ph\u1ea3i g\u1eedi ph\u1ea3n h\u1ed3i cho qu\u00fd v\u1ecb (trong v\u00f2ng 10 ng\u00e0y k\u1ec3 t\u1eeb khi nh\u1eadn \u0111\u01b0\u1ee3c b\u1ea3n sao \u0111\u01a1n khi\u1ebfu n\u1ea1i c\u1ee7a qu\u00fd v\u1ecb), bao g\u1ed3m t\u1ea5t c\u1ea3 nh\u1eefng n\u1ed9i dung sau:<\/p>\n\n\n\n<p>(1)&nbsp; Gi\u1ea3i th\u00edch l\u00fd do t\u1ea1i sao h\u1ecdc khu \u0111ang l\u00e0m ho\u1eb7c kh\u00f4ng l\u00e0m b\u1ea5t c\u1ee9 \u0111i\u1ec1u g\u00ec t\u1ea1o ra v\u1ea5n \u0111\u1ec1;<\/p>\n\n\n\n<p>(2)&nbsp; M\u00f4 t\u1ea3 v\u1ec1 c\u00e1c ph\u01b0\u01a1ng \u00e1n kh\u00e1c m\u00e0 nh\u00f3m IEP \u0111\u00e3 xem x\u00e9t v\u00e0 t\u1ea1i sao c\u00e1c ph\u01b0\u01a1ng \u00e1n \u0111\u00f3 b\u1ecb t\u1eeb ch\u1ed1i;<\/p>\n\n\n\n<p>(3)&nbsp; M\u00f4 t\u1ea3 t\u1eebng \u0111\u00e1nh gi\u00e1, th\u1ee7 t\u1ee5c, ki\u1ec3m tra, b\u00e1o c\u00e1o, v.v. m\u00e0 h\u1ecdc khu \u0111\u00e3 s\u1eed d\u1ee5ng l\u00e0m c\u01a1 s\u1edf \u0111\u1ec3 l\u00e0m ho\u1eb7c kh\u00f4ng l\u00e0m b\u1ea5t c\u1ee9 \u0111i\u1ec1u g\u00ec t\u1ea1o ra v\u1ea5n \u0111\u1ec1; v\u00e0<\/p>\n\n\n\n<p>&nbsp; (4)&nbsp; C\u00e1c l\u00fd do kh\u00e1c cho h\u00e0nh \u0111\u1ed9ng ho\u1eb7c kh\u00f4ng h\u00e0nh \u0111\u1ed9ng c\u1ee7a h\u1ecdc khu.<\/p>\n\n\n\n<p>Trong nh\u1eefng tr\u01b0\u1eddng h\u1ee3p n\u00e0y, h\u1ecdc khu ph\u1ea3i g\u1eedi ph\u1ea3n h\u1ed3i ri\u00eang trong v\u00f2ng 10 ng\u00e0y nh\u01b0 \u0111\u1ec1 c\u1eadp \u1edf tr\u00ean.<\/p>\n\n\n\n<p>[20 U.S.C. Sec. 1415(c)(2)(B)(i)(I); 34 C.F.R. Sec. 300.508(e); Cal. Ed. Code Sec. 56502(d)(2).]<\/p>\n","protected":false},"excerpt":{"rendered":"<p>C\u00f3. N\u1ebfu h\u1ecdc khu ch\u01b0a cung c\u1ea5p th\u00f4ng b\u00e1o tr\u01b0\u1edbc b\u1eb1ng v\u0103n b\u1ea3n tr\u01b0\u1edbc khi qu\u00fd v\u1ecb y\u00eau c\u1ea7u th\u1ee7 t\u1ee5c ph\u00e1p l\u00fd, h\u1ecdc khu&hellip;<\/p>\n","protected":false},"author":1,"featured_media":0,"parent":337,"menu_order":38,"comment_status":"closed","ping_status":"closed","template":"","meta":{"footnotes":""},"class_list":["post-3437","page","type-page","status-publish","hentry"],"_links":{"self":[{"href":"https:\/\/serr.disabilityrightsca.org\/vi\/wp-json\/wp\/v2\/pages\/3437","targetHints":{"allow":["GET"]}}],"collection":[{"href":"https:\/\/serr.disabilityrightsca.org\/vi\/wp-json\/wp\/v2\/pages"}],"about":[{"href":"https:\/\/serr.disabilityrightsca.org\/vi\/wp-json\/wp\/v2\/types\/page"}],"author":[{"embeddable":true,"href":"https:\/\/serr.disabilityrightsca.org\/vi\/wp-json\/wp\/v2\/users\/1"}],"replies":[{"embeddable":true,"href":"https:\/\/serr.disabilityrightsca.org\/vi\/wp-json\/wp\/v2\/comments?post=3437"}],"version-history":[{"count":2,"href":"https:\/\/serr.disabilityrightsca.org\/vi\/wp-json\/wp\/v2\/pages\/3437\/revisions"}],"predecessor-version":[{"id":4004,"href":"https:\/\/serr.disabilityrightsca.org\/vi\/wp-json\/wp\/v2\/pages\/3437\/revisions\/4004"}],"up":[{"embeddable":true,"href":"https:\/\/serr.disabilityrightsca.org\/vi\/wp-json\/wp\/v2\/pages\/337"}],"wp:attachment":[{"href":"https:\/\/serr.disabilityrightsca.org\/vi\/wp-json\/wp\/v2\/media?parent=3437"}],"curies":[{"name":"wp","href":"https:\/\/api.w.org\/{rel}","templated":true}]}}