{"id":3471,"date":"2020-07-08T20:34:19","date_gmt":"2020-07-09T03:34:19","guid":{"rendered":"https:\/\/serr.disabilityrightsca.org\/?page_id=3471"},"modified":"2021-02-07T22:01:32","modified_gmt":"2021-02-08T06:01:32","slug":"6-48-toi-co-can-yeu-cau-thu-tuc-phap-ly-va-yeu-cau-giu-nguyen-trang-neu-hoc-khu-khong-thuc-hien-iep-khong","status":"publish","type":"page","link":"https:\/\/serr.disabilityrightsca.org\/vi\/serr-manual\/chuong-6-thong-tin-ve-thu-tuc-phap-ly-tuan-thu\/6-48-toi-co-can-yeu-cau-thu-tuc-phap-ly-va-yeu-cau-giu-nguyen-trang-neu-hoc-khu-khong-thuc-hien-iep-khong\/","title":{"rendered":"(6.48) T\u00f4i c\u00f3 c\u1ea7n y\u00eau c\u1ea7u th\u1ee7 t\u1ee5c ph\u00e1p l\u00fd v\u00e0 y\u00eau c\u1ea7u gi\u1eef nguy\u00ean tr\u1ea1ng n\u1ebfu h\u1ecdc khu kh\u00f4ng th\u1ef1c hi\u1ec7n IEP kh\u00f4ng?"},"content":{"rendered":"\n<p>Kh\u00f4ng. H\u1ecdc khu kh\u00f4ng \u0111\u01b0\u1ee3c ph\u00e9p \u0111\u01a1n ph\u01b0\u01a1ng thay \u0111\u1ed5i vi\u1ec7c x\u1ebfp l\u1edbp hay c\u00e1c d\u1ecbch v\u1ee5 c\u1ee7a h\u1ecdc sinh gi\u00e1o d\u1ee5c \u0111\u1eb7c bi\u1ec7t m\u00e0 kh\u00f4ng th\u00f4ng qua quy tr\u00ecnh IEP v\u00e0 \u0111\u01b0\u1ee3c s\u1ef1 \u0111\u1ed3ng \u00fd c\u1ee7a qu\u00fd v\u1ecb. Tuy nhi\u00ean, khi c\u00f3 tranh ch\u1ea5p x\u1ea3y ra gi\u1eefa ph\u1ee5 huynh v\u00e0 h\u1ecdc khu, \u0111\u00f4i khi c\u00e1c h\u1ecdc khu b\u1ecf qua ngh\u0129a v\u1ee5 th\u1ef1c hi\u1ec7n IEP hi\u1ec7n t\u1ea1i v\u00e0 mu\u1ed1n ti\u1ebfn t\u1edbi th\u1ef1c hi\u1ec7n b\u1ea5t k\u1ef3 thay \u0111\u1ed5i n\u00e0o m\u00e0 h\u1ecd mu\u1ed1n. Trong t\u00ecnh hu\u1ed1ng n\u00e0y, n\u1ebfu qu\u00fd v\u1ecb v\u1eabn \u0111\u1ecbnh n\u1ed9p \u0111\u01a1n y\u00eau c\u1ea7u th\u1ee7 t\u1ee5c ph\u00e1p l\u00fd v\u1ec1 c\u00e1c v\u1ea5n \u0111\u1ec1 kh\u00e1c, qu\u00fd v\u1ecb c\u00f3 th\u1ec3 l\u00e0m \u0111i\u1ec1u \u0111\u00f3 v\u00e0 c\u0169ng c\u00f3 th\u1ec3 y\u00eau c\u1ea7u v\u0103n ph\u00f2ng \u0111i\u1ec1u tr\u1ea7n y\u00eau c\u1ea7u h\u1ecdc khu ti\u1ebfp t\u1ee5c tu\u00e2n theo IEP trong qu\u00e1 tr\u00ecnh n\u00e0y.<\/p>\n\n\n\n<p>Tuy nhi\u00ean, n\u1ebfu qu\u00fd v\u1ecb h\u00e0i l\u00f2ng v\u1edbi IEP v\u00e0 kh\u00f4ng n\u1ed9p \u0111\u01a1n y\u00eau c\u1ea7u phi\u00ean \u0111i\u1ec1u tr\u1ea7n, qu\u00fd v\u1ecb n\u00ean n\u1ed9p \u0111\u01a1n khi\u1ebfu n\u1ea1i v\u1ec1 s\u1ef1 tu\u00e2n th\u1ee7 l\u00ean CDE v\u1ec1 vi\u1ec7c h\u1ecdc khu kh\u00f4ng tu\u00e2n th\u1ee7 IEP. Qu\u00fd v\u1ecb n\u00ean \u0111\u1ec1 ngh\u1ecb CDE y\u00eau c\u1ea7u h\u1ecdc khu cung c\u1ea5p c\u00e1c d\u1ecbch v\u1ee5 b\u1ed3i th\u01b0\u1eddng \u0111\u1ec3 b\u00f9 \u0111\u1eafp cho c\u00e1c d\u1ecbch v\u1ee5 b\u1ecb m\u1ea5t ho\u1eb7c thanh to\u00e1n c\u00e1c chi ph\u00ed t\u1ef1 tr\u1ea3 n\u1ebfu qu\u00fd v\u1ecb ph\u1ea3i ch\u1ecbu b\u1ea5t k\u1ef3 d\u1ecbch v\u1ee5 duy tr\u00ec c\u00e1 nh\u00e2n n\u00e0o. [34 C.F.R. Sec. 300.151(b)(1).] Qu\u00fd v\u1ecb c\u0169ng n\u00ean y\u00eau c\u1ea7u CDE ti\u1ebfn h\u00e0nh \u201cgi\u1ea3i quy\u1ebft nhanh\u201d khi\u1ebfu n\u1ea1i \u0111\u1ec3 gi\u1ea3m thi\u1ec3u s\u1ef1 gi\u00e1n \u0111o\u1ea1n cho con qu\u00fd v\u1ecb.<\/p>\n","protected":false},"excerpt":{"rendered":"<p>Kh\u00f4ng. H\u1ecdc khu kh\u00f4ng \u0111\u01b0\u1ee3c ph\u00e9p \u0111\u01a1n ph\u01b0\u01a1ng thay \u0111\u1ed5i vi\u1ec7c x\u1ebfp l\u1edbp hay c\u00e1c d\u1ecbch v\u1ee5 c\u1ee7a h\u1ecdc sinh gi\u00e1o d\u1ee5c \u0111\u1eb7c bi\u1ec7t m\u00e0&hellip;<\/p>\n","protected":false},"author":1,"featured_media":0,"parent":337,"menu_order":48,"comment_status":"closed","ping_status":"closed","template":"","meta":{"footnotes":""},"class_list":["post-3471","page","type-page","status-publish","hentry"],"_links":{"self":[{"href":"https:\/\/serr.disabilityrightsca.org\/vi\/wp-json\/wp\/v2\/pages\/3471","targetHints":{"allow":["GET"]}}],"collection":[{"href":"https:\/\/serr.disabilityrightsca.org\/vi\/wp-json\/wp\/v2\/pages"}],"about":[{"href":"https:\/\/serr.disabilityrightsca.org\/vi\/wp-json\/wp\/v2\/types\/page"}],"author":[{"embeddable":true,"href":"https:\/\/serr.disabilityrightsca.org\/vi\/wp-json\/wp\/v2\/users\/1"}],"replies":[{"embeddable":true,"href":"https:\/\/serr.disabilityrightsca.org\/vi\/wp-json\/wp\/v2\/comments?post=3471"}],"version-history":[{"count":3,"href":"https:\/\/serr.disabilityrightsca.org\/vi\/wp-json\/wp\/v2\/pages\/3471\/revisions"}],"predecessor-version":[{"id":4014,"href":"https:\/\/serr.disabilityrightsca.org\/vi\/wp-json\/wp\/v2\/pages\/3471\/revisions\/4014"}],"up":[{"embeddable":true,"href":"https:\/\/serr.disabilityrightsca.org\/vi\/wp-json\/wp\/v2\/pages\/337"}],"wp:attachment":[{"href":"https:\/\/serr.disabilityrightsca.org\/vi\/wp-json\/wp\/v2\/media?parent=3471"}],"curies":[{"name":"wp","href":"https:\/\/api.w.org\/{rel}","templated":true}]}}