{"id":3481,"date":"2020-07-08T20:41:02","date_gmt":"2020-07-09T03:41:02","guid":{"rendered":"https:\/\/serr.disabilityrightsca.org\/?page_id=3481"},"modified":"2021-02-07T22:07:30","modified_gmt":"2021-02-08T06:07:30","slug":"6-51-toi-lay-bang-chung-o-dau-de-trinh-bay-tai-phien-dieu-tran-theo-thu-tuc-phap-ly","status":"publish","type":"page","link":"https:\/\/serr.disabilityrightsca.org\/vi\/serr-manual\/chuong-6-thong-tin-ve-thu-tuc-phap-ly-tuan-thu\/6-51-toi-lay-bang-chung-o-dau-de-trinh-bay-tai-phien-dieu-tran-theo-thu-tuc-phap-ly\/","title":{"rendered":"(6.51) T\u00f4i l\u1ea5y b\u1eb1ng ch\u1ee9ng \u1edf \u0111\u00e2u \u0111\u1ec3 tr\u00ecnh b\u00e0y t\u1ea1i phi\u00ean \u0111i\u1ec1u tr\u1ea7n theo th\u1ee7 t\u1ee5c ph\u00e1p l\u00fd?"},"content":{"rendered":"\n<p>Th\u00f4ng tin qu\u00fd v\u1ecb c\u1ea7n \u0111\u1ec3 h\u1ed7 tr\u1ee3 cho tr\u01b0\u1eddng h\u1ee3p c\u1ee7a m\u00ecnh c\u00f3 th\u1ec3 \u0111\u1ebfn t\u1eeb l\u1eddi khai n\u1ebfu qu\u00fd v\u1ecb c\u00f3 th\u1ec3 \u0111\u01b0a ra c\u00e1c v\u00ed d\u1ee5 v\u1ec1 c\u00e1c tr\u1ea3i nghi\u1ec7m h\u1ecdc t\u1eadp t\u01b0\u01a1ng t\u1ef1 kh\u00e1c, t\u1ed1t hay x\u1ea5u, m\u00e0 qu\u00fd v\u1ecb c\u00f3 \u0111\u01b0\u1ee3c v\u1edbi tr\u1ebb khi tr\u1ebb \u0111\u01b0\u1ee3c nh\u1eadn m\u1ed9t c\u1ea5p \u0111\u1ed9 ho\u1eb7c lo\u1ea1i d\u1ecbch v\u1ee5 c\u1ee5 th\u1ec3 n\u00e0o \u0111\u00f3 hay khi tr\u1ebb \u0111\u01b0\u1ee3c \u0111\u1eb7t trong m\u1ed9t m\u00f4i tr\u01b0\u1eddng c\u1ee5 th\u1ec3.<\/p>\n\n\n\n<p>C\u00f3 th\u1ec3 c\u1ea7n m\u1ed9t gi\u00e1o vi\u00ean ho\u1eb7c chuy\u00ean gia bi\u1ebft con c\u1ee7a qu\u00fd v\u1ecb ho\u1eb7c m\u1ed9t \u201cchuy\u00ean gia\u201d \u0111\u1ed9c l\u1eadp, ng\u01b0\u1eddi am hi\u1ec3u v\u1ec1 gi\u00e1o d\u1ee5c ho\u1eb7c \u0111\u00e0o t\u1ea1o ng\u01b0\u1eddi khuy\u1ebft t\u1eadt l\u00e0m ch\u1ee9ng \u0111\u1ec3 h\u1ed7 tr\u1ee3 cho l\u1eadp tr\u01b0\u1eddng c\u1ee7a qu\u00fd v\u1ecb. H\u1ecdc khu s\u1ebd \u0111\u01b0a ra c\u00e1c nh\u00e2n ch\u1ee9ng (bao g\u1ed3m c\u00e1c gi\u00e1o vi\u00ean v\u00e0 chuy\u00ean gia hi\u1ec7n t\u1ea1i) l\u00e0 c\u00e1c nh\u00e0 gi\u00e1o d\u1ee5c chuy\u00ean nghi\u1ec7p, nh\u00e0 t\u00e2m l\u00fd h\u1ecdc, nh\u00e0 tr\u1ecb li\u1ec7u v\u00e0 nh\u00e2n vi\u00ean qu\u1ea3n l\u00fd c\u00f3 b\u1eb1ng c\u1ea5p v\u00e0 ch\u1ee9ng ch\u1ec9 trong c\u00e1c l\u0129nh v\u1ef1c li\u00ean quan \u0111\u1ebfn c\u00e1c v\u1ea5n \u0111\u1ec1 \u0111ang tranh ch\u1ea5p.<\/p>\n\n\n\n<p>Do \u0111\u00f3, qu\u00fd v\u1ecb c\u00f3 th\u1ec3 s\u1ebd c\u1ea7n c\u00f3 c\u00e1c nh\u00e0 gi\u00e1o d\u1ee5c am hi\u1ec3u v\u00e0\/ho\u1eb7c c\u00e1c chuy\u00ean gia kh\u00e1c \u0111\u1ec3 thi\u1ebft l\u1eadp c\u00e1c d\u1eef ki\u1ec7n m\u00e0 qu\u00fd v\u1ecb c\u1ea7n ch\u1ee9ng minh nh\u1eb1m c\u00f3 \u0111\u01b0\u1ee3c c\u00e1c d\u1ecbch v\u1ee5 ho\u1eb7c vi\u1ec7c x\u1ebfp l\u1edbp m\u00e0 qu\u00fd v\u1ecb \u0111ang t\u00ecm ki\u1ebfm. M\u1ed9t s\u1ed1 h\u1ecdc sinh \u0111\u00e3 c\u00f3 gia s\u01b0, c\u1ed1 v\u1ea5n, b\u00e1c s\u0129, chuy\u00ean gia t\u00e2m l\u00fd ho\u1eb7c c\u00e1c chuy\u00ean gia kh\u00e1c li\u00ean quan \u0111\u1ebfn cu\u1ed9c s\u1ed1ng c\u1ee7a h\u1ecd, nh\u1eefng ng\u01b0\u1eddi c\u00f3 th\u1ec3 \u0111\u01b0a ra lo\u1ea1i l\u1eddi khai m\u00e0 qu\u00fd v\u1ecb ph\u1ea3i tr\u00ecnh b\u00e0y. \u0110\u00f4i khi, qu\u00fd v\u1ecb c\u00f3 th\u1ec3 c\u00f3 \u0111\u01b0\u1ee3c c\u00e1c \u0111\u00e1nh gi\u00e1 \u0111\u01b0\u1ee3c h\u1ed7 tr\u1ee3 t\u00e0i ch\u00ednh c\u00f4ng t\u1eeb m\u1ed9t chuy\u00ean gia gi\u00e1o d\u1ee5c \u0111\u1ed9c l\u1eadp. Xem Ch\u01b0\u01a1ng 2, <em>Th\u00f4ng Tin v\u1ec1 C\u00e1c \u0110\u00e1nh Gi\u00e1\/Th\u1ea9m \u0110\u1ecbnh.<\/em> Qu\u00fd v\u1ecb c\u00f3 th\u1ec3 ph\u1ea3i t\u1ef1 chi tr\u1ea3 c\u00e1c chi ph\u00ed \u0111\u1ec3 thu\u00ea ng\u01b0\u1eddi \u0111\u00e1nh gi\u00e1 \u0111\u1ed9c l\u1eadp, ch\u1eb3ng h\u1ea1n nh\u01b0 chuy\u00ean gia t\u00e2m l\u00fd gi\u00e1o d\u1ee5c ho\u1eb7c chuy\u00ean gia v\u1ec1 khuy\u1ebft t\u1eadt h\u1ecdc t\u1eadp.<\/p>\n\n\n\n<p>Tr\u01b0\u1edbc khi y\u00eau c\u1ea7u th\u1ee7 t\u1ee5c ph\u00e1p l\u00fd, qu\u00fd v\u1ecb ph\u1ea3i t\u00ecm c\u00e1c nh\u00e2n ch\u1ee9ng ti\u1ec1m n\u0103ng v\u00e0 \u0111\u1ea3m b\u1ea3o r\u1eb1ng h\u1ecd s\u1eb5n s\u00e0ng v\u00e0 c\u00f3 th\u1ec3 cung c\u1ea5p lo\u1ea1i l\u1eddi khai \u0111\u00f3. Qu\u00fd v\u1ecb c\u0169ng c\u1ea7n xem x\u00e9t: th\u1eddi gian c\u1ea7n thi\u1ebft \u0111\u1ec3 ti\u1ebfn h\u00e0nh quan s\u00e1t ho\u1eb7c \u0111\u00e1nh gi\u00e1 v\u00e0 chu\u1ea9n b\u1ecb b\u00e1o c\u00e1o v\u00e0 l\u1eddi khai; kh\u1ea3 n\u0103ng nh\u00e2n ch\u1ee9ng c\u00f3 th\u1ec3 tham gia phi\u00ean \u0111i\u1ec1u tr\u1ea7n; v\u00e0 chi ph\u00ed d\u1ecbch v\u1ee5 c\u1ee7a h\u1ecd.<\/p>\n","protected":false},"excerpt":{"rendered":"<p>Th\u00f4ng tin qu\u00fd v\u1ecb c\u1ea7n \u0111\u1ec3 h\u1ed7 tr\u1ee3 cho tr\u01b0\u1eddng h\u1ee3p c\u1ee7a m\u00ecnh c\u00f3 th\u1ec3 \u0111\u1ebfn t\u1eeb l\u1eddi khai n\u1ebfu qu\u00fd v\u1ecb c\u00f3 th\u1ec3 \u0111\u01b0a&hellip;<\/p>\n","protected":false},"author":1,"featured_media":0,"parent":337,"menu_order":51,"comment_status":"closed","ping_status":"closed","template":"","meta":{"footnotes":""},"class_list":["post-3481","page","type-page","status-publish","hentry"],"_links":{"self":[{"href":"https:\/\/serr.disabilityrightsca.org\/vi\/wp-json\/wp\/v2\/pages\/3481","targetHints":{"allow":["GET"]}}],"collection":[{"href":"https:\/\/serr.disabilityrightsca.org\/vi\/wp-json\/wp\/v2\/pages"}],"about":[{"href":"https:\/\/serr.disabilityrightsca.org\/vi\/wp-json\/wp\/v2\/types\/page"}],"author":[{"embeddable":true,"href":"https:\/\/serr.disabilityrightsca.org\/vi\/wp-json\/wp\/v2\/users\/1"}],"replies":[{"embeddable":true,"href":"https:\/\/serr.disabilityrightsca.org\/vi\/wp-json\/wp\/v2\/comments?post=3481"}],"version-history":[{"count":2,"href":"https:\/\/serr.disabilityrightsca.org\/vi\/wp-json\/wp\/v2\/pages\/3481\/revisions"}],"predecessor-version":[{"id":4019,"href":"https:\/\/serr.disabilityrightsca.org\/vi\/wp-json\/wp\/v2\/pages\/3481\/revisions\/4019"}],"up":[{"embeddable":true,"href":"https:\/\/serr.disabilityrightsca.org\/vi\/wp-json\/wp\/v2\/pages\/337"}],"wp:attachment":[{"href":"https:\/\/serr.disabilityrightsca.org\/vi\/wp-json\/wp\/v2\/media?parent=3481"}],"curies":[{"name":"wp","href":"https:\/\/api.w.org\/{rel}","templated":true}]}}