{"id":349,"date":"2019-06-06T15:41:20","date_gmt":"2019-06-06T22:41:20","guid":{"rendered":"http:\/\/www.rula.disabilityrightsca.org\/serr\/vi\/?page_id=349"},"modified":"2022-06-28T12:00:57","modified_gmt":"2022-06-28T19:00:57","slug":"chuong-10-thong-tin-ve-dich-vu-chuyen-tiep-bao-gom-giao-duc-nghe-nghiep","status":"publish","type":"page","link":"https:\/\/serr.disabilityrightsca.org\/vi\/serr-manual\/chuong-10-thong-tin-ve-dich-vu-chuyen-tiep-bao-gom-giao-duc-nghe-nghiep\/","title":{"rendered":"Ch\u01b0\u01a1ng 10: Th\u00f4ng Tin v\u1ec1 D\u1ecbch V\u1ee5 Chuy\u1ec3n Ti\u1ebfp, Bao G\u1ed3m Gi\u00e1o D\u1ee5c Ngh\u1ec1 Nghi\u1ec7p"},"content":{"rendered":"\n<p><div class=\"print-fullchapter-wrap\"><div class=\"print-fullchapter\"><a href=\"https:\/\/serr.disabilityrightsca.org\/vi\/chapter-10-print\/\">In to\u00e0n b\u1ed9 ch\u01b0\u01a1ng<\/a><\/div><\/div><\/p>\n\n\n\n<div class=\"menu-chapter-10-container\"><ul id=\"menu-chapter-10\" class=\"menu\"><li id=\"menu-item-1193\" class=\"menu-item menu-item-type-post_type menu-item-object-page menu-item-1193\"><a href=\"https:\/\/serr.disabilityrightsca.org\/vi\/serr-manual\/chuong-10-thong-tin-ve-dich-vu-chuyen-tiep-bao-gom-giao-duc-nghe-nghiep\/10-1-hoc-khu-co-phai-giup-hoc-sinh-khuyet-tat-chuyen-tiep-tu-giai-doan-trung-hoc-sang-cuoc-song-truong-thanh-khong\/\">(10.1) H\u1ecdc khu c\u00f3 ph\u1ea3i gi\u00fap h\u1ecdc sinh khuy\u1ebft t\u1eadt chuy\u1ec3n ti\u1ebfp t\u1eeb giai \u0111o\u1ea1n trung h\u1ecdc sang cu\u1ed9c s\u1ed1ng tr\u01b0\u1edfng th\u00e0nh kh\u00f4ng?<\/a><\/li>\n<li id=\"menu-item-1255\" class=\"menu-item menu-item-type-post_type menu-item-object-page menu-item-1255\"><a href=\"https:\/\/serr.disabilityrightsca.org\/vi\/serr-manual\/chuong-10-thong-tin-ve-dich-vu-chuyen-tiep-bao-gom-giao-duc-nghe-nghiep\/10-2-dich-vu-chuyen-tiep-nao-duoc-bao-gom-trong-luat-giao-duc-dac-biet-lien-bang\/\">(10.2) D\u1ecbch v\u1ee5 chuy\u1ec3n ti\u1ebfp n\u00e0o \u0111\u01b0\u1ee3c bao g\u1ed3m trong lu\u1eadt gi\u00e1o d\u1ee5c \u0111\u1eb7c bi\u1ec7t li\u00ean bang?<\/a><\/li>\n<li id=\"menu-item-1262\" class=\"menu-item menu-item-type-post_type menu-item-object-page menu-item-1262\"><a href=\"https:\/\/serr.disabilityrightsca.org\/vi\/serr-manual\/chuong-10-thong-tin-ve-dich-vu-chuyen-tiep-bao-gom-giao-duc-nghe-nghiep\/10-3-dich-vu-chuyen-tiep-nao-duoc-bao-gom-trong-luat-giao-duc-dac-biet-california\/\">(10.3) D\u1ecbch v\u1ee5 chuy\u1ec3n ti\u1ebfp n\u00e0o \u0111\u01b0\u1ee3c bao g\u1ed3m trong lu\u1eadt gi\u00e1o d\u1ee5c \u0111\u1eb7c bi\u1ec7t California?<\/a><\/li>\n<li id=\"menu-item-1256\" class=\"menu-item menu-item-type-post_type menu-item-object-page menu-item-1256\"><a href=\"https:\/\/serr.disabilityrightsca.org\/vi\/serr-manual\/chuong-10-thong-tin-ve-dich-vu-chuyen-tiep-bao-gom-giao-duc-nghe-nghiep\/10-4-chuong-trinh-chuyen-tiep-ca-nhan-individual-transition-plan-itp-la-gi\/\">(10.4) Ch\u01b0\u01a1ng Tr\u00ecnh Chuy\u1ec3n Ti\u1ebfp C\u00e1 Nh\u00e2n (Individual Transition Plan, ITP) l\u00e0 g\u00ec?<\/a><\/li>\n<li id=\"menu-item-1257\" class=\"menu-item menu-item-type-post_type menu-item-object-page menu-item-1257\"><a href=\"https:\/\/serr.disabilityrightsca.org\/vi\/serr-manual\/chuong-10-thong-tin-ve-dich-vu-chuyen-tiep-bao-gom-giao-duc-nghe-nghiep\/10-5-khi-nao-tien-hanh-lap-ke-hoach-chuyen-tiep\/\">(10.5) Khi n\u00e0o ti\u1ebfn h\u00e0nh l\u1eadp k\u1ebf ho\u1ea1ch chuy\u1ec3n ti\u1ebfp?<\/a><\/li>\n<li id=\"menu-item-1258\" class=\"menu-item menu-item-type-post_type menu-item-object-page menu-item-1258\"><a href=\"https:\/\/serr.disabilityrightsca.org\/vi\/serr-manual\/chuong-10-thong-tin-ve-dich-vu-chuyen-tiep-bao-gom-giao-duc-nghe-nghiep\/10-6-lam-the-nao-de-toi-bat-dau-cuoc-hop-lap-ke-hoach-chuyen-tiep\/\">(10.6) L\u00e0m th\u1ebf n\u00e0o \u0111\u1ec3 t\u00f4i b\u1eaft \u0111\u1ea7u cu\u1ed9c h\u1ecdp l\u1eadp k\u1ebf ho\u1ea1ch chuy\u1ec3n ti\u1ebfp?<\/a><\/li>\n<li id=\"menu-item-1259\" class=\"menu-item menu-item-type-post_type menu-item-object-page menu-item-1259\"><a href=\"https:\/\/serr.disabilityrightsca.org\/vi\/serr-manual\/chuong-10-thong-tin-ve-dich-vu-chuyen-tiep-bao-gom-giao-duc-nghe-nghiep\/10-7-dich-vu-chuyen-tiep-nen-duoc-viet-vao-iep-nhu-the-nao\/\">(10.7) D\u1ecbch v\u1ee5 chuy\u1ec3n ti\u1ebfp n\u00ean \u0111\u01b0\u1ee3c vi\u1ebft v\u00e0o IEP nh\u01b0 th\u1ebf n\u00e0o?<\/a><\/li>\n<li id=\"menu-item-1260\" class=\"menu-item menu-item-type-post_type menu-item-object-page menu-item-1260\"><a href=\"https:\/\/serr.disabilityrightsca.org\/vi\/serr-manual\/chuong-10-thong-tin-ve-dich-vu-chuyen-tiep-bao-gom-giao-duc-nghe-nghiep\/10-8-lam-cach-nao-nhom-iep-co-the-xac-dinh-nhu-cau-chuyen-tiep-cua-con-toi-va-cac-dich-vu-nen-duoc-cung-cap\/\">(10.8) L\u00e0m c\u00e1ch n\u00e0o nh\u00f3m IEP c\u00f3 th\u1ec3 x\u00e1c \u0111\u1ecbnh nhu c\u1ea7u chuy\u1ec3n ti\u1ebfp c\u1ee7a con t\u00f4i v\u00e0 c\u00e1c d\u1ecbch v\u1ee5 n\u00ean \u0111\u01b0\u1ee3c cung c\u1ea5p?<\/a><\/li>\n<li id=\"menu-item-1261\" class=\"menu-item menu-item-type-post_type menu-item-object-page menu-item-1261\"><a href=\"https:\/\/serr.disabilityrightsca.org\/vi\/serr-manual\/chuong-10-thong-tin-ve-dich-vu-chuyen-tiep-bao-gom-giao-duc-nghe-nghiep\/10-9-chuong-trinh-chuyen-tiep-cho-hoc-sinh-nho-tuoi-nen-bao-gom-nhung-gi\/\">(10.9) Ch\u01b0\u01a1ng tr\u00ecnh chuy\u1ec3n ti\u1ebfp cho h\u1ecdc sinh nh\u1ecf tu\u1ed5i n\u00ean bao g\u1ed3m nh\u1eefng g\u00ec?<\/a><\/li>\n<li id=\"menu-item-1263\" class=\"menu-item menu-item-type-post_type menu-item-object-page menu-item-1263\"><a href=\"https:\/\/serr.disabilityrightsca.org\/vi\/serr-manual\/chuong-10-thong-tin-ve-dich-vu-chuyen-tiep-bao-gom-giao-duc-nghe-nghiep\/10-10-chuong-trinh-chuyen-tiep-cho-hoc-sinh-lon-tuoi-nen-bao-gom-nhung-gi\/\">(10.10) Ch\u01b0\u01a1ng tr\u00ecnh chuy\u1ec3n ti\u1ebfp cho h\u1ecdc sinh l\u1edbn tu\u1ed5i n\u00ean bao g\u1ed3m nh\u1eefng g\u00ec?<\/a><\/li>\n<li id=\"menu-item-1264\" class=\"menu-item menu-item-type-post_type menu-item-object-page menu-item-1264\"><a href=\"https:\/\/serr.disabilityrightsca.org\/vi\/serr-manual\/chuong-10-thong-tin-ve-dich-vu-chuyen-tiep-bao-gom-giao-duc-nghe-nghiep\/10-11-lam-the-nao-hoc-sinh-co-the-tham-gia-vao-viec-phat-trien-ke-hoach-chuyen-tiep-cua-chinh-minh\/\">(10.11) L\u00e0m th\u1ebf n\u00e0o h\u1ecdc sinh c\u00f3 th\u1ec3 tham gia v\u00e0o vi\u1ec7c ph\u00e1t tri\u1ec3n k\u1ebf ho\u1ea1ch chuy\u1ec3n ti\u1ebfp c\u1ee7a ch\u00ednh m\u00ecnh?<\/a><\/li>\n<li id=\"menu-item-1265\" class=\"menu-item menu-item-type-post_type menu-item-object-page menu-item-1265\"><a href=\"https:\/\/serr.disabilityrightsca.org\/vi\/serr-manual\/chuong-10-thong-tin-ve-dich-vu-chuyen-tiep-bao-gom-giao-duc-nghe-nghiep\/10-12-ai-nen-tham-gia-vao-cuoc-hop-lap-ke-hoach-chuyen-tiep\/\">(10.12) Ai n\u00ean tham gia v\u00e0o cu\u1ed9c h\u1ecdp l\u1eadp k\u1ebf ho\u1ea1ch chuy\u1ec3n ti\u1ebfp?<\/a><\/li>\n<li id=\"menu-item-1266\" class=\"menu-item menu-item-type-post_type menu-item-object-page menu-item-1266\"><a href=\"https:\/\/serr.disabilityrightsca.org\/vi\/serr-manual\/chuong-10-thong-tin-ve-dich-vu-chuyen-tiep-bao-gom-giao-duc-nghe-nghiep\/10-13-dieu-gi-se-xay-ra-neu-hoc-khu-phu-huynh-va-hoc-sinh-khong-the-nhat-tri-voi-ban-ke-khai-ve-cac-dich-vu-chuyen-tiep-trong-iep-cua-hoc-sinh\/\">(10.13) \u0110i\u1ec1u g\u00ec s\u1ebd x\u1ea3y ra n\u1ebfu h\u1ecdc khu, ph\u1ee5 huynh v\u00e0 h\u1ecdc sinh kh\u00f4ng th\u1ec3 nh\u1ea5t tr\u00ed v\u1edbi b\u1ea3n k\u00ea khai v\u1ec1 c\u00e1c d\u1ecbch v\u1ee5 chuy\u1ec3n ti\u1ebfp trong IEP c\u1ee7a h\u1ecdc sinh?<\/a><\/li>\n<li id=\"menu-item-1267\" class=\"menu-item menu-item-type-post_type menu-item-object-page menu-item-1267\"><a href=\"https:\/\/serr.disabilityrightsca.org\/vi\/serr-manual\/chuong-10-thong-tin-ve-dich-vu-chuyen-tiep-bao-gom-giao-duc-nghe-nghiep\/10-14-dieu-gi-xay-ra-neu-mot-co-quan-tham-gia-khong-cung-cap-dich-vu-chuyen-tiep-theo-thoa-thuan-duoc-liet-ke-trong-iep\/\">(10.14) \u0110i\u1ec1u g\u00ec x\u1ea3y ra n\u1ebfu m\u1ed9t c\u01a1 quan tham gia kh\u00f4ng cung c\u1ea5p d\u1ecbch v\u1ee5 chuy\u1ec3n ti\u1ebfp theo th\u1ecfa thu\u1eadn \u0111\u01b0\u1ee3c li\u1ec7t k\u00ea trong IEP?<\/a><\/li>\n<li id=\"menu-item-1268\" class=\"menu-item menu-item-type-post_type menu-item-object-page menu-item-1268\"><a href=\"https:\/\/serr.disabilityrightsca.org\/vi\/serr-manual\/chuong-10-thong-tin-ve-dich-vu-chuyen-tiep-bao-gom-giao-duc-nghe-nghiep\/10-15-dieu-gi-xay-ra-neu-hoc-khu-khong-cung-cap-cac-dich-vu-chuyen-tiep-duoc-liet-ke-trong-iep-hoac-itp\/\">(10.15) \u0110i\u1ec1u g\u00ec x\u1ea3y ra n\u1ebfu h\u1ecdc khu kh\u00f4ng cung c\u1ea5p c\u00e1c d\u1ecbch v\u1ee5 chuy\u1ec3n ti\u1ebfp \u0111\u01b0\u1ee3c li\u1ec7t k\u00ea trong IEP ho\u1eb7c ITP?<\/a><\/li>\n<li id=\"menu-item-1269\" class=\"menu-item menu-item-type-post_type menu-item-object-page menu-item-1269\"><a href=\"https:\/\/serr.disabilityrightsca.org\/vi\/serr-manual\/chuong-10-thong-tin-ve-dich-vu-chuyen-tiep-bao-gom-giao-duc-nghe-nghiep\/10-16-hoc-sinh-co-the-tiep-tuc-nhan-dich-vu-chuyen-tiep-sau-khi-nhan-duoc-chung-chi-hoan-thanh-khong\/\">(10.16) H\u1ecdc sinh c\u00f3 th\u1ec3 ti\u1ebfp t\u1ee5c nh\u1eadn d\u1ecbch v\u1ee5 chuy\u1ec3n ti\u1ebfp sau khi nh\u1eadn \u0111\u01b0\u1ee3c ch\u1ee9ng ch\u1ec9 ho\u00e0n th\u00e0nh kh\u00f4ng?<\/a><\/li>\n<li id=\"menu-item-1270\" class=\"menu-item menu-item-type-post_type menu-item-object-page menu-item-1270\"><a href=\"https:\/\/serr.disabilityrightsca.org\/vi\/serr-manual\/chuong-10-thong-tin-ve-dich-vu-chuyen-tiep-bao-gom-giao-duc-nghe-nghiep\/10-17-moi-quan-he-giua-dich-vu-chuyen-tiep-va-giao-duc-nghe-nghiep-la-gi\/\">(10.17) M\u1ed1i quan h\u1ec7 gi\u1eefa d\u1ecbch v\u1ee5 chuy\u1ec3n ti\u1ebfp v\u00e0 gi\u00e1o d\u1ee5c ngh\u1ec1 nghi\u1ec7p l\u00e0 g\u00ec?<\/a><\/li>\n<li id=\"menu-item-1298\" class=\"menu-item menu-item-type-post_type menu-item-object-page menu-item-1298\"><a href=\"https:\/\/serr.disabilityrightsca.org\/vi\/serr-manual\/chuong-10-thong-tin-ve-dich-vu-chuyen-tiep-bao-gom-giao-duc-nghe-nghiep\/10-18-giao-duc-nghe-nghiep-la-gi\/\">(10.18) Gi\u00e1o d\u1ee5c ngh\u1ec1 nghi\u1ec7p l\u00e0 g\u00ec?<\/a><\/li>\n<li id=\"menu-item-1299\" class=\"menu-item menu-item-type-post_type menu-item-object-page menu-item-1299\"><a href=\"https:\/\/serr.disabilityrightsca.org\/vi\/serr-manual\/chuong-10-thong-tin-ve-dich-vu-chuyen-tiep-bao-gom-giao-duc-nghe-nghiep\/10-19-ai-hoi-du-dieu-kien-nhan-giao-duc-nghe-nghiep\/\">(10.19) Ai h\u1ed9i \u0111\u1ee7 \u0111i\u1ec1u ki\u1ec7n nh\u1eadn gi\u00e1o d\u1ee5c ngh\u1ec1 nghi\u1ec7p?<\/a><\/li>\n<li id=\"menu-item-1300\" class=\"menu-item menu-item-type-post_type menu-item-object-page menu-item-1300\"><a href=\"https:\/\/serr.disabilityrightsca.org\/vi\/serr-manual\/chuong-10-thong-tin-ve-dich-vu-chuyen-tiep-bao-gom-giao-duc-nghe-nghiep\/10-20-khi-nao-nen-bat-dau-dich-vu-nghe-nghiep\/\">(10.20) Khi n\u00e0o n\u00ean b\u1eaft \u0111\u1ea7u d\u1ecbch v\u1ee5 ngh\u1ec1 nghi\u1ec7p?<\/a><\/li>\n<li id=\"menu-item-1301\" class=\"menu-item menu-item-type-post_type menu-item-object-page menu-item-1301\"><a href=\"https:\/\/serr.disabilityrightsca.org\/vi\/serr-manual\/chuong-10-thong-tin-ve-dich-vu-chuyen-tiep-bao-gom-giao-duc-nghe-nghiep\/10-21-khi-nao-toi-nen-yeu-cau-tham-dinh-nghe-nghiep-va-tham-dinh-nen-bao-gom-nhung-gi\/\">(10.21) Khi n\u00e0o t\u00f4i n\u00ean y\u00eau c\u1ea7u th\u1ea9m \u0111\u1ecbnh ngh\u1ec1 nghi\u1ec7p v\u00e0 th\u1ea9m \u0111\u1ecbnh n\u00ean bao g\u1ed3m nh\u1eefng g\u00ec?<\/a><\/li>\n<li id=\"menu-item-1302\" class=\"menu-item menu-item-type-post_type menu-item-object-page menu-item-1302\"><a href=\"https:\/\/serr.disabilityrightsca.org\/vi\/serr-manual\/chuong-10-thong-tin-ve-dich-vu-chuyen-tiep-bao-gom-giao-duc-nghe-nghiep\/10-22-lam-the-nao-toi-co-the-lam-viec-voi-cac-giao-vien-va-nhan-vien-khac-cua-con-toi-de-thuc-day-cac-ky-nang-can-thiet-cho-con-toi-tham-gia-vao-chuong-trinh-giao-duc-nghe-nghiep\/\">(10.22) L\u00e0m th\u1ebf n\u00e0o t\u00f4i c\u00f3 th\u1ec3 l\u00e0m vi\u1ec7c v\u1edbi c\u00e1c gi\u00e1o vi\u00ean v\u00e0 nh\u00e2n vi\u00ean kh\u00e1c c\u1ee7a con t\u00f4i \u0111\u1ec3 th\u00fac \u0111\u1ea9y c\u00e1c k\u1ef9 n\u0103ng c\u1ea7n thi\u1ebft cho con t\u00f4i tham gia v\u00e0o ch\u01b0\u01a1ng tr\u00ecnh gi\u00e1o d\u1ee5c ngh\u1ec1 nghi\u1ec7p?<\/a><\/li>\n<li id=\"menu-item-1303\" class=\"menu-item menu-item-type-post_type menu-item-object-page menu-item-1303\"><a href=\"https:\/\/serr.disabilityrightsca.org\/vi\/serr-manual\/chuong-10-thong-tin-ve-dich-vu-chuyen-tiep-bao-gom-giao-duc-nghe-nghiep\/10-23-khi-toi-phat-trien-iep-cua-con-minh-lam-the-nao-toi-co-the-dua-vao-cac-dich-vu-giao-duc-nghe-nghiep\/\">(10.23) Khi t\u00f4i ph\u00e1t tri\u1ec3n IEP c\u1ee7a con m\u00ecnh, l\u00e0m th\u1ebf n\u00e0o t\u00f4i c\u00f3 th\u1ec3 \u0111\u01b0a v\u00e0o c\u00e1c d\u1ecbch v\u1ee5 gi\u00e1o d\u1ee5c ngh\u1ec1 nghi\u1ec7p?<\/a><\/li>\n<li id=\"menu-item-1304\" class=\"menu-item menu-item-type-post_type menu-item-object-page menu-item-1304\"><a href=\"https:\/\/serr.disabilityrightsca.org\/vi\/serr-manual\/chuong-10-thong-tin-ve-dich-vu-chuyen-tiep-bao-gom-giao-duc-nghe-nghiep\/10-24-toi-nen-xem-xet-nhung-yeu-to-nao-trong-viec-thiet-ke-chuong-trinh-giao-duc-nghe-nghiep-cho-con-minh\/\">(10.24) T\u00f4i n\u00ean xem x\u00e9t nh\u1eefng y\u1ebfu t\u1ed1 n\u00e0o trong vi\u1ec7c thi\u1ebft k\u1ebf ch\u01b0\u01a1ng tr\u00ecnh gi\u00e1o d\u1ee5c ngh\u1ec1 nghi\u1ec7p cho con m\u00ecnh?<\/a><\/li>\n<li id=\"menu-item-1305\" class=\"menu-item menu-item-type-post_type menu-item-object-page menu-item-1305\"><a href=\"https:\/\/serr.disabilityrightsca.org\/vi\/serr-manual\/chuong-10-thong-tin-ve-dich-vu-chuyen-tiep-bao-gom-giao-duc-nghe-nghiep\/10-25-viec-lam-duoc-ho-tro-la-gi\/\">(10.25) Vi\u1ec7c L\u00e0m \u0110\u01b0\u1ee3c H\u1ed7 Tr\u1ee3 l\u00e0 g\u00ec?<\/a><\/li>\n<li id=\"menu-item-1306\" class=\"menu-item menu-item-type-post_type menu-item-object-page menu-item-1306\"><a href=\"https:\/\/serr.disabilityrightsca.org\/vi\/serr-manual\/chuong-10-thong-tin-ve-dich-vu-chuyen-tiep-bao-gom-giao-duc-nghe-nghiep\/10-26-con-toi-co-the-dang-ky-vao-mot-chuong-trinh-nghe-nghiep-giao-duc-pho-thong-khong\/\">(10.26) Con t\u00f4i c\u00f3 th\u1ec3 \u0111\u0103ng k\u00fd v\u00e0o m\u1ed9t ch\u01b0\u01a1ng tr\u00ecnh ngh\u1ec1 nghi\u1ec7p gi\u00e1o d\u1ee5c ph\u1ed5 th\u00f4ng kh\u00f4ng?<\/a><\/li>\n<li id=\"menu-item-1307\" class=\"menu-item menu-item-type-post_type menu-item-object-page menu-item-1307\"><a href=\"https:\/\/serr.disabilityrightsca.org\/vi\/serr-manual\/chuong-10-thong-tin-ve-dich-vu-chuyen-tiep-bao-gom-giao-duc-nghe-nghiep\/10-27-dieu-gi-se-xay-ra-neu-con-toi-can-su-dieu-chinh-trong-chuong-trinh-nghe-nghiep-thong-thuong\/\">(10.27) \u0110i\u1ec1u g\u00ec s\u1ebd x\u1ea3y ra n\u1ebfu con t\u00f4i c\u1ea7n s\u1ef1 \u0111i\u1ec1u ch\u1ec9nh trong ch\u01b0\u01a1ng tr\u00ecnh ngh\u1ec1 nghi\u1ec7p th\u00f4ng th\u01b0\u1eddng?<\/a><\/li>\n<li id=\"menu-item-1308\" class=\"menu-item menu-item-type-post_type menu-item-object-page menu-item-1308\"><a href=\"https:\/\/serr.disabilityrightsca.org\/vi\/serr-manual\/chuong-10-thong-tin-ve-dich-vu-chuyen-tiep-bao-gom-giao-duc-nghe-nghiep\/10-28-so%cc%89-phuc-hoi-chuc-nang-california-co-trach-nhiem-trong-viec-ho-tro-con-toi-chuyen-tu-giao-duc-dac-biet-sang-cuoc-song-truong-thanh-sau-khi-ra-truong-khong\/\">(10.28) S\u01a1\u0309 Ph\u1ee5c H\u1ed3i Ch\u1ee9c N\u0103ng California c\u00f3 tr\u00e1ch nhi\u1ec7m trong vi\u1ec7c h\u1ed7 tr\u1ee3 con t\u00f4i chuy\u1ec3n t\u1eeb gi\u00e1o d\u1ee5c \u0111\u1eb7c bi\u1ec7t sang cu\u1ed9c s\u1ed1ng tr\u01b0\u1edfng th\u00e0nh sau khi ra tr\u01b0\u1eddng kh\u00f4ng?<\/a><\/li>\n<\/ul><\/div>\n","protected":false},"excerpt":{"rendered":"<p>In to\u00e0n b\u1ed9 ch\u01b0\u01a1ng<\/p>\n","protected":false},"author":1,"featured_media":0,"parent":326,"menu_order":10,"comment_status":"closed","ping_status":"closed","template":"","meta":{"footnotes":""},"class_list":["post-349","page","type-page","status-publish","hentry"],"_links":{"self":[{"href":"https:\/\/serr.disabilityrightsca.org\/vi\/wp-json\/wp\/v2\/pages\/349","targetHints":{"allow":["GET"]}}],"collection":[{"href":"https:\/\/serr.disabilityrightsca.org\/vi\/wp-json\/wp\/v2\/pages"}],"about":[{"href":"https:\/\/serr.disabilityrightsca.org\/vi\/wp-json\/wp\/v2\/types\/page"}],"author":[{"embeddable":true,"href":"https:\/\/serr.disabilityrightsca.org\/vi\/wp-json\/wp\/v2\/users\/1"}],"replies":[{"embeddable":true,"href":"https:\/\/serr.disabilityrightsca.org\/vi\/wp-json\/wp\/v2\/comments?post=349"}],"version-history":[{"count":4,"href":"https:\/\/serr.disabilityrightsca.org\/vi\/wp-json\/wp\/v2\/pages\/349\/revisions"}],"predecessor-version":[{"id":4432,"href":"https:\/\/serr.disabilityrightsca.org\/vi\/wp-json\/wp\/v2\/pages\/349\/revisions\/4432"}],"up":[{"embeddable":true,"href":"https:\/\/serr.disabilityrightsca.org\/vi\/wp-json\/wp\/v2\/pages\/326"}],"wp:attachment":[{"href":"https:\/\/serr.disabilityrightsca.org\/vi\/wp-json\/wp\/v2\/media?parent=349"}],"curies":[{"name":"wp","href":"https:\/\/api.w.org\/{rel}","templated":true}]}}