{"id":3503,"date":"2020-07-08T20:57:12","date_gmt":"2020-07-09T03:57:12","guid":{"rendered":"https:\/\/serr.disabilityrightsca.org\/?page_id=3503"},"modified":"2021-02-07T22:14:54","modified_gmt":"2021-02-08T06:14:54","slug":"6-60-phien-dieu-tran-theo-thu-tuc-phap-ly-la-mot-phien-xet-xu-hay-giong-nhu-o-toa-an","status":"publish","type":"page","link":"https:\/\/serr.disabilityrightsca.org\/vi\/serr-manual\/chuong-6-thong-tin-ve-thu-tuc-phap-ly-tuan-thu\/6-60-phien-dieu-tran-theo-thu-tuc-phap-ly-la-mot-phien-xet-xu-hay-giong-nhu-o-toa-an\/","title":{"rendered":"(6.60) Phi\u00ean \u0111i\u1ec1u tr\u1ea7n theo th\u1ee7 t\u1ee5c ph\u00e1p l\u00fd l\u00e0 m\u1ed9t phi\u00ean x\u00e9t x\u1eed hay gi\u1ed1ng nh\u01b0 \u1edf t\u00f2a \u00e1n?"},"content":{"rendered":"\n<p>Phi\u00ean \u0111i\u1ec1u tr\u1ea7n theo th\u1ee7 t\u1ee5c ph\u00e1p l\u00fd kh\u00f4ng ph\u1ea3i l\u00e0 phi\u00ean x\u00e9t x\u1eed. \u0110\u00f3 l\u00e0 phi\u00ean \u0111i\u1ec1u tr\u1ea7n \u201ch\u00e0nh ch\u00ednh\u201d v\u00e0 kh\u00f4ng di\u1ec5n ra t\u1ea1i ph\u00f2ng x\u1eed \u00e1n hay tr\u01b0\u1edbc th\u1ea9m ph\u00e1n. ALJ l\u00e0 ng\u01b0\u1eddi \u0111\u01b0\u1ee3c ti\u1ec3u bang thu\u00ea ph\u1ee5 tr\u00e1ch, ng\u01b0\u1eddi n\u00e0y am hi\u1ec3u v\u1ec1 lu\u1eadt gi\u00e1o d\u1ee5c \u0111\u1eb7c bi\u1ec7t v\u00e0 s\u1ebd xem x\u00e9t c\u00f4ng t\u00e2m t\u1ea5t c\u1ea3 c\u00e1c b\u1eb1ng ch\u1ee9ng v\u00e0 \u0111\u01b0a ra quy\u1ebft \u0111\u1ecbnh.&nbsp; [Cal. Ed. Code Sec. 56505.]<\/p>\n","protected":false},"excerpt":{"rendered":"<p>Phi\u00ean \u0111i\u1ec1u tr\u1ea7n theo th\u1ee7 t\u1ee5c ph\u00e1p l\u00fd kh\u00f4ng ph\u1ea3i l\u00e0 phi\u00ean x\u00e9t x\u1eed. \u0110\u00f3 l\u00e0 phi\u00ean \u0111i\u1ec1u tr\u1ea7n \u201ch\u00e0nh ch\u00ednh\u201d v\u00e0 kh\u00f4ng di\u1ec5n ra&hellip;<\/p>\n","protected":false},"author":1,"featured_media":0,"parent":337,"menu_order":60,"comment_status":"closed","ping_status":"closed","template":"","meta":{"footnotes":""},"class_list":["post-3503","page","type-page","status-publish","hentry"],"_links":{"self":[{"href":"https:\/\/serr.disabilityrightsca.org\/vi\/wp-json\/wp\/v2\/pages\/3503","targetHints":{"allow":["GET"]}}],"collection":[{"href":"https:\/\/serr.disabilityrightsca.org\/vi\/wp-json\/wp\/v2\/pages"}],"about":[{"href":"https:\/\/serr.disabilityrightsca.org\/vi\/wp-json\/wp\/v2\/types\/page"}],"author":[{"embeddable":true,"href":"https:\/\/serr.disabilityrightsca.org\/vi\/wp-json\/wp\/v2\/users\/1"}],"replies":[{"embeddable":true,"href":"https:\/\/serr.disabilityrightsca.org\/vi\/wp-json\/wp\/v2\/comments?post=3503"}],"version-history":[{"count":2,"href":"https:\/\/serr.disabilityrightsca.org\/vi\/wp-json\/wp\/v2\/pages\/3503\/revisions"}],"predecessor-version":[{"id":4028,"href":"https:\/\/serr.disabilityrightsca.org\/vi\/wp-json\/wp\/v2\/pages\/3503\/revisions\/4028"}],"up":[{"embeddable":true,"href":"https:\/\/serr.disabilityrightsca.org\/vi\/wp-json\/wp\/v2\/pages\/337"}],"wp:attachment":[{"href":"https:\/\/serr.disabilityrightsca.org\/vi\/wp-json\/wp\/v2\/media?parent=3503"}],"curies":[{"name":"wp","href":"https:\/\/api.w.org\/{rel}","templated":true}]}}