{"id":3505,"date":"2020-07-08T20:58:01","date_gmt":"2020-07-09T03:58:01","guid":{"rendered":"https:\/\/serr.disabilityrightsca.org\/?page_id=3505"},"modified":"2021-02-07T22:15:34","modified_gmt":"2021-02-08T06:15:34","slug":"6-61-dieu-gi-xay-ra-tai-phien-dieu-tran","status":"publish","type":"page","link":"https:\/\/serr.disabilityrightsca.org\/vi\/serr-manual\/chuong-6-thong-tin-ve-thu-tuc-phap-ly-tuan-thu\/6-61-dieu-gi-xay-ra-tai-phien-dieu-tran\/","title":{"rendered":"(6.61) \u0110i\u1ec1u g\u00ec x\u1ea3y ra t\u1ea1i phi\u00ean \u0111i\u1ec1u tr\u1ea7n?"},"content":{"rendered":"\n<p>Th\u00f4ng th\u01b0\u1eddng, hai b\u00ean \u0111\u01b0a ra tuy\u00ean b\u1ed1 m\u1edf \u0111\u1ea7u m\u00f4 t\u1ea3 v\u1ec1 v\u1ee5 vi\u1ec7c. B\u00ean nguy\u00ean \u0111\u01a1n (b\u1ea5t k\u1ef3 ai n\u1ed9p \u0111\u01a1n xin \u0111i\u1ec1u tr\u1ea7n) s\u1ebd tr\u00ecnh b\u00e0y tr\u01b0\u1eddng h\u1ee3p c\u1ee7a m\u00ecnh b\u1eb1ng c\u00e1ch g\u1ecdi nh\u00e2n ch\u1ee9ng. B\u00ean b\u1ecb \u0111\u01a1n (b\u00ean c\u00f2n l\u1ea1i) c\u00f3 th\u1ec3 s\u1ebd ki\u1ec3m tra ch\u00e9o c\u00e1c nh\u00e2n ch\u1ee9ng c\u1ee7a nguy\u00ean \u0111\u01a1n, v\u00e0 nguy\u00ean \u0111\u01a1n c\u00f3 quy\u1ec1n \u0111\u1eb7t th\u00eam c\u00e2u h\u1ecfi (chuy\u1ec3n h\u01b0\u1edbng) sau khi b\u1ecb \u0111\u01a1n \u0111\u00e3 ki\u1ec3m tra ch\u00e9o.<\/p>\n\n\n\n<p>Sau khi b\u00ean nguy\u00ean \u0111\u01a1n k\u1ebft th\u00fac ph\u1ea7n tr\u00ecnh b\u00e0y tr\u01b0\u1eddng h\u1ee3p c\u1ee7a m\u00ecnh, b\u1ecb \u0111\u01a1n s\u1ebd g\u1ecdi nh\u00e2n ch\u1ee9ng c\u1ee7a m\u00ecnh (th\u1ee7 t\u1ee5c t\u01b0\u01a1ng t\u1ef1 nh\u01b0 tr\u01b0\u1edbc: ki\u1ec3m tra, ki\u1ec3m tra ch\u00e9o, r\u1ed3i ki\u1ec3m tra chuy\u1ec3n h\u01b0\u1edbng). Cu\u1ed1i c\u00f9ng, c\u1ea3 nguy\u00ean \u0111\u01a1n v\u00e0 b\u1ecb \u0111\u01a1n \u0111\u01b0a ra nh\u1eefng l\u1eadp lu\u1eadn k\u1ebft th\u00fac. Qu\u00fd v\u1ecb c\u00f3 th\u1ec3 mu\u1ed1n y\u00eau c\u1ea7u \u201ch\u1ed3 s\u01a1\u201d v\u1eabn m\u1edf \u0111\u1ec3 qu\u00fd v\u1ecb c\u00f3 th\u1ec3 g\u1eedi ph\u1ea7n l\u1eadp lu\u1eadn k\u1ebft th\u00fac b\u1eb1ng v\u0103n b\u1ea3n.<\/p>\n\n\n\n<h3 class=\"wp-block-heading\">&nbsp;<\/h3>\n","protected":false},"excerpt":{"rendered":"<p>Th\u00f4ng th\u01b0\u1eddng, hai b\u00ean \u0111\u01b0a ra tuy\u00ean b\u1ed1 m\u1edf \u0111\u1ea7u m\u00f4 t\u1ea3 v\u1ec1 v\u1ee5 vi\u1ec7c. B\u00ean nguy\u00ean \u0111\u01a1n (b\u1ea5t k\u1ef3 ai n\u1ed9p \u0111\u01a1n xin \u0111i\u1ec1u&hellip;<\/p>\n","protected":false},"author":1,"featured_media":0,"parent":337,"menu_order":61,"comment_status":"closed","ping_status":"closed","template":"","meta":{"footnotes":""},"class_list":["post-3505","page","type-page","status-publish","hentry"],"_links":{"self":[{"href":"https:\/\/serr.disabilityrightsca.org\/vi\/wp-json\/wp\/v2\/pages\/3505","targetHints":{"allow":["GET"]}}],"collection":[{"href":"https:\/\/serr.disabilityrightsca.org\/vi\/wp-json\/wp\/v2\/pages"}],"about":[{"href":"https:\/\/serr.disabilityrightsca.org\/vi\/wp-json\/wp\/v2\/types\/page"}],"author":[{"embeddable":true,"href":"https:\/\/serr.disabilityrightsca.org\/vi\/wp-json\/wp\/v2\/users\/1"}],"replies":[{"embeddable":true,"href":"https:\/\/serr.disabilityrightsca.org\/vi\/wp-json\/wp\/v2\/comments?post=3505"}],"version-history":[{"count":2,"href":"https:\/\/serr.disabilityrightsca.org\/vi\/wp-json\/wp\/v2\/pages\/3505\/revisions"}],"predecessor-version":[{"id":4029,"href":"https:\/\/serr.disabilityrightsca.org\/vi\/wp-json\/wp\/v2\/pages\/3505\/revisions\/4029"}],"up":[{"embeddable":true,"href":"https:\/\/serr.disabilityrightsca.org\/vi\/wp-json\/wp\/v2\/pages\/337"}],"wp:attachment":[{"href":"https:\/\/serr.disabilityrightsca.org\/vi\/wp-json\/wp\/v2\/media?parent=3505"}],"curies":[{"name":"wp","href":"https:\/\/api.w.org\/{rel}","templated":true}]}}