{"id":3509,"date":"2020-07-08T21:19:59","date_gmt":"2020-07-09T04:19:59","guid":{"rendered":"https:\/\/serr.disabilityrightsca.org\/?page_id=3509"},"modified":"2021-02-07T22:16:53","modified_gmt":"2021-02-08T06:16:53","slug":"6-63-neu-nhan-chung-khong-muon-tham-du-phien-dieu-tran-thi-sao","status":"publish","type":"page","link":"https:\/\/serr.disabilityrightsca.org\/vi\/serr-manual\/chuong-6-thong-tin-ve-thu-tuc-phap-ly-tuan-thu\/6-63-neu-nhan-chung-khong-muon-tham-du-phien-dieu-tran-thi-sao\/","title":{"rendered":"(6.63) N\u1ebfu nh\u00e2n ch\u1ee9ng kh\u00f4ng mu\u1ed1n tham d\u1ef1 phi\u00ean \u0111i\u1ec1u tr\u1ea7n th\u00ec sao?"},"content":{"rendered":"\n<p>C\u00e1c nh\u00e2n ch\u1ee9ng c\u00f3 th\u1ec3 ph\u1ea3i tham d\u1ef1 phi\u00ean \u0111i\u1ec1u tr\u1ea7n theo th\u1ee7 t\u1ee5c ph\u00e1p l\u00fd n\u1ebfu tr\u00e1t \u0111\u00f2i nh\u00e2n ch\u1ee9ng \u0111\u01b0\u1ee3c \u201cg\u1eedi\u201d cho nh\u00e2n ch\u1ee9ng \u0111\u00f3. Tr\u00e1t \u0111\u00f2i nh\u00e2n ch\u1ee9ng l\u00e0 m\u1ed9t l\u1ec7nh t\u1eeb ti\u1ec3u bang y\u00eau c\u1ea7u nh\u00e2n ch\u1ee9ng tham d\u1ef1 phi\u00ean \u0111i\u1ec1u tr\u1ea7n. Theo y\u00eau c\u1ea7u, OAH s\u1ebd cung c\u1ea5p c\u00e1c m\u1eabu tr\u00e1t \u0111\u00f2i nh\u00e2n ch\u1ee9ng cho qu\u00fd v\u1ecb \u0111\u1ec3 \u0111i\u1ec1n v\u00e0 s\u1eed d\u1ee5ng (g\u1eedi theo c\u00e1c c\u00e1ch \u0111\u01b0\u1ee3c ph\u00ea duy\u1ec7t) \u0111\u1ed1i v\u1edbi nh\u00e2n ch\u1ee9ng \u0111\u01b0\u1ee3c \u0111\u1ec1 xu\u1ea5t. [34 C.F.R. Sec.300.512(a)(2); 5 C.C.R. Sec. 3082(c)(2); Cal. Ed. Code Sec. 56505(e)(3).]<\/p>\n","protected":false},"excerpt":{"rendered":"<p>C\u00e1c nh\u00e2n ch\u1ee9ng c\u00f3 th\u1ec3 ph\u1ea3i tham d\u1ef1 phi\u00ean \u0111i\u1ec1u tr\u1ea7n theo th\u1ee7 t\u1ee5c ph\u00e1p l\u00fd n\u1ebfu tr\u00e1t \u0111\u00f2i nh\u00e2n ch\u1ee9ng \u0111\u01b0\u1ee3c \u201cg\u1eedi\u201d cho nh\u00e2n&hellip;<\/p>\n","protected":false},"author":1,"featured_media":0,"parent":337,"menu_order":63,"comment_status":"closed","ping_status":"closed","template":"","meta":{"footnotes":""},"class_list":["post-3509","page","type-page","status-publish","hentry"],"_links":{"self":[{"href":"https:\/\/serr.disabilityrightsca.org\/vi\/wp-json\/wp\/v2\/pages\/3509","targetHints":{"allow":["GET"]}}],"collection":[{"href":"https:\/\/serr.disabilityrightsca.org\/vi\/wp-json\/wp\/v2\/pages"}],"about":[{"href":"https:\/\/serr.disabilityrightsca.org\/vi\/wp-json\/wp\/v2\/types\/page"}],"author":[{"embeddable":true,"href":"https:\/\/serr.disabilityrightsca.org\/vi\/wp-json\/wp\/v2\/users\/1"}],"replies":[{"embeddable":true,"href":"https:\/\/serr.disabilityrightsca.org\/vi\/wp-json\/wp\/v2\/comments?post=3509"}],"version-history":[{"count":2,"href":"https:\/\/serr.disabilityrightsca.org\/vi\/wp-json\/wp\/v2\/pages\/3509\/revisions"}],"predecessor-version":[{"id":4031,"href":"https:\/\/serr.disabilityrightsca.org\/vi\/wp-json\/wp\/v2\/pages\/3509\/revisions\/4031"}],"up":[{"embeddable":true,"href":"https:\/\/serr.disabilityrightsca.org\/vi\/wp-json\/wp\/v2\/pages\/337"}],"wp:attachment":[{"href":"https:\/\/serr.disabilityrightsca.org\/vi\/wp-json\/wp\/v2\/media?parent=3509"}],"curies":[{"name":"wp","href":"https:\/\/api.w.org\/{rel}","templated":true}]}}