{"id":3527,"date":"2020-07-08T21:53:13","date_gmt":"2020-07-09T04:53:13","guid":{"rendered":"https:\/\/serr.disabilityrightsca.org\/?page_id=3527"},"modified":"2021-02-07T22:26:02","modified_gmt":"2021-02-08T06:26:02","slug":"6-72-toi-muon-kien-hoc-khu-ve-cac-thiet-hai-tai-chinh-vi-chuong-trinh-giao-duc-dac-biet-cua-con-toi-da-bi-xu-ly-sai-hoac-bi-phot-lo-trong-nhung-nam-qua-co-hoi-thanh-cong-cua-toi-nhu-the-nao","status":"publish","type":"page","link":"https:\/\/serr.disabilityrightsca.org\/vi\/serr-manual\/chuong-6-thong-tin-ve-thu-tuc-phap-ly-tuan-thu\/6-72-toi-muon-kien-hoc-khu-ve-cac-thiet-hai-tai-chinh-vi-chuong-trinh-giao-duc-dac-biet-cua-con-toi-da-bi-xu-ly-sai-hoac-bi-phot-lo-trong-nhung-nam-qua-co-hoi-thanh-cong-cua-toi-nhu-the-nao\/","title":{"rendered":"(6.72) T\u00f4i mu\u1ed1n ki\u1ec7n h\u1ecdc khu v\u1ec1 c\u00e1c thi\u1ec7t h\u1ea1i t\u00e0i ch\u00ednh v\u00ec ch\u01b0\u01a1ng tr\u00ecnh gi\u00e1o d\u1ee5c \u0111\u1eb7c bi\u1ec7t c\u1ee7a con t\u00f4i \u0111\u00e3 b\u1ecb x\u1eed l\u00fd sai ho\u1eb7c b\u1ecb ph\u1edbt l\u1edd trong nh\u1eefng n\u0103m qua. C\u01a1 h\u1ed9i th\u00e0nh c\u00f4ng c\u1ee7a t\u00f4i nh\u01b0 th\u1ebf n\u00e0o?"},"content":{"rendered":"\n<p>T\u1ea5t c\u1ea3 c\u00e1c t\u00f2a ph\u00fac th\u1ea9m li\u00ean bang t\u1eebng gi\u1ea3i quy\u1ebft v\u1ea5n \u0111\u1ec1 n\u00e0y \u0111\u00e3 t\u1eeb ch\u1ed1i c\u00e1c v\u1ee5 ki\u1ec7n \u0111\u00f2i b\u1ed3i th\u01b0\u1eddng thi\u1ec7t h\u1ea1i cho c\u00e1i g\u1ecdi l\u00e0 \u201csai l\u1ea7m gi\u00e1o d\u1ee5c\u201d khi c\u00e1c v\u1ee5 ki\u1ec7n ch\u1ec9 \u0111\u01b0\u1ee3c \u0111\u01b0a ra theo \u0110\u1ea1o Lu\u1eadt Gi\u00e1o D\u1ee5c Ng\u01b0\u1eddi Khuy\u1ebft T\u1eadt (Individuals with Disabilities Education Act, IDEA), bao g\u1ed3m c\u1ea3 California, bang \u0111\u01b0\u1ee3c ki\u1ec3m so\u00e1t b\u1edfi T\u00f2a Ph\u00fac Th\u1ea9m Khu V\u1ef1c 9 (Ninth Circuit Court of Appeals). [<em>Mountain View-Los Altos Union H.S. Dist. v. Sharron B.H<\/em>., 709 F.2d 28, 31 (9th Cir. 1981).]<\/p>\n\n\n\n<h3 class=\"wp-block-heading\">&nbsp;<\/h3>\n","protected":false},"excerpt":{"rendered":"<p>T\u1ea5t c\u1ea3 c\u00e1c t\u00f2a ph\u00fac th\u1ea9m li\u00ean bang t\u1eebng gi\u1ea3i quy\u1ebft v\u1ea5n \u0111\u1ec1 n\u00e0y \u0111\u00e3 t\u1eeb ch\u1ed1i c\u00e1c v\u1ee5 ki\u1ec7n \u0111\u00f2i b\u1ed3i th\u01b0\u1eddng thi\u1ec7t h\u1ea1i&hellip;<\/p>\n","protected":false},"author":1,"featured_media":0,"parent":337,"menu_order":72,"comment_status":"closed","ping_status":"closed","template":"","meta":{"footnotes":""},"class_list":["post-3527","page","type-page","status-publish","hentry"],"_links":{"self":[{"href":"https:\/\/serr.disabilityrightsca.org\/vi\/wp-json\/wp\/v2\/pages\/3527","targetHints":{"allow":["GET"]}}],"collection":[{"href":"https:\/\/serr.disabilityrightsca.org\/vi\/wp-json\/wp\/v2\/pages"}],"about":[{"href":"https:\/\/serr.disabilityrightsca.org\/vi\/wp-json\/wp\/v2\/types\/page"}],"author":[{"embeddable":true,"href":"https:\/\/serr.disabilityrightsca.org\/vi\/wp-json\/wp\/v2\/users\/1"}],"replies":[{"embeddable":true,"href":"https:\/\/serr.disabilityrightsca.org\/vi\/wp-json\/wp\/v2\/comments?post=3527"}],"version-history":[{"count":2,"href":"https:\/\/serr.disabilityrightsca.org\/vi\/wp-json\/wp\/v2\/pages\/3527\/revisions"}],"predecessor-version":[{"id":4040,"href":"https:\/\/serr.disabilityrightsca.org\/vi\/wp-json\/wp\/v2\/pages\/3527\/revisions\/4040"}],"up":[{"embeddable":true,"href":"https:\/\/serr.disabilityrightsca.org\/vi\/wp-json\/wp\/v2\/pages\/337"}],"wp:attachment":[{"href":"https:\/\/serr.disabilityrightsca.org\/vi\/wp-json\/wp\/v2\/media?parent=3527"}],"curies":[{"name":"wp","href":"https:\/\/api.w.org\/{rel}","templated":true}]}}