{"id":357,"date":"2019-06-06T15:42:44","date_gmt":"2019-06-06T22:42:44","guid":{"rendered":"http:\/\/www.rula.disabilityrightsca.org\/serr\/vi\/?page_id=357"},"modified":"2022-06-28T12:48:06","modified_gmt":"2022-06-28T19:48:06","slug":"chuong-13-thong-tin-ve-dich-vu-giao-duc-mau-giao","status":"publish","type":"page","link":"https:\/\/serr.disabilityrightsca.org\/vi\/serr-manual\/chuong-13-thong-tin-ve-dich-vu-giao-duc-mau-giao\/","title":{"rendered":"Ch\u01b0\u01a1ng 13: Th\u00f4ng Tin v\u1ec1 D\u1ecbch V\u1ee5 Gi\u00e1o D\u1ee5c M\u1eabu Gi\u00e1o"},"content":{"rendered":"\n<p><div class=\"print-fullchapter-wrap\"><div class=\"print-fullchapter\"><a href=\"https:\/\/serr.disabilityrightsca.org\/vi\/chapter-13-print\/\">In to\u00e0n b\u1ed9 ch\u01b0\u01a1ng<\/a><\/div><\/div><\/p>\n\n\n\n<div class=\"menu-chapter-13-container\"><ul id=\"menu-chapter-13\" class=\"menu\"><li id=\"menu-item-896\" class=\"menu-item menu-item-type-post_type menu-item-object-page menu-item-896\"><a href=\"https:\/\/serr.disabilityrightsca.org\/vi\/serr-manual\/chuong-13-thong-tin-ve-dich-vu-giao-duc-mau-giao\/13-1-luat-lien-bang-nao-yeu-cau-dich-vu-giao-duc-mau-giao\/\">(13.1) Lu\u1eadt li\u00ean bang n\u00e0o y\u00eau c\u1ea7u d\u1ecbch v\u1ee5 gi\u00e1o d\u1ee5c m\u1eabu gi\u00e1o?<\/a><\/li>\n<li id=\"menu-item-935\" class=\"menu-item menu-item-type-post_type menu-item-object-page menu-item-935\"><a href=\"https:\/\/serr.disabilityrightsca.org\/vi\/serr-manual\/chuong-13-thong-tin-ve-dich-vu-giao-duc-mau-giao\/13-2-muc-dich-cua-cac-dich-vu-giao-duc-mau-giao-la-gi\/\">(13.2) M\u1ee5c \u0111\u00edch c\u1ee7a c\u00e1c d\u1ecbch v\u1ee5 gi\u00e1o d\u1ee5c m\u1eabu gi\u00e1o l\u00e0 g\u00ec?<\/a><\/li>\n<li id=\"menu-item-936\" class=\"menu-item menu-item-type-post_type menu-item-object-page menu-item-936\"><a href=\"https:\/\/serr.disabilityrightsca.org\/vi\/serr-manual\/chuong-13-thong-tin-ve-dich-vu-giao-duc-mau-giao\/13-3-co-phai-tat-ca-cac-hoc-khu-deu-chiu-trach-nhiem-thuc-hien-day-du-cac-dich-vu-cho-tre-tu-3-den-5-tuoi-khong\/\">(13.3) C\u00f3 ph\u1ea3i t\u1ea5t c\u1ea3 c\u00e1c h\u1ecdc khu \u0111\u1ec1u ch\u1ecbu tr\u00e1ch nhi\u1ec7m th\u1ef1c hi\u1ec7n \u0111\u1ea7y \u0111\u1ee7 c\u00e1c d\u1ecbch v\u1ee5 cho tr\u1ebb t\u1eeb 3 \u0111\u1ebfn 5 tu\u1ed5i kh\u00f4ng<\/a><\/li>\n<li id=\"menu-item-937\" class=\"menu-item menu-item-type-post_type menu-item-object-page menu-item-937\"><a href=\"https:\/\/serr.disabilityrightsca.org\/vi\/serr-manual\/chuong-13-thong-tin-ve-dich-vu-giao-duc-mau-giao\/13-4-tieu-chi-du-dieu-kien-cho-tre-khuyet-tat-tu-ba-den-nam-tuoi-la-gi\/\">(13.4) Ti\u00eau ch\u00ed \u0111\u1ee7 \u0111i\u1ec1u ki\u1ec7n cho tr\u1ebb khuy\u1ebft t\u1eadt t\u1eeb ba \u0111\u1ebfn n\u0103m tu\u1ed5i l\u00e0 g\u00ec?<\/a><\/li>\n<li id=\"menu-item-938\" class=\"menu-item menu-item-type-post_type menu-item-object-page menu-item-938\"><a href=\"https:\/\/serr.disabilityrightsca.org\/vi\/serr-manual\/chuong-13-thong-tin-ve-dich-vu-giao-duc-mau-giao\/13-5-con-toi-co-hoi-du-dieu-kien-nhan-giao-duc-dac-biet-theo-danh-muc-co-ten-chi-loi-noi-khong\/\">(13.5) Con t\u00f4i c\u00f3 h\u1ed9i \u0111\u1ee7 \u0111i\u1ec1u ki\u1ec7n nh\u1eadn gi\u00e1o d\u1ee5c \u0111\u1eb7c bi\u1ec7t theo danh m\u1ee5c c\u00f3 t\u00ean \u201cch\u1ec9 l\u1eddi n\u00f3i\u201d kh\u00f4ng?<\/a><\/li>\n<li id=\"menu-item-939\" class=\"menu-item menu-item-type-post_type menu-item-object-page menu-item-939\"><a href=\"https:\/\/serr.disabilityrightsca.org\/vi\/serr-manual\/chuong-13-thong-tin-ve-dich-vu-giao-duc-mau-giao\/13-6-neu-toi-nghi-con-toi-can-dich-vu-toi-nen-lien-he-voi-ai\/\">(13.6) N\u1ebfu t\u00f4i ngh\u0129 con t\u00f4i c\u1ea7n d\u1ecbch v\u1ee5, t\u00f4i n\u00ean li\u00ean h\u1ec7 v\u1edbi ai?<\/a><\/li>\n<li id=\"menu-item-940\" class=\"menu-item menu-item-type-post_type menu-item-object-page menu-item-940\"><a href=\"https:\/\/serr.disabilityrightsca.org\/vi\/serr-manual\/chuong-13-thong-tin-ve-dich-vu-giao-duc-mau-giao\/13-7-doi-voi-tre-nhan-dich-vu-can-thiep-som-dieu-gi-xay-ra-khi-con-toi-len-ba-tuoi\/\">(13.7) \u0110\u1ed1i v\u1edbi tr\u1ebb nh\u1eadn d\u1ecbch v\u1ee5 can thi\u1ec7p s\u1edbm, \u0111i\u1ec1u g\u00ec x\u1ea3y ra khi con t\u00f4i l\u00ean ba tu\u1ed5i?<\/a><\/li>\n<li id=\"menu-item-941\" class=\"menu-item menu-item-type-post_type menu-item-object-page menu-item-941\"><a href=\"https:\/\/serr.disabilityrightsca.org\/vi\/serr-manual\/chuong-13-thong-tin-ve-dich-vu-giao-duc-mau-giao\/13-8-dieu-gi-xay-ra-tai-cuoc-hop-lap-ke-hoach-chuyen-tiep\/\">(13.8) \u0110i\u1ec1u g\u00ec x\u1ea3y ra t\u1ea1i cu\u1ed9c h\u1ecdp l\u1eadp k\u1ebf ho\u1ea1ch chuy\u1ec3n ti\u1ebfp?<\/a><\/li>\n<li id=\"menu-item-942\" class=\"menu-item menu-item-type-post_type menu-item-object-page menu-item-942\"><a href=\"https:\/\/serr.disabilityrightsca.org\/vi\/serr-manual\/chuong-13-thong-tin-ve-dich-vu-giao-duc-mau-giao\/13-9-con-toi-hien-dang-nhan-dich-vu-bat-dau-som-tai-cuoc-hop-iep-ban-dau-hoc-khu-khong-dong-y-voi-toi-ve-nhu-cau-cua-con-toi-doi-voi-cac-dich-vu-giao-duc-dac-biet-lieu-con-toi-co-tiep-tuc-nhan\/\">(13.9) Con t\u00f4i hi\u1ec7n \u0111ang nh\u1eadn d\u1ecbch v\u1ee5 B\u1eaft \u0110\u1ea7u S\u1edbm.  T\u1ea1i cu\u1ed9c h\u1ecdp IEP ban \u0111\u1ea7u, h\u1ecdc khu kh\u00f4ng \u0111\u1ed3ng \u00fd v\u1edbi t\u00f4i v\u1ec1 nhu c\u1ea7u c\u1ee7a con t\u00f4i \u0111\u1ed1i v\u1edbi c\u00e1c d\u1ecbch v\u1ee5 gi\u00e1o d\u1ee5c \u0111\u1eb7c bi\u1ec7t.  Li\u1ec7u con t\u00f4i c\u00f3 ti\u1ebfp t\u1ee5c nh\u1eadn \u0111\u01b0\u1ee3c d\u1ecbch v\u1ee5 B\u1eaft \u0110\u1ea7u S\u1edbm cho \u0111\u1ebfn khi b\u1ea5t \u0111\u1ed3ng \u0111\u01b0\u1ee3c gi\u1ea3i quy\u1ebft kh\u00f4ng?<\/a><\/li>\n<li id=\"menu-item-943\" class=\"menu-item menu-item-type-post_type menu-item-object-page menu-item-943\"><a href=\"https:\/\/serr.disabilityrightsca.org\/vi\/serr-manual\/chuong-13-thong-tin-ve-dich-vu-giao-duc-mau-giao\/13-10-dich-vu-giao-duc-dac-biet-nao-danh-cho-con-cua-toi-dang-o-do-tuoi-mau-giao\/\">(13.10) D\u1ecbch v\u1ee5 gi\u00e1o d\u1ee5c \u0111\u1eb7c bi\u1ec7t n\u00e0o d\u00e0nh cho con c\u1ee7a t\u00f4i \u0111ang \u1edf \u0111\u1ed9 tu\u1ed5i m\u1eabu gi\u00e1o?<\/a><\/li>\n<li id=\"menu-item-944\" class=\"menu-item menu-item-type-post_type menu-item-object-page menu-item-944\"><a href=\"https:\/\/serr.disabilityrightsca.org\/vi\/serr-manual\/chuong-13-thong-tin-ve-dich-vu-giao-duc-mau-giao\/13-11-con-toi-co-duoc-huong-cac-dich-vu-lien-quan-nhu-dich-vu-hanh-vi-va-lieu-phap-nghe-nghiep-vat-ly-khong\/\">(13.11) Con t\u00f4i c\u00f3 \u0111\u01b0\u1ee3c h\u01b0\u1edfng c\u00e1c d\u1ecbch v\u1ee5 li\u00ean quan nh\u01b0 d\u1ecbch v\u1ee5 h\u00e0nh vi v\u00e0 li\u1ec7u ph\u00e1p ngh\u1ec1 nghi\u1ec7p\/v\u1eadt l\u00fd kh\u00f4ng?<\/a><\/li>\n<li id=\"menu-item-945\" class=\"menu-item menu-item-type-post_type menu-item-object-page menu-item-945\"><a href=\"https:\/\/serr.disabilityrightsca.org\/vi\/serr-manual\/chuong-13-thong-tin-ve-dich-vu-giao-duc-mau-giao\/13-12-ai-se-xac-dinh-thoi-luong-trong-ngay-chuong-trinh-cua-con-toi-va-dich-vu-mau-giao-nen-duoc-cung-cap-rieng-hay-trong-mot-nhom\/\">(13.12) Ai s\u1ebd x\u00e1c \u0111\u1ecbnh th\u1eddi l\u01b0\u1ee3ng trong ng\u00e0y ch\u01b0\u01a1ng tr\u00ecnh c\u1ee7a con t\u00f4i v\u00e0 d\u1ecbch v\u1ee5 m\u1eabu gi\u00e1o n\u00ean \u0111\u01b0\u1ee3c cung c\u1ea5p ri\u00eang hay trong m\u1ed9t nh\u00f3m?<\/a><\/li>\n<li id=\"menu-item-946\" class=\"menu-item menu-item-type-post_type menu-item-object-page menu-item-946\"><a href=\"https:\/\/serr.disabilityrightsca.org\/vi\/serr-manual\/chuong-13-thong-tin-ve-dich-vu-giao-duc-mau-giao\/13-13-neu-con-toi-hoi-du-dieu-kien-nhan-dich-vu-giao-duc-dac-biet-tre-se-nhan-cac-dich-vu-do-o-dau\/\">(13.13) N\u1ebfu con t\u00f4i h\u1ed9i \u0111\u1ee7 \u0111i\u1ec1u ki\u1ec7n nh\u1eadn d\u1ecbch v\u1ee5 gi\u00e1o d\u1ee5c \u0111\u1eb7c bi\u1ec7t, tr\u1ebb s\u1ebd nh\u1eadn c\u00e1c d\u1ecbch v\u1ee5 \u0111\u00f3 \u1edf \u0111\u00e2u?<\/a><\/li>\n<li id=\"menu-item-947\" class=\"menu-item menu-item-type-post_type menu-item-object-page menu-item-947\"><a href=\"https:\/\/serr.disabilityrightsca.org\/vi\/serr-manual\/chuong-13-thong-tin-ve-dich-vu-giao-duc-mau-giao\/13-14-con-toi-co-the-tham-gia-hoat-dong-giao-duc-voi-tre-khong-khuyet-tat-khong\/\">(13.14) Con t\u00f4i c\u00f3 th\u1ec3 tham gia ho\u1ea1t \u0111\u1ed9ng gi\u00e1o d\u1ee5c v\u1edbi tr\u1ebb kh\u00f4ng khuy\u1ebft t\u1eadt kh\u00f4ng?<\/a><\/li>\n<li id=\"menu-item-948\" class=\"menu-item menu-item-type-post_type menu-item-object-page menu-item-948\"><a href=\"https:\/\/serr.disabilityrightsca.org\/vi\/serr-manual\/chuong-13-thong-tin-ve-dich-vu-giao-duc-mau-giao\/13-15-hoc-khu-co-bao-gio-tra-hoc-phi-tai-truong-mau-giao-tu-khong\/\">(13.15) H\u1ecdc khu c\u00f3 bao gi\u1edd tr\u1ea3 h\u1ecdc ph\u00ed t\u1ea1i tr\u01b0\u1eddng m\u1eabu gi\u00e1o t\u01b0 kh\u00f4ng?<\/a><\/li>\n<li id=\"menu-item-949\" class=\"menu-item menu-item-type-post_type menu-item-object-page menu-item-949\"><a href=\"https:\/\/serr.disabilityrightsca.org\/vi\/serr-manual\/chuong-13-thong-tin-ve-dich-vu-giao-duc-mau-giao\/13-16-co-nen-co-danh-sach-cho-doi-voi-dich-vu-cho-con-toi-khong\/\">(13.16) C\u00f3 n\u00ean c\u00f3 \u201cdanh s\u00e1ch ch\u1edd\u201d \u0111\u1ed1i v\u1edbi d\u1ecbch v\u1ee5 cho con t\u00f4i kh\u00f4ng?<\/a><\/li>\n<\/ul><\/div>\n","protected":false},"excerpt":{"rendered":"<p>In to\u00e0n b\u1ed9 ch\u01b0\u01a1ng<\/p>\n","protected":false},"author":1,"featured_media":0,"parent":326,"menu_order":13,"comment_status":"closed","ping_status":"closed","template":"","meta":{"footnotes":""},"class_list":["post-357","page","type-page","status-publish","hentry"],"_links":{"self":[{"href":"https:\/\/serr.disabilityrightsca.org\/vi\/wp-json\/wp\/v2\/pages\/357","targetHints":{"allow":["GET"]}}],"collection":[{"href":"https:\/\/serr.disabilityrightsca.org\/vi\/wp-json\/wp\/v2\/pages"}],"about":[{"href":"https:\/\/serr.disabilityrightsca.org\/vi\/wp-json\/wp\/v2\/types\/page"}],"author":[{"embeddable":true,"href":"https:\/\/serr.disabilityrightsca.org\/vi\/wp-json\/wp\/v2\/users\/1"}],"replies":[{"embeddable":true,"href":"https:\/\/serr.disabilityrightsca.org\/vi\/wp-json\/wp\/v2\/comments?post=357"}],"version-history":[{"count":4,"href":"https:\/\/serr.disabilityrightsca.org\/vi\/wp-json\/wp\/v2\/pages\/357\/revisions"}],"predecessor-version":[{"id":4437,"href":"https:\/\/serr.disabilityrightsca.org\/vi\/wp-json\/wp\/v2\/pages\/357\/revisions\/4437"}],"up":[{"embeddable":true,"href":"https:\/\/serr.disabilityrightsca.org\/vi\/wp-json\/wp\/v2\/pages\/326"}],"wp:attachment":[{"href":"https:\/\/serr.disabilityrightsca.org\/vi\/wp-json\/wp\/v2\/media?parent=357"}],"curies":[{"name":"wp","href":"https:\/\/api.w.org\/{rel}","templated":true}]}}