{"id":362,"date":"2019-06-06T15:43:27","date_gmt":"2019-06-06T22:43:27","guid":{"rendered":"http:\/\/www.rula.disabilityrightsca.org\/serr\/vi\/?page_id=362"},"modified":"2022-06-28T15:13:38","modified_gmt":"2022-06-28T22:13:38","slug":"chuong-15-thong-tin-ve-quyen-cua-hoc-sinh-co-nhu-cau-hanh-vi-va-hoc-sinh-bi-bat-nat","status":"publish","type":"page","link":"https:\/\/serr.disabilityrightsca.org\/vi\/serr-manual\/chuong-15-thong-tin-ve-quyen-cua-hoc-sinh-co-nhu-cau-hanh-vi-va-hoc-sinh-bi-bat-nat\/","title":{"rendered":"Ch\u01b0\u01a1ng 15: Th\u00f4ng Tin v\u1ec1 Quy\u1ec1n c\u1ee7a H\u1ecdc Sinh c\u00f3  Nhu C\u1ea7u H\u00e0nh Vi v\u00e0 H\u1ecdc Sinh B\u1ecb B\u1eaft N\u1ea1t"},"content":{"rendered":"\n<p><div class=\"print-fullchapter-wrap\"><div class=\"print-fullchapter\"><a href=\"https:\/\/serr.disabilityrightsca.org\/vi\/chapter-15-print\/\">In to\u00e0n b\u1ed9 ch\u01b0\u01a1ng<\/a><\/div><\/div><\/p>\n\n\n\n<div class=\"menu-chapter-15-container\"><ul id=\"menu-chapter-15\" class=\"menu\"><li id=\"menu-item-2644\" class=\"menu-item menu-item-type-post_type menu-item-object-page menu-item-2644\"><a href=\"https:\/\/serr.disabilityrightsca.org\/vi\/serr-manual\/chuong-15-thong-tin-ve-quyen-cua-hoc-sinh-co-nhu-cau-hanh-vi-va-hoc-sinh-bi-bat-nat\/15-1-con-toi-co-van-de-hanh-vi-lien-tuc-xay-ra-hoc-khu-co-trach-nhiem-giai-quyet-nhung-van-de-do-khong\/\">(15.1) Con t\u00f4i c\u00f3 v\u1ea5n \u0111\u1ec1 h\u00e0nh vi li\u00ean t\u1ee5c x\u1ea3y ra.  H\u1ecdc khu c\u00f3 tr\u00e1ch nhi\u1ec7m gi\u1ea3i quy\u1ebft nh\u1eefng v\u1ea5n \u0111\u1ec1 \u0111\u00f3 kh\u00f4ng?<\/a><\/li>\n<li id=\"menu-item-2645\" class=\"menu-item menu-item-type-post_type menu-item-object-page menu-item-2645\"><a href=\"https:\/\/serr.disabilityrightsca.org\/vi\/serr-manual\/chuong-15-thong-tin-ve-quyen-cua-hoc-sinh-co-nhu-cau-hanh-vi-va-hoc-sinh-bi-bat-nat\/15-2-hoc-khu-co-bat-buoc-phai-tien-hanh-tham-dinh-phan-tich-chuc-nang-functional-analysis-assessment-faa-va-xay-dung-ke-hoach-can-thiep-hanh-vi-tich-cuc-positive-behavior-intervention-plan-pbip\/\">(15.2) H\u1ecdc khu c\u00f3 b\u1eaft bu\u1ed9c ph\u1ea3i ti\u1ebfn h\u00e0nh th\u1ea9m \u0111\u1ecbnh ph\u00e2n t\u00edch ch\u1ee9c n\u0103ng (functional analysis assessment, FAA) v\u00e0 x\u00e2y d\u1ef1ng k\u1ebf ho\u1ea1ch can thi\u1ec7p h\u00e0nh vi t\u00edch c\u1ef1c (positive behavior intervention plan, PBIP) kh\u00f4ng?<\/a><\/li>\n<li id=\"menu-item-2646\" class=\"menu-item menu-item-type-post_type menu-item-object-page menu-item-2646\"><a href=\"https:\/\/serr.disabilityrightsca.org\/vi\/serr-manual\/chuong-15-thong-tin-ve-quyen-cua-hoc-sinh-co-nhu-cau-hanh-vi-va-hoc-sinh-bi-bat-nat\/15-3-lam-cach-nao-de-toi-nhan-duoc-tham-dinh-hanh-vi-va-nhung-dich-vu-nao-co-san-de-giai-quyet-nhu-cau-hanh-vi-cua-con-toi\/\">(15.3) L\u00e0m c\u00e1ch n\u00e0o \u0111\u1ec3 t\u00f4i nh\u1eadn \u0111\u01b0\u1ee3c th\u1ea9m \u0111\u1ecbnh h\u00e0nh vi v\u00e0 nh\u1eefng d\u1ecbch v\u1ee5 n\u00e0o c\u00f3 s\u1eb5n \u0111\u1ec3 gi\u1ea3i quy\u1ebft nhu c\u1ea7u h\u00e0nh vi c\u1ee7a con t\u00f4i?<\/a><\/li>\n<li id=\"menu-item-2647\" class=\"menu-item menu-item-type-post_type menu-item-object-page menu-item-2647\"><a href=\"https:\/\/serr.disabilityrightsca.org\/vi\/serr-manual\/chuong-15-thong-tin-ve-quyen-cua-hoc-sinh-co-nhu-cau-hanh-vi-va-hoc-sinh-bi-bat-nat\/15-4-khi-nao-hoc-khu-co-the-su-dung-bien-phap-can-thiep-hanh-vi-khan-cap-chang-han-nhu-kiem-che-hoac-cach-ly-doi-voi-con-toi\/\">(15.4) Khi n\u00e0o h\u1ecdc khu c\u00f3 th\u1ec3 s\u1eed d\u1ee5ng bi\u1ec7n ph\u00e1p can thi\u1ec7p h\u00e0nh vi kh\u1ea9n c\u1ea5p, ch\u1eb3ng h\u1ea1n nh\u01b0 ki\u1ec1m ch\u1ebf ho\u1eb7c c\u00e1ch ly \u0111\u1ed1i v\u1edbi con t\u00f4i?<\/a><\/li>\n<li id=\"menu-item-2648\" class=\"menu-item menu-item-type-post_type menu-item-object-page menu-item-2648\"><a href=\"https:\/\/serr.disabilityrightsca.org\/vi\/serr-manual\/chuong-15-thong-tin-ve-quyen-cua-hoc-sinh-co-nhu-cau-hanh-vi-va-hoc-sinh-bi-bat-nat\/15-5-hoc-khu-co-bi-cam-su-dung-bat-ky-loai-bien-phap-can-thiep-hanh-vi-khan-cap-nao-khong\/\">(15.5) H\u1ecdc khu c\u00f3 b\u1ecb c\u1ea5m s\u1eed d\u1ee5ng b\u1ea5t k\u1ef3 lo\u1ea1i bi\u1ec7n ph\u00e1p can thi\u1ec7p h\u00e0nh vi kh\u1ea9n c\u1ea5p n\u00e0o kh\u00f4ng?<\/a><\/li>\n<li id=\"menu-item-2649\" class=\"menu-item menu-item-type-post_type menu-item-object-page menu-item-2649\"><a href=\"https:\/\/serr.disabilityrightsca.org\/vi\/serr-manual\/chuong-15-thong-tin-ve-quyen-cua-hoc-sinh-co-nhu-cau-hanh-vi-va-hoc-sinh-bi-bat-nat\/15-6-neu-hoc-khu-su-dung-cac-bien-phap-can-thiep-hanh-vi-khan-cap-chang-han-nhu-kiem-che-the-chat-doi-voi-con-toi-hoc-khu-phai-lam-gi-va-toi-phai-lam-gi\/\">(15.6) N\u1ebfu h\u1ecdc khu s\u1eed d\u1ee5ng c\u00e1c bi\u1ec7n ph\u00e1p can thi\u1ec7p h\u00e0nh vi kh\u1ea9n c\u1ea5p, ch\u1eb3ng h\u1ea1n nh\u01b0 ki\u1ec1m ch\u1ebf th\u1ec3 ch\u1ea5t \u0111\u1ed1i v\u1edbi con t\u00f4i, h\u1ecdc khu ph\u1ea3i l\u00e0m g\u00ec v\u00e0 t\u00f4i ph\u1ea3i l\u00e0m g\u00ec?<\/a><\/li>\n<li id=\"menu-item-2650\" class=\"menu-item menu-item-type-post_type menu-item-object-page menu-item-2650\"><a href=\"https:\/\/serr.disabilityrightsca.org\/vi\/serr-manual\/chuong-15-thong-tin-ve-quyen-cua-hoc-sinh-co-nhu-cau-hanh-vi-va-hoc-sinh-bi-bat-nat\/15-7-toi-co-the-tim-huong-dan-ve-nhiem-vu-cung-cap-dich-vu-hanh-vi-cua-truong-hoc-o-dau\/\">(15.7) T\u00f4i c\u00f3 th\u1ec3 t\u00ecm h\u01b0\u1edbng d\u1eabn v\u1ec1 nhi\u1ec7m v\u1ee5 cung c\u1ea5p d\u1ecbch v\u1ee5 h\u00e0nh vi c\u1ee7a tr\u01b0\u1eddng h\u1ecdc \u1edf \u0111\u00e2u?<\/a><\/li>\n<li id=\"menu-item-2651\" class=\"menu-item menu-item-type-post_type menu-item-object-page menu-item-2651\"><a href=\"https:\/\/serr.disabilityrightsca.org\/vi\/serr-manual\/chuong-15-thong-tin-ve-quyen-cua-hoc-sinh-co-nhu-cau-hanh-vi-va-hoc-sinh-bi-bat-nat\/15-8-con-toi-bi-cao-buoc-bat-nat-nhung-tre-khac-o-truong-truong-cua-con-toi-nen-lam-gi\/\">(15.8) Con t\u00f4i b\u1ecb c\u00e1o bu\u1ed9c b\u1eaft n\u1ea1t nh\u1eefng tr\u1ebb kh\u00e1c \u1edf tr\u01b0\u1eddng. Tr\u01b0\u1eddng c\u1ee7a con t\u00f4i n\u00ean l\u00e0m g\u00ec?<\/a><\/li>\n<li id=\"menu-item-2652\" class=\"menu-item menu-item-type-post_type menu-item-object-page menu-item-2652\"><a href=\"https:\/\/serr.disabilityrightsca.org\/vi\/serr-manual\/chuong-15-thong-tin-ve-quyen-cua-hoc-sinh-co-nhu-cau-hanh-vi-va-hoc-sinh-bi-bat-nat\/15-9-lam-the-nao-de-toi-biet-lieu-con-toi-dang-bi-bat-nat-hay-khong\/\">(15.9) L\u00e0m th\u1ebf n\u00e0o \u0111\u1ec3 t\u00f4i bi\u1ebft li\u1ec7u con t\u00f4i \u0111ang b\u1ecb b\u1eaft n\u1ea1t hay kh\u00f4ng?<\/a><\/li>\n<li id=\"menu-item-2653\" class=\"menu-item menu-item-type-post_type menu-item-object-page menu-item-2653\"><a href=\"https:\/\/serr.disabilityrightsca.org\/vi\/serr-manual\/chuong-15-thong-tin-ve-quyen-cua-hoc-sinh-co-nhu-cau-hanh-vi-va-hoc-sinh-bi-bat-nat\/15-10-neu-con-toi-bi-bat-nat-nhom-iep-co-nen-xem-xet-lai-nhu-cau-va-dich-vu-cua-tre-ngay-ca-khi-tre-khong-bi-bat-nat-vi-tinh-trang-khuyet-tat-khong\/\">(15.10) N\u1ebfu con t\u00f4i b\u1ecb b\u1eaft n\u1ea1t, nh\u00f3m IEP c\u00f3 n\u00ean xem x\u00e9t l\u1ea1i nhu c\u1ea7u v\u00e0 d\u1ecbch v\u1ee5 c\u1ee7a tr\u1ebb, ngay c\u1ea3 khi tr\u1ebb kh\u00f4ng b\u1ecb b\u1eaft n\u1ea1t v\u00ec t\u00ecnh tr\u1ea1ng khuy\u1ebft t\u1eadt kh\u00f4ng?<\/a><\/li>\n<li id=\"menu-item-2654\" class=\"menu-item menu-item-type-post_type menu-item-object-page menu-item-2654\"><a href=\"https:\/\/serr.disabilityrightsca.org\/vi\/serr-manual\/chuong-15-thong-tin-ve-quyen-cua-hoc-sinh-co-nhu-cau-hanh-vi-va-hoc-sinh-bi-bat-nat\/15-11-con-toi-co-the-duoc-chuyen-den-mot-truong-khac-de-ngan-chan-hanh-vi-bat-nat-trong-tuong-lai-khong\/\">(15.11) Con t\u00f4i c\u00f3 th\u1ec3 \u0111\u01b0\u1ee3c chuy\u1ec3n \u0111\u1ebfn m\u1ed9t tr\u01b0\u1eddng kh\u00e1c \u0111\u1ec3 ng\u0103n ch\u1eb7n h\u00e0nh vi b\u1eaft n\u1ea1t trong t\u01b0\u01a1ng lai kh\u00f4ng?<\/a><\/li>\n<li id=\"menu-item-2655\" class=\"menu-item menu-item-type-post_type menu-item-object-page menu-item-2655\"><a href=\"https:\/\/serr.disabilityrightsca.org\/vi\/serr-manual\/chuong-15-thong-tin-ve-quyen-cua-hoc-sinh-co-nhu-cau-hanh-vi-va-hoc-sinh-bi-bat-nat\/15-12-muc-504-co-bao-ve-con-toi-khoi-bi-bat-nat-o-truong-khong\/\">(15.12) M\u1ee5c 504 c\u00f3 b\u1ea3o v\u1ec7 con t\u00f4i kh\u1ecfi b\u1ecb b\u1eaft n\u1ea1t \u1edf tr\u01b0\u1eddng kh\u00f4ng?<\/a><\/li>\n<\/ul><\/div>\n","protected":false},"excerpt":{"rendered":"<p>In to\u00e0n b\u1ed9 ch\u01b0\u01a1ng<\/p>\n","protected":false},"author":1,"featured_media":0,"parent":326,"menu_order":15,"comment_status":"closed","ping_status":"closed","template":"","meta":{"footnotes":""},"class_list":["post-362","page","type-page","status-publish","hentry"],"_links":{"self":[{"href":"https:\/\/serr.disabilityrightsca.org\/vi\/wp-json\/wp\/v2\/pages\/362","targetHints":{"allow":["GET"]}}],"collection":[{"href":"https:\/\/serr.disabilityrightsca.org\/vi\/wp-json\/wp\/v2\/pages"}],"about":[{"href":"https:\/\/serr.disabilityrightsca.org\/vi\/wp-json\/wp\/v2\/types\/page"}],"author":[{"embeddable":true,"href":"https:\/\/serr.disabilityrightsca.org\/vi\/wp-json\/wp\/v2\/users\/1"}],"replies":[{"embeddable":true,"href":"https:\/\/serr.disabilityrightsca.org\/vi\/wp-json\/wp\/v2\/comments?post=362"}],"version-history":[{"count":9,"href":"https:\/\/serr.disabilityrightsca.org\/vi\/wp-json\/wp\/v2\/pages\/362\/revisions"}],"predecessor-version":[{"id":4439,"href":"https:\/\/serr.disabilityrightsca.org\/vi\/wp-json\/wp\/v2\/pages\/362\/revisions\/4439"}],"up":[{"embeddable":true,"href":"https:\/\/serr.disabilityrightsca.org\/vi\/wp-json\/wp\/v2\/pages\/326"}],"wp:attachment":[{"href":"https:\/\/serr.disabilityrightsca.org\/vi\/wp-json\/wp\/v2\/media?parent=362"}],"curies":[{"name":"wp","href":"https:\/\/api.w.org\/{rel}","templated":true}]}}