{"id":410,"date":"2019-06-06T16:24:23","date_gmt":"2019-06-06T23:24:23","guid":{"rendered":"http:\/\/www.rula.disabilityrightsca.org\/serr\/vi\/?page_id=410"},"modified":"2021-02-01T17:42:17","modified_gmt":"2021-02-02T01:42:17","slug":"3-2-con-toi-bi-diec-thi-moi-du-dieu-kien-nhan-giao-duc-dac-biet-voi-tu-cach-hoc-sinh-khiem-thinh-phai-khong","status":"publish","type":"page","link":"https:\/\/serr.disabilityrightsca.org\/vi\/serr-manual\/chuong-3-thong-tin-ve-tieu-chi-du-dieu-kien\/3-2-con-toi-bi-diec-thi-moi-du-dieu-kien-nhan-giao-duc-dac-biet-voi-tu-cach-hoc-sinh-khiem-thinh-phai-khong\/","title":{"rendered":"(3.2) Con t\u00f4i b\u1ecb \u0111i\u1ebfc th\u00ec m\u1edbi \u0111\u1ee7 \u0111i\u1ec1u ki\u1ec7n nh\u1eadn gi\u00e1o d\u1ee5c \u0111\u1eb7c bi\u1ec7t v\u1edbi t\u01b0 c\u00e1ch h\u1ecdc sinh khi\u1ebfm th\u00ednh ph\u1ea3i kh\u00f4ng?"},"content":{"rendered":"\n<p>Kh\u00f4ng. Con qu\u00fd v\u1ecb h\u1ed9i \u0111\u1ee7 \u0111i\u1ec1u ki\u1ec7n n\u1ebfu \u0111\u00e1p \u1ee9ng c\u00e1c ti\u00eau ch\u00ed v\u1ec1 t\u00ecnh tr\u1ea1ng \u0111i\u1ebfc ho\u1eb7c khi\u1ebfm th\u00ednh. \u0110i\u1ebfc l\u00e0 m\u1ed9t d\u1ea1ng khi\u1ebfm th\u00ednh n\u1eb7ng \u0111\u1ebfn m\u1ee9c tr\u1ebb b\u1ecb suy gi\u1ea3m kh\u1ea3 n\u0103ng x\u1eed l\u00fd th\u00f4ng tin ng\u00f4n ng\u1eef th\u00f4ng qua th\u00ednh gi\u00e1c, khi c\u00f3 ho\u1eb7c kh\u00f4ng c\u00f3 thi\u1ebft b\u1ecb tr\u1ee3 th\u00ednh, g\u00e2y \u1ea3nh h\u01b0\u1edfng b\u1ea5t l\u1ee3i \u0111\u1ebfn n\u0103ng l\u1ef1c h\u1ecdc t\u1eadp c\u1ee7a tr\u1ebb. [34 C.F.R. Sec. 300.8(c)(3), 5 C.C.R. Sec. 3030(b)(3)]. Khi\u1ebfm th\u00ednh l\u00e0 m\u1ed9t t\u00ecnh tr\u1ea1ng suy gi\u1ea3m th\u00ednh l\u1ef1c, c\u00f3 th\u1ec3 v\u0129nh vi\u1ec5n ho\u1eb7c l\u00fac b\u1ecb l\u00fac kh\u00f4ng, g\u00e2y \u1ea3nh h\u01b0\u1edfng b\u1ea5t l\u1ee3i \u0111\u1ebfn n\u0103ng l\u1ef1c h\u1ecdc t\u1eadp c\u1ee7a tr\u1ebb nh\u01b0ng kh\u00f4ng thu\u1ed9c trong ph\u1ea1m vi \u0111\u1ecbnh ngh\u0129a v\u1ec1 \u0111i\u1ebfc. [34 C.F.R. Sec. 300.8(c) (5); 5 C.C.R. Sec. 3030(b)(5).]<\/p>\n","protected":false},"excerpt":{"rendered":"<p>Kh\u00f4ng. Con qu\u00fd v\u1ecb h\u1ed9i \u0111\u1ee7 \u0111i\u1ec1u ki\u1ec7n n\u1ebfu \u0111\u00e1p \u1ee9ng c\u00e1c ti\u00eau ch\u00ed v\u1ec1 t\u00ecnh tr\u1ea1ng \u0111i\u1ebfc ho\u1eb7c khi\u1ebfm th\u00ednh. \u0110i\u1ebfc l\u00e0 m\u1ed9t d\u1ea1ng&hellip;<\/p>\n","protected":false},"author":1,"featured_media":0,"parent":329,"menu_order":2,"comment_status":"closed","ping_status":"closed","template":"","meta":{"footnotes":""},"class_list":["post-410","page","type-page","status-publish","hentry"],"_links":{"self":[{"href":"https:\/\/serr.disabilityrightsca.org\/vi\/wp-json\/wp\/v2\/pages\/410","targetHints":{"allow":["GET"]}}],"collection":[{"href":"https:\/\/serr.disabilityrightsca.org\/vi\/wp-json\/wp\/v2\/pages"}],"about":[{"href":"https:\/\/serr.disabilityrightsca.org\/vi\/wp-json\/wp\/v2\/types\/page"}],"author":[{"embeddable":true,"href":"https:\/\/serr.disabilityrightsca.org\/vi\/wp-json\/wp\/v2\/users\/1"}],"replies":[{"embeddable":true,"href":"https:\/\/serr.disabilityrightsca.org\/vi\/wp-json\/wp\/v2\/comments?post=410"}],"version-history":[{"count":4,"href":"https:\/\/serr.disabilityrightsca.org\/vi\/wp-json\/wp\/v2\/pages\/410\/revisions"}],"predecessor-version":[{"id":3776,"href":"https:\/\/serr.disabilityrightsca.org\/vi\/wp-json\/wp\/v2\/pages\/410\/revisions\/3776"}],"up":[{"embeddable":true,"href":"https:\/\/serr.disabilityrightsca.org\/vi\/wp-json\/wp\/v2\/pages\/329"}],"wp:attachment":[{"href":"https:\/\/serr.disabilityrightsca.org\/vi\/wp-json\/wp\/v2\/media?parent=410"}],"curies":[{"name":"wp","href":"https:\/\/api.w.org\/{rel}","templated":true}]}}