{"id":421,"date":"2019-06-19T15:27:58","date_gmt":"2019-06-19T22:27:58","guid":{"rendered":"http:\/\/www.rula.disabilityrightsca.org\/serr\/vi\/?page_id=421"},"modified":"2021-02-01T16:37:50","modified_gmt":"2021-02-02T00:37:50","slug":"2-6-con-toi-duoc-gioi-thieu-tham-gia-chuong-trinh-giao-duc-dac-biet-va-toi-da-nhan-duoc-ke-hoach-tham-dinh-voi-mot-danh-sach-dai-cac-bai-kiem-tra-co-the-duoc-thuc-hien-co-phai-hoc-khu-nen-trinh-ba","status":"publish","type":"page","link":"https:\/\/serr.disabilityrightsca.org\/vi\/serr-manual\/chuong-2-thong-tin-danh-gia-tham-dinh\/2-6-con-toi-duoc-gioi-thieu-tham-gia-chuong-trinh-giao-duc-dac-biet-va-toi-da-nhan-duoc-ke-hoach-tham-dinh-voi-mot-danh-sach-dai-cac-bai-kiem-tra-co-the-duoc-thuc-hien-co-phai-hoc-khu-nen-trinh-ba\/","title":{"rendered":"(2.6) Con t\u00f4i \u0111\u01b0\u1ee3c gi\u1edbi thi\u1ec7u tham gia ch\u01b0\u01a1ng tr\u00ecnh gi\u00e1o d\u1ee5c \u0111\u1eb7c bi\u1ec7t, v\u00e0 t\u00f4i \u0111\u00e3 nh\u1eadn \u0111\u01b0\u1ee3c k\u1ebf ho\u1ea1ch th\u1ea9m \u0111\u1ecbnh v\u1edbi m\u1ed9t danh s\u00e1ch d\u00e0i c\u00e1c b\u00e0i ki\u1ec3m tra c\u00f3 th\u1ec3 \u0111\u01b0\u1ee3c th\u1ef1c hi\u1ec7n. C\u00f3 ph\u1ea3i h\u1ecdc khu n\u00ean tr\u00ecnh b\u00e0y c\u1ee5 th\u1ec3 h\u01a1n kh\u00f4ng?"},"content":{"rendered":"\n<p>Tr\u01b0\u1edbc khi th\u1ef1c hi\u1ec7n b\u1ea5t k\u1ef3 th\u1ea9m \u0111\u1ecbnh n\u00e0o, h\u1ecdc khu ph\u1ea3i cung c\u1ea5p cho qu\u00fd v\u1ecb k\u1ebf ho\u1ea1ch th\u1ea9m \u0111\u1ecbnh. K\u1ebf ho\u1ea1ch th\u1ea9m \u0111\u1ecbnh ph\u1ea3i n\u00eau r\u00f5 lo\u1ea1i h\u00ecnh th\u1ea9m \u0111\u1ecbnh \u0111\u01b0\u1ee3c th\u1ef1c hi\u1ec7n. [34 C.F.R. Sec. 300.304; Cal. Ed. Code Sec. 56321(b)(3).] Th\u00f4ng th\u01b0\u1eddng, h\u1ecdc khu s\u1ebd li\u1ec7t k\u00ea m\u1ed9t s\u1ed1 b\u00e0i ki\u1ec3m tra theo t\u1eebng l\u0129nh v\u1ef1c th\u1ea9m \u0111\u1ecbnh v\u00ec ng\u01b0\u1eddi \u0111\u00e1nh gi\u00e1 c\u00f3 th\u1ec3 ph\u1ea3i x\u00e1c \u0111\u1ecbnh b\u00e0i ki\u1ec3m tra n\u00e0o l\u00e0 ph\u00f9 h\u1ee3p nh\u1ea5t trong qu\u00e1 tr\u00ecnh th\u1ea9m \u0111\u1ecbnh th\u1ef1c t\u1ebf &#8211; khi h\u1ecd hi\u1ec3u r\u00f5 h\u01a1n v\u1ec1 con qu\u00fd v\u1ecb. N\u1ebfu kh\u00f4ng hi\u1ec3u lo\u1ea1i h\u00ecnh th\u1ea9m \u0111\u1ecbnh \u0111ang \u0111\u01b0\u1ee3c s\u1eed d\u1ee5ng, qu\u00fd v\u1ecb n\u00ean y\u00eau c\u1ea7u l\u00e0m r\u00f5. N\u1ebfu cho r\u1eb1ng m\u1ed9t s\u1ed1 thi\u1ebft b\u1ecb ki\u1ec3m tra nh\u1ea5t \u0111\u1ecbnh kh\u00f4ng ph\u00f9 h\u1ee3p v\u1edbi con qu\u00fd v\u1ecb, qu\u00fd v\u1ecb c\u00f3 th\u1ec3 y\u00eau c\u1ea7u kh\u00f4ng s\u1eed d\u1ee5ng nh\u1eefng thi\u1ebft b\u1ecb \u0111\u00f3 v\u00e0 kh\u00f4ng k\u00fd gi\u1ea5y ch\u1ea5p thu\u1eadn th\u1ea9m \u0111\u1ecbnh cho \u0111\u1ebfn khi qu\u00fd v\u1ecb v\u00e0 h\u1ecdc khu \u0111\u1ea1t \u0111\u01b0\u1ee3c th\u1ecfa thu\u1eadn v\u1ec1 c\u00e1c bi\u1ec7n ph\u00e1p th\u1ea9m \u0111\u1ecbnh s\u1ebd \u0111\u01b0\u1ee3c s\u1eed d\u1ee5ng. N\u1ebfu qu\u00fd v\u1ecb kh\u00f4ng th\u1ec3 ch\u1ea5p thu\u1eadn c\u00e1c thi\u1ebft b\u1ecb ki\u1ec3m tra ph\u00f9 h\u1ee3p, hai b\u00ean c\u00f3 th\u1ec3 s\u1ebd ph\u1ea3i tham gia phi\u00ean \u0111i\u1ec1u tr\u1ea7n theo th\u1ee7 t\u1ee5c ph\u00e1p l\u00fd \u0111\u1ec3 x\u00e1c \u0111\u1ecbnh c\u00e1c thi\u1ebft b\u1ecb ki\u1ec3m tra ph\u00f9 h\u1ee3p.<\/p>\n","protected":false},"excerpt":{"rendered":"<p>Tr\u01b0\u1edbc khi th\u1ef1c hi\u1ec7n b\u1ea5t k\u1ef3 th\u1ea9m \u0111\u1ecbnh n\u00e0o, h\u1ecdc khu ph\u1ea3i cung c\u1ea5p cho qu\u00fd v\u1ecb k\u1ebf ho\u1ea1ch th\u1ea9m \u0111\u1ecbnh. K\u1ebf ho\u1ea1ch th\u1ea9m \u0111\u1ecbnh&hellip;<\/p>\n","protected":false},"author":1,"featured_media":0,"parent":324,"menu_order":6,"comment_status":"closed","ping_status":"closed","template":"","meta":{"footnotes":""},"class_list":["post-421","page","type-page","status-publish","hentry"],"_links":{"self":[{"href":"https:\/\/serr.disabilityrightsca.org\/vi\/wp-json\/wp\/v2\/pages\/421","targetHints":{"allow":["GET"]}}],"collection":[{"href":"https:\/\/serr.disabilityrightsca.org\/vi\/wp-json\/wp\/v2\/pages"}],"about":[{"href":"https:\/\/serr.disabilityrightsca.org\/vi\/wp-json\/wp\/v2\/types\/page"}],"author":[{"embeddable":true,"href":"https:\/\/serr.disabilityrightsca.org\/vi\/wp-json\/wp\/v2\/users\/1"}],"replies":[{"embeddable":true,"href":"https:\/\/serr.disabilityrightsca.org\/vi\/wp-json\/wp\/v2\/comments?post=421"}],"version-history":[{"count":5,"href":"https:\/\/serr.disabilityrightsca.org\/vi\/wp-json\/wp\/v2\/pages\/421\/revisions"}],"predecessor-version":[{"id":3710,"href":"https:\/\/serr.disabilityrightsca.org\/vi\/wp-json\/wp\/v2\/pages\/421\/revisions\/3710"}],"up":[{"embeddable":true,"href":"https:\/\/serr.disabilityrightsca.org\/vi\/wp-json\/wp\/v2\/pages\/324"}],"wp:attachment":[{"href":"https:\/\/serr.disabilityrightsca.org\/vi\/wp-json\/wp\/v2\/media?parent=421"}],"curies":[{"name":"wp","href":"https:\/\/api.w.org\/{rel}","templated":true}]}}