{"id":578,"date":"2019-06-21T15:05:31","date_gmt":"2019-06-21T22:05:31","guid":{"rendered":"http:\/\/www.rula.disabilityrightsca.org\/serr\/vi\/?page_id=578"},"modified":"2021-02-01T17:13:00","modified_gmt":"2021-02-02T01:13:00","slug":"2-35-danh-gia-lai-ve-tre-co-can-su-chap-thuan-cua-phu-huynh-hay-khong","status":"publish","type":"page","link":"https:\/\/serr.disabilityrightsca.org\/vi\/serr-manual\/chuong-2-thong-tin-danh-gia-tham-dinh\/2-35-danh-gia-lai-ve-tre-co-can-su-chap-thuan-cua-phu-huynh-hay-khong\/","title":{"rendered":"(2.35) \u0110\u00e1nh gi\u00e1 l\u1ea1i v\u1ec1 tr\u1ebb c\u00f3 c\u1ea7n s\u1ef1 ch\u1ea5p thu\u1eadn c\u1ee7a ph\u1ee5 huynh hay kh\u00f4ng?"},"content":{"rendered":"\n<p>C\u00f3. H\u1ecdc khu kh\u00f4ng \u0111\u01b0\u1ee3c \u0111\u00e1nh gi\u00e1 l\u1ea1i n\u1ebfu kh\u00f4ng c\u00f3 s\u1ef1 ch\u1ea5p thu\u1eadn b\u1eb1ng v\u0103n b\u1ea3n c\u1ee7a ph\u1ee5 huynh, tr\u1eeb khi h\u1ecdc khu c\u00f3 th\u1ec3 cho th\u1ea5y r\u1eb1ng h\u1ecd \u0111\u00e3 th\u1ef1c hi\u1ec7n c\u00e1c b\u01b0\u1edbc h\u1ee3p l\u00fd \u0111\u1ec3 c\u00f3 \u0111\u01b0\u1ee3c s\u1ef1 ch\u1ea5p thu\u1eadn v\u00e0 ph\u1ee5 huynh \u0111\u00e3 kh\u00f4ng ph\u1ea3n h\u1ed3i. [Cal. Ed. Code Secs. 56381(f) &amp; 56506(e); 34 C.F.R. Sec. 300.300(c)(2).] H\u1ecdc khu c\u00f3 th\u1ec3 ch\u1ee9ng minh c\u00e1c b\u01b0\u1edbc h\u1ee3p l\u00fd \u0111\u1ec3 c\u00f3 \u0111\u01b0\u1ee3c s\u1ef1 ch\u1ea5p thu\u1eadn n\u1ebfu c\u00f3 th\u1ec3 cho th\u1ea5y h\u1ed3 s\u01a1 chi ti\u1ebft v\u1ec1 c\u00e1c cu\u1ed9c g\u1ecdi \u0111i\u1ec7n tho\u1ea1i \u0111\u00e3 k\u1ebft n\u1ed1i ho\u1eb7c c\u1ed1 g\u1eafng th\u1ef1c hi\u1ec7n cho ph\u1ee5 huynh v\u00e0 c\u00e1c k\u1ebft qu\u1ea3, b\u1ea3n sao th\u01b0 t\u1eeb g\u1eedi cho ph\u1ee5 huynh v\u00e0 b\u1ea5t k\u1ef3 ph\u1ea3n h\u1ed3i n\u00e0o nh\u1eadn \u0111\u01b0\u1ee3c, ho\u1eb7c h\u1ed3 s\u01a1 chi ti\u1ebft v\u1ec1 c\u00e1c chuy\u1ebfn th\u0103m \u0111\u01b0\u1ee3c nh\u00e0 ho\u1eb7c n\u01a1i l\u00e0m vi\u1ec7c c\u1ee7a ph\u1ee5 huynh v\u00e0 k\u1ebft qu\u1ea3 k\u00e8m theo. [34 C.F.R. Secs. 300.300(c)(2) &amp; 300.322(d); Cal. Ed. Code Sec. 56381(f)(2).] Tr\u01b0\u1edbc khi c\u00f3 \u0111\u01b0\u1ee3c s\u1ef1 ch\u1ea5p thu\u1eadn, h\u1ecdc khu ph\u1ea3i th\u00f4ng b\u00e1o \u0111\u1ea7y \u0111\u1ee7 cho ph\u1ee5 huynh v\u1ec1 t\u1ea5t c\u1ea3 c\u00e1c th\u00f4ng tin li\u00ean quan \u0111\u1ebfn vi\u1ec7c \u0111\u00e1nh gi\u00e1 l\u1ea1i \u0111\u01b0\u1ee3c \u0111\u1ec1 xu\u1ea5t. [34 C.F.R. Sec. 300.9.]<\/p>\n","protected":false},"excerpt":{"rendered":"<p>C\u00f3. H\u1ecdc khu kh\u00f4ng \u0111\u01b0\u1ee3c \u0111\u00e1nh gi\u00e1 l\u1ea1i n\u1ebfu kh\u00f4ng c\u00f3 s\u1ef1 ch\u1ea5p thu\u1eadn b\u1eb1ng v\u0103n b\u1ea3n c\u1ee7a ph\u1ee5 huynh, tr\u1eeb khi h\u1ecdc khu c\u00f3&hellip;<\/p>\n","protected":false},"author":1,"featured_media":0,"parent":324,"menu_order":35,"comment_status":"closed","ping_status":"closed","template":"","meta":{"footnotes":""},"class_list":["post-578","page","type-page","status-publish","hentry"],"_links":{"self":[{"href":"https:\/\/serr.disabilityrightsca.org\/vi\/wp-json\/wp\/v2\/pages\/578","targetHints":{"allow":["GET"]}}],"collection":[{"href":"https:\/\/serr.disabilityrightsca.org\/vi\/wp-json\/wp\/v2\/pages"}],"about":[{"href":"https:\/\/serr.disabilityrightsca.org\/vi\/wp-json\/wp\/v2\/types\/page"}],"author":[{"embeddable":true,"href":"https:\/\/serr.disabilityrightsca.org\/vi\/wp-json\/wp\/v2\/users\/1"}],"replies":[{"embeddable":true,"href":"https:\/\/serr.disabilityrightsca.org\/vi\/wp-json\/wp\/v2\/comments?post=578"}],"version-history":[{"count":5,"href":"https:\/\/serr.disabilityrightsca.org\/vi\/wp-json\/wp\/v2\/pages\/578\/revisions"}],"predecessor-version":[{"id":3747,"href":"https:\/\/serr.disabilityrightsca.org\/vi\/wp-json\/wp\/v2\/pages\/578\/revisions\/3747"}],"up":[{"embeddable":true,"href":"https:\/\/serr.disabilityrightsca.org\/vi\/wp-json\/wp\/v2\/pages\/324"}],"wp:attachment":[{"href":"https:\/\/serr.disabilityrightsca.org\/vi\/wp-json\/wp\/v2\/media?parent=578"}],"curies":[{"name":"wp","href":"https:\/\/api.w.org\/{rel}","templated":true}]}}