{"id":652,"date":"2019-07-15T13:45:03","date_gmt":"2019-07-15T20:45:03","guid":{"rendered":"http:\/\/www.rula.disabilityrightsca.org\/serr\/vi\/?page_id=652"},"modified":"2021-02-07T20:00:52","modified_gmt":"2021-02-08T04:00:52","slug":"5-5-phu-huynh-co-phai-thanh-toan-cho-cac-dich-vu-lien-quan-khong","status":"publish","type":"page","link":"https:\/\/serr.disabilityrightsca.org\/vi\/serr-manual\/chuong-5-thong-tin-ve-cac-dich-vu-lien-quan\/5-5-phu-huynh-co-phai-thanh-toan-cho-cac-dich-vu-lien-quan-khong\/","title":{"rendered":"(5.5) Ph\u1ee5 huynh c\u00f3 ph\u1ea3i thanh to\u00e1n cho c\u00e1c d\u1ecbch v\u1ee5 li\u00ean quan kh\u00f4ng?"},"content":{"rendered":"\n<p>T\u1ea5t c\u1ea3 c\u00e1c d\u1ecbch v\u1ee5 li\u00ean quan c\u0169ng ph\u1ea3i \u0111\u01b0\u1ee3c cung c\u1ea5p m\u00e0 kh\u00f4ng thu ti\u1ec1n t\u1eeb ph\u1ee5 huynh.&nbsp; Trong h\u1ea7u h\u1ebft c\u00e1c tr\u01b0\u1eddng h\u1ee3p, h\u1ecdc khu \u0111\u1ecba ph\u01b0\u01a1ng c\u1ee7a qu\u00fd v\u1ecb s\u1ebd ch\u1ecbu tr\u00e1ch nhi\u1ec7m cung c\u1ea5p c\u00e1c d\u1ecbch v\u1ee5 li\u00ean quan tr\u1ef1c ti\u1ebfp ho\u1eb7c b\u1eb1ng c\u00e1ch k\u00fd h\u1ee3p \u0111\u1ed3ng v\u1edbi nh\u1eefng ng\u01b0\u1eddi th\u00edch h\u1ee3p. Theo lu\u1eadt ph\u00e1p California, li\u1ec7u ph\u00e1p ngh\u1ec1 nghi\u1ec7p v\u00e0 v\u1eadt l\u00fd c\u1ea7n thi\u1ebft v\u1ec1 m\u1eb7t y t\u1ebf v\u00e0 gi\u00e1o d\u1ee5c cho tr\u1ebb hi\u1ec7n \u0111\u01b0\u1ee3c cung c\u1ea5p b\u1edfi D\u1ecbch V\u1ee5 Tr\u1ebb Em California (California Children\u2019s Services.).&nbsp; [Cal. Gov. Code Secs. 7572 and 7575.]&nbsp; N\u1ebfu D\u1ecbch V\u1ee5 Tr\u1ebb Em California ng\u1eebng cung c\u1ea5p d\u1ecbch v\u1ee5 tr\u1ecb li\u1ec7u v\u00ec b\u1ea5t k\u1ef3 l\u00fd do g\u00ec v\u00e0 qu\u00fd v\u1ecb c\u00f3 th\u1ec3 ch\u1ee9ng minh r\u1eb1ng con qu\u00fd v\u1ecb v\u1eabn c\u1ea7n c\u00e1c d\u1ecbch v\u1ee5 nh\u01b0 m\u1ed9t ph\u1ea7n c\u1ee7a gi\u00e1o d\u1ee5c \u0111\u1eb7c bi\u1ec7t, th\u00ec h\u1ecdc khu c\u00f3 tr\u00e1ch nhi\u1ec7m cung c\u1ea5p c\u00e1c d\u1ecbch v\u1ee5 tr\u1ecb li\u1ec7u ngay c\u1ea3 khi \u0111i\u1ec1u \u0111\u00f3 c\u00f3 ngh\u0129a l\u00e0 k\u00fd h\u1ee3p \u0111\u1ed3ng v\u1edbi c\u00e1c d\u1ecbch v\u1ee5 \u0111\u00f3. [34 C.F.R. Sec. 300.154(b).] Tranh ch\u1ea5p v\u1ec1 c\u00e1c d\u1ecbch v\u1ee5 li\u00ean quan \u0111\u01b0\u1ee3c gi\u1ea3i quy\u1ebft theo c\u00e1ch gi\u1ed1ng nh\u01b0 tranh ch\u1ea5p v\u1ec1 b\u1ea5t k\u1ef3 ph\u1ea7n n\u00e0o kh\u00e1c trong ch\u01b0\u01a1ng tr\u00ecnh gi\u00e1o d\u1ee5c \u0111\u1eb7c bi\u1ec7t c\u1ee7a con qu\u00fd v\u1ecb.&nbsp; [Xem Ch\u01b0\u01a1ng 6 <em>Th\u00f4ng Tin v\u1ec1 Th\u1ee7 T\u1ee5c Ph\u00e1p L\u00fd\/Tu\u00e2n Th\u1ee7<\/em>, v\u00e0 Ch\u01b0\u01a1ng 9, <em>Th\u00f4ng Tin v\u1ec1 C\u00e1c D\u1ecbch V\u1ee5 Li\u00ean C\u01a1 Quan (AB 3632)<\/em>.]<\/p>\n","protected":false},"excerpt":{"rendered":"<p>T\u1ea5t c\u1ea3 c\u00e1c d\u1ecbch v\u1ee5 li\u00ean quan c\u0169ng ph\u1ea3i \u0111\u01b0\u1ee3c cung c\u1ea5p m\u00e0 kh\u00f4ng thu ti\u1ec1n t\u1eeb ph\u1ee5 huynh.&nbsp; Trong h\u1ea7u h\u1ebft c\u00e1c tr\u01b0\u1eddng h\u1ee3p,&hellip;<\/p>\n","protected":false},"author":1,"featured_media":0,"parent":335,"menu_order":5,"comment_status":"closed","ping_status":"closed","template":"","meta":{"footnotes":""},"class_list":["post-652","page","type-page","status-publish","hentry"],"_links":{"self":[{"href":"https:\/\/serr.disabilityrightsca.org\/vi\/wp-json\/wp\/v2\/pages\/652","targetHints":{"allow":["GET"]}}],"collection":[{"href":"https:\/\/serr.disabilityrightsca.org\/vi\/wp-json\/wp\/v2\/pages"}],"about":[{"href":"https:\/\/serr.disabilityrightsca.org\/vi\/wp-json\/wp\/v2\/types\/page"}],"author":[{"embeddable":true,"href":"https:\/\/serr.disabilityrightsca.org\/vi\/wp-json\/wp\/v2\/users\/1"}],"replies":[{"embeddable":true,"href":"https:\/\/serr.disabilityrightsca.org\/vi\/wp-json\/wp\/v2\/comments?post=652"}],"version-history":[{"count":5,"href":"https:\/\/serr.disabilityrightsca.org\/vi\/wp-json\/wp\/v2\/pages\/652\/revisions"}],"predecessor-version":[{"id":3906,"href":"https:\/\/serr.disabilityrightsca.org\/vi\/wp-json\/wp\/v2\/pages\/652\/revisions\/3906"}],"up":[{"embeddable":true,"href":"https:\/\/serr.disabilityrightsca.org\/vi\/wp-json\/wp\/v2\/pages\/335"}],"wp:attachment":[{"href":"https:\/\/serr.disabilityrightsca.org\/vi\/wp-json\/wp\/v2\/media?parent=652"}],"curies":[{"name":"wp","href":"https:\/\/api.w.org\/{rel}","templated":true}]}}