{"id":752,"date":"2019-07-15T15:58:11","date_gmt":"2019-07-15T22:58:11","guid":{"rendered":"http:\/\/www.rula.disabilityrightsca.org\/serr\/vi\/?page_id=752"},"modified":"2021-02-07T21:06:04","modified_gmt":"2021-02-08T05:06:04","slug":"5-49-con-toi-co-the-su-dung-thiet-bi-at-ngoai-ngay-hoc-khong","status":"publish","type":"page","link":"https:\/\/serr.disabilityrightsca.org\/vi\/serr-manual\/chuong-5-thong-tin-ve-cac-dich-vu-lien-quan\/5-49-con-toi-co-the-su-dung-thiet-bi-at-ngoai-ngay-hoc-khong\/","title":{"rendered":"(5.49) Con t\u00f4i c\u00f3 th\u1ec3 s\u1eed d\u1ee5ng thi\u1ebft b\u1ecb AT ngo\u00e0i ng\u00e0y h\u1ecdc kh\u00f4ng?"},"content":{"rendered":"\n<p>C\u00f3. N\u1ebfu nh\u00f3m IEP x\u00e1c \u0111\u1ecbnh con qu\u00fd v\u1ecb c\u00f3 nhu c\u1ea7u v\u1ec1 thi\u1ebft b\u1ecb AT, h\u1ecd ph\u1ea3i xem x\u00e9t nhu c\u1ea7u v\u1ec1 AT c\u1ee7a con qu\u00fd v\u1ecb \u1edf tr\u01b0\u1eddng, \u1edf nh\u00e0 ho\u1eb7c nh\u1eefng n\u01a1i kh\u00e1c trong qu\u00e1 tr\u00ecnh ph\u00e1t tri\u1ec3n IEP.&nbsp; [34 C.F.R. Sec. 300.324(a)(2)(v); Cal. Ed. Code Sec. 56341.1(b)(5).]&nbsp; H\u1ecdc khu ph\u1ea3i cho ph\u00e9p tr\u1ebb khuy\u1ebft t\u1eadt s\u1eed d\u1ee5ng c\u00f4ng ngh\u1ec7 h\u1ed7 tr\u1ee3 do nh\u00e0 tr\u01b0\u1eddng mua t\u1ea1i nh\u00e0 ho\u1eb7c trong c\u00e1c m\u00f4i tr\u01b0\u1eddng kh\u00e1c, n\u1ebfu nh\u00f3m IEP x\u00e1c \u0111\u1ecbnh r\u1eb1ng tr\u1ebb c\u1ea7n ti\u1ebfp c\u1eadn c\u00e1c thi\u1ebft b\u1ecb \u0111\u00f3 trong c\u00e1c m\u00f4i tr\u01b0\u1eddng ngo\u00e0i tr\u01b0\u1eddng h\u1ecdc \u0111\u1ec3 nh\u1eadn \u0111\u01b0\u1ee3c FAPE (v\u00ed d\u1ee5: \u0111\u1ec3 ho\u00e0n th\u00e0nh b\u00e0i t\u1eadp v\u1ec1 nh\u00e0).&nbsp; [34 C.F.R. Sec. 300.105(b).]<\/p>\n","protected":false},"excerpt":{"rendered":"<p>C\u00f3. N\u1ebfu nh\u00f3m IEP x\u00e1c \u0111\u1ecbnh con qu\u00fd v\u1ecb c\u00f3 nhu c\u1ea7u v\u1ec1 thi\u1ebft b\u1ecb AT, h\u1ecd ph\u1ea3i xem x\u00e9t nhu c\u1ea7u v\u1ec1 AT c\u1ee7a&hellip;<\/p>\n","protected":false},"author":1,"featured_media":0,"parent":335,"menu_order":49,"comment_status":"closed","ping_status":"closed","template":"","meta":{"footnotes":""},"class_list":["post-752","page","type-page","status-publish","hentry"],"_links":{"self":[{"href":"https:\/\/serr.disabilityrightsca.org\/vi\/wp-json\/wp\/v2\/pages\/752","targetHints":{"allow":["GET"]}}],"collection":[{"href":"https:\/\/serr.disabilityrightsca.org\/vi\/wp-json\/wp\/v2\/pages"}],"about":[{"href":"https:\/\/serr.disabilityrightsca.org\/vi\/wp-json\/wp\/v2\/types\/page"}],"author":[{"embeddable":true,"href":"https:\/\/serr.disabilityrightsca.org\/vi\/wp-json\/wp\/v2\/users\/1"}],"replies":[{"embeddable":true,"href":"https:\/\/serr.disabilityrightsca.org\/vi\/wp-json\/wp\/v2\/comments?post=752"}],"version-history":[{"count":3,"href":"https:\/\/serr.disabilityrightsca.org\/vi\/wp-json\/wp\/v2\/pages\/752\/revisions"}],"predecessor-version":[{"id":3957,"href":"https:\/\/serr.disabilityrightsca.org\/vi\/wp-json\/wp\/v2\/pages\/752\/revisions\/3957"}],"up":[{"embeddable":true,"href":"https:\/\/serr.disabilityrightsca.org\/vi\/wp-json\/wp\/v2\/pages\/335"}],"wp:attachment":[{"href":"https:\/\/serr.disabilityrightsca.org\/vi\/wp-json\/wp\/v2\/media?parent=752"}],"curies":[{"name":"wp","href":"https:\/\/api.w.org\/{rel}","templated":true}]}}