{"id":909,"date":"2019-07-16T11:54:21","date_gmt":"2019-07-16T18:54:21","guid":{"rendered":"http:\/\/www.rula.disabilityrightsca.org\/serr\/vi\/?page_id=909"},"modified":"2021-02-08T11:47:08","modified_gmt":"2021-02-08T19:47:08","slug":"13-7-doi-voi-tre-nhan-dich-vu-can-thiep-som-dieu-gi-xay-ra-khi-con-toi-len-ba-tuoi","status":"publish","type":"page","link":"https:\/\/serr.disabilityrightsca.org\/vi\/serr-manual\/chuong-13-thong-tin-ve-dich-vu-giao-duc-mau-giao\/13-7-doi-voi-tre-nhan-dich-vu-can-thiep-som-dieu-gi-xay-ra-khi-con-toi-len-ba-tuoi\/","title":{"rendered":"(13.7) \u0110\u1ed1i v\u1edbi tr\u1ebb nh\u1eadn d\u1ecbch v\u1ee5 can thi\u1ec7p s\u1edbm, \u0111i\u1ec1u g\u00ec x\u1ea3y ra khi con t\u00f4i l\u00ean ba tu\u1ed5i?"},"content":{"rendered":"\n<p>N\u1ebfu tr\u1ebb \u0111\u00e3 nh\u1eadn \u0111\u01b0\u1ee3c d\u1ecbch v\u1ee5 \u201ccan thi\u1ec7p s\u1edbm\u201d ho\u1eb7c \u201cB\u1eaft \u0110\u1ea7u S\u1edbm\u201d, h\u1ecdc khu ph\u1ea3i \u0111\u1ea3m b\u1ea3o r\u1eb1ng tr\u1ebb s\u1ebd \u0111\u01b0\u1ee3c tr\u1ea3i qua qu\u00e1 tr\u00ecnh chuy\u1ec3n ti\u1ebfp su\u00f4n s\u1ebb v\u00e0 hi\u1ec7u qu\u1ea3 sang ch\u01b0\u01a1ng tr\u00ecnh m\u1eabu gi\u00e1o [20 U.S.C. Sec. 1437(a)(9); Cal Ed. Code Sec. 56426.9(a).] H\u1ecdc khu c\u0169ng ph\u1ea3i \u0111\u1ea3m b\u1ea3o r\u1eb1ng ch\u01b0\u01a1ng tr\u00ecnh gi\u00e1o d\u1ee5c c\u00e1 nh\u00e2n (individual education program, IEP) \u0111\u00e3 \u0111\u01b0\u1ee3c ph\u00e1t tri\u1ec3n v\u00e0 \u0111ang \u0111\u01b0\u1ee3c th\u1ef1c hi\u1ec7n v\u00e0o th\u1eddi \u0111i\u1ec3m sinh nh\u1eadt th\u1ee9 3 c\u1ee7a tr\u1ebb. [Cal. Ed. Code Sec. 56426.9(b); 34 C.F.R. Secs. 300.124(a) &amp; (b).]&nbsp;<\/p>\n\n\n\n<p>S\u00e1u th\u00e1ng tr\u01b0\u1edbc sinh nh\u1eadt th\u1ee9 ba c\u1ee7a \u0111\u1ee9a tr\u1ebb, \u0111i\u1ec1u ph\u1ed1i vi\u00ean d\u1ecbch v\u1ee5 ph\u1ea3i:<\/p>\n\n\n\n<ul class=\"wp-block-list\"><li>Th\u00f4ng b\u00e1o cho ph\u1ee5 huynh c\u1ee7a tr\u1ebb c\u00f3 th\u1ec3 h\u1ed9i \u0111\u1ee7 \u0111i\u1ec1u ki\u1ec7n nh\u1eadn d\u1ecbch v\u1ee5 gi\u00e1o d\u1ee5c \u0111\u1eb7c bi\u1ec7t m\u1eabu gi\u00e1o r\u1eb1ng k\u1ebf ho\u1ea1ch chuy\u1ec3n ti\u1ebfp s\u1ebd di\u1ec5n ra trong v\u00f2ng 3 \u0111\u1ebfn 6 th\u00e1ng t\u1edbi; v\u00e0<\/li><li>Th\u00f4ng b\u00e1o cho h\u1ecdc khu \u0111\u1ecba ph\u01b0\u01a1ng r\u1eb1ng s\u1ebd c\u00f3 m\u1ed9t cu\u1ed9c h\u1ecdp v\u1ec1 Ch\u01b0\u01a1ng Tr\u00ecnh D\u1ecbch V\u1ee5 Ch\u0103m S\u00f3c Gia \u0110\u00ecnh C\u00e1 Nh\u00e2n [Individual Family Service Plan, IFSP] \u00edt nh\u1ea5t ba th\u00e1ng tr\u01b0\u1edbc khi tr\u1ebb l\u00ean ba.&nbsp; M\u1ecdi ng\u01b0\u1eddi ph\u1ea3i \u0111\u1ed3ng \u00fd v\u1ec1 ng\u00e0y h\u1ecdp \u00edt nh\u1ea5t 30 ng\u00e0y sau khi nh\u1eadn th\u00f4ng b\u00e1o c\u1ee7a \u0111i\u1ec1u ph\u1ed1i vi\u00ean d\u1ecbch v\u1ee5.<\/li><\/ul>\n\n\n\n<p>[17 C.C.R. Sec. 52112 (a) &amp; (b).]<\/p>\n\n\n\n<p>N\u1ebfu tr\u1ebb l\u00ean ba trong nh\u1eefng th\u00e1ng m\u00f9a h\u00e8, nh\u00f3m IEP ph\u1ea3i x\u00e1c \u0111\u1ecbnh ng\u00e0y b\u1eaft \u0111\u1ea7u d\u1ecbch v\u1ee5 IEP. [Cal. Ed. Code Sec. 56426.9(d).<\/p>\n","protected":false},"excerpt":{"rendered":"<p>N\u1ebfu tr\u1ebb \u0111\u00e3 nh\u1eadn \u0111\u01b0\u1ee3c d\u1ecbch v\u1ee5 \u201ccan thi\u1ec7p s\u1edbm\u201d ho\u1eb7c \u201cB\u1eaft \u0110\u1ea7u S\u1edbm\u201d, h\u1ecdc khu ph\u1ea3i \u0111\u1ea3m b\u1ea3o r\u1eb1ng tr\u1ebb s\u1ebd \u0111\u01b0\u1ee3c tr\u1ea3i qua&hellip;<\/p>\n","protected":false},"author":1,"featured_media":0,"parent":357,"menu_order":7,"comment_status":"closed","ping_status":"closed","template":"","meta":{"footnotes":""},"class_list":["post-909","page","type-page","status-publish","hentry"],"_links":{"self":[{"href":"https:\/\/serr.disabilityrightsca.org\/vi\/wp-json\/wp\/v2\/pages\/909","targetHints":{"allow":["GET"]}}],"collection":[{"href":"https:\/\/serr.disabilityrightsca.org\/vi\/wp-json\/wp\/v2\/pages"}],"about":[{"href":"https:\/\/serr.disabilityrightsca.org\/vi\/wp-json\/wp\/v2\/types\/page"}],"author":[{"embeddable":true,"href":"https:\/\/serr.disabilityrightsca.org\/vi\/wp-json\/wp\/v2\/users\/1"}],"replies":[{"embeddable":true,"href":"https:\/\/serr.disabilityrightsca.org\/vi\/wp-json\/wp\/v2\/comments?post=909"}],"version-history":[{"count":5,"href":"https:\/\/serr.disabilityrightsca.org\/vi\/wp-json\/wp\/v2\/pages\/909\/revisions"}],"predecessor-version":[{"id":4237,"href":"https:\/\/serr.disabilityrightsca.org\/vi\/wp-json\/wp\/v2\/pages\/909\/revisions\/4237"}],"up":[{"embeddable":true,"href":"https:\/\/serr.disabilityrightsca.org\/vi\/wp-json\/wp\/v2\/pages\/357"}],"wp:attachment":[{"href":"https:\/\/serr.disabilityrightsca.org\/vi\/wp-json\/wp\/v2\/media?parent=909"}],"curies":[{"name":"wp","href":"https:\/\/api.w.org\/{rel}","templated":true}]}}