{"id":962,"date":"2019-07-18T10:16:02","date_gmt":"2019-07-18T17:16:02","guid":{"rendered":"http:\/\/www.rula.disabilityrightsca.org\/serr\/vi\/?page_id=962"},"modified":"2021-02-01T18:29:03","modified_gmt":"2021-02-02T02:29:03","slug":"4-1-chuong-trinh-giao-du%cc%a3c-ca-nhan-hoa-individualized-education-program-iep-la-gi-va-lam-the-nao-toi-co-the%cc%89-yeu-ca","status":"publish","type":"page","link":"https:\/\/serr.disabilityrightsca.org\/vi\/serr-manual\/chuong-4-thong-tin-ve-quy-trinh-iep\/4-1-chuong-trinh-giao-du%cc%a3c-ca-nhan-hoa-individualized-education-program-iep-la-gi-va-lam-the-nao-toi-co-the%cc%89-yeu-ca\/","title":{"rendered":"(4.1) Ch\u01b0\u01a1ng Tri\u0300nh Gia\u0301o Du\u0323c Ca\u0301 Nh\u00e2n Ho\u0301a (Individualized Education Program, IEP) la\u0300 gi\u0300 va\u0300 la\u0300m th\u00ea\u0301 na\u0300o t\u00f4i co\u0301 th\u00ea\u0309 y\u00eau c\u00e2\u0300u nh\u00e2\u0323n \u0111\u01b0\u01a1\u0323c ch\u01b0\u01a1ng tri\u0300nh na\u0300y cho con t\u00f4i?"},"content":{"rendered":"\n<p>IEP l\u00e0 m\u1ed9t b\u00e1o c\u00e1o b\u1eb1ng v\u0103n b\u1ea3n m\u00f4 t\u1ea3 tr\u00ecnh \u0111\u1ed9 h\u1ecdc t\u1eadp hi\u1ec7n t\u1ea1i, m\u1ee5c ti\u00eau h\u1ecdc t\u1eadp c\u1ee7a con qu\u00fd v\u1ecb, vi\u1ec7c x\u1ebfp l\u1edbp trong tr\u01b0\u1eddng v\u00e0 c\u00e1c d\u1ecbch v\u1ee5. [34 Code of Federal Regulations (C.F.R.) Sec. 300.320.] \u0110\u1ec3 nh\u1eadn b\u1ea3n IEP, tr\u01b0\u1edbc ti\u00ean con qu\u00fd v\u1ecb ph\u1ea3i \u0111\u01b0\u1ee3c \u0111\u00e1nh gi\u00e1. \u0110\u1ec3 y\u00eau c\u1ea7u \u0111\u01b0\u1ee3c \u0111\u00e1nh gi\u00e1, qu\u00fd v\u1ecb h\u00e3y vi\u1ebft th\u01b0 g\u1eedi t\u1edbi gi\u00e1m \u0111\u1ed1c\/\u0111i\u1ec1u ph\u1ed1i ch\u01b0\u01a1ng tr\u00ecnh gi\u00e1o d\u1ee5c \u0111\u1eb7c bi\u1ec7t c\u1ee7a h\u1ecdc khu c\u00f9ng v\u1edbi m\u1ed9t b\u1ea3n sao g\u1eedi t\u1edbi gi\u00e1o vi\u00ean v\u00e0 hi\u1ec7u tr\u01b0\u1edfng c\u1ee7a con qu\u00fd v\u1ecb. H\u00e3y cho h\u1ecd bi\u1ebft qu\u00fd v\u1ecb quan t\u00e2m \u0111\u1ebfn ti\u1ebfn tr\u00ecnh gi\u00e1o d\u1ee5c c\u1ee7a con m\u00ecnh. V\u00e0 r\u1eb1ng qu\u00fd v\u1ecb \u0111ang gi\u1edbi thi\u1ec7u con m\u00ecnh \u0111\u1ec3 \u0111\u01b0\u1ee3c th\u1ea9m \u0111\u1ecbnh cho c\u00e1c d\u1ecbch v\u1ee5 gi\u00e1o d\u1ee5c \u0111\u1eb7c bi\u1ec7t. Qu\u00fd v\u1ecb c\u0169ng c\u00f3 th\u1ec3 mu\u1ed1n cho h\u1ecdc khu bi\u1ebft r\u1eb1ng qu\u00fd v\u1ecb mong mu\u1ed1n nh\u1eadn \u0111\u01b0\u1ee3c k\u1ebf ho\u1ea1ch th\u1ea9m \u0111\u1ecbnh trong v\u00f2ng 15 ng\u00e0y k\u1ec3 t\u1eeb ng\u00e0y h\u1ecdc khu nh\u1eadn \u0111\u01b0\u1ee3c th\u01b0 c\u1ee7a qu\u00fd v\u1ecb. Xem <em>Th\u01b0 M\u1eabu <\/em>\u2013 <em>Y\u00eau C\u1ea7u Cu\u1ed9c H\u1ecdp IEP<\/em>, Ph\u1ea7n Ph\u1ee5 L\u1ee5c \u2013 Ph\u1ee5 L\u1ee5c H.<\/p>\n\n\n\n<p>H\u00e3y l\u01b0u b\u1ea3n sao y\u00eau c\u1ea7u n\u00e0y c\u00f9ng c\u00e1c th\u01b0 t\u1eeb li\u00ean l\u1ea1c kh\u00e1c v\u1edbi h\u1ecdc khu. N\u1ebfu qu\u00fd v\u1ecb g\u1ecdi \u0111i\u1ec7n \u0111\u1ebfn ho\u1eb7c n\u00f3i chuy\u1ec7n v\u1edbi nh\u00e2n vi\u00ean tr\u01b0\u1eddng \u0111\u1ec3 gi\u1edbi thi\u1ec7u, nh\u00e2n vi\u00ean c\u1ee7a h\u1ecdc khu ph\u1ea3i h\u1ed7 tr\u1ee3 qu\u00fd v\u1ecb l\u1eadp y\u00eau c\u1ea7u c\u1ee7a qu\u00fd v\u1ecb th\u00e0nh v\u0103n b\u1ea3n. N\u1ebfu h\u1ecdc khu gi\u1edbi thi\u1ec7u con qu\u00fd v\u1ecb tham gia ch\u01b0\u01a1ng tr\u00ecnh gi\u00e1o d\u1ee5c \u0111\u1eb7c bi\u1ec7t, qu\u00fd v\u1ecb v\u1eabn n\u00ean ti\u1ebfp t\u1ee5c v\u1edbi y\u00eau c\u1ea7u b\u1eb1ng v\u0103n b\u1ea3n do ch\u00ednh qu\u00fd v\u1ecb l\u1eadp. Y\u00eau c\u1ea7u gi\u1edbi thi\u1ec7u b\u1eb1ng v\u0103n b\u1ea3n c\u1ee7a qu\u00fd v\u1ecb s\u1ebd \u0111\u1ea3m b\u1ea3o vi\u1ec7c th\u1ea9m \u0111\u1ecbnh v\u00e0 th\u1eddi h\u1ea1n IEP \u0111\u01b0\u1ee3c tu\u00e2n theo. [California Education Code (Cal. Ed. Code) Secs. 56029, 56302.1, 56321(a);<\/p>\n\n\n\n<p>5 California Code of Regulations (C.C.R.) Sec. 3021(a).] Trong th\u01b0 gi\u1edbi thi\u1ec7u, qu\u00fd v\u1ecb c\u0169ng n\u00ean y\u00eau c\u1ea7u con qu\u00fd v\u1ecb \u0111\u01b0\u1ee3c th\u1ea9m \u0111\u1ecbnh theo M\u1ee5c 504 c\u1ee7a \u0110\u1ea1o Lu\u1eadt Ph\u1ee5c H\u1ed3i Ch\u1ee9c N\u0103ng 1973 (\u201cM\u1ee5c 504\u201d) \u0111\u1ec3 x\u00e1c \u0111\u1ecbnh con qu\u00fd v\u1ecb c\u00f3 h\u1ed9i \u0111\u1ee7 \u0111i\u1ec1u ki\u1ec7n nh\u1eadn c\u00e1c d\u1ecbch v\u1ee5 theo lu\u1eadt \u0111\u00f3 kh\u00f4ng. N\u1ebfu h\u1ed9i \u0111\u1ee7 \u0111i\u1ec1u ki\u1ec7n, h\u1ecdc khu c\u00f3 th\u1ec3 b\u1eaft bu\u1ed9c ph\u1ea3i cung c\u1ea5p nh\u1eefng \u0111i\u1ec1u ch\u1ec9nh v\u00e0\/ho\u1eb7c d\u1ecbch v\u1ee5 h\u1ee3p l\u00fd, bao g\u1ed3m c\u00e1c d\u1ecbch v\u1ee5 gi\u00e1o d\u1ee5c \u0111\u1eb7c bi\u1ec7t, nh\u1eb1m cho ph\u00e9p con qu\u00fd v\u1ecb \u0111\u01b0\u1ee3c h\u01b0\u1edfng l\u1ee3i t\u1eeb tr\u01b0\u1eddng h\u1ecdc nh\u01b0 nh\u1eefng tr\u1ebb em kh\u00f4ng khuy\u1ebft t\u1eadt. Nh\u1eefng \u0111i\u1ec1u ch\u1ec9nh v\u00e0\/ho\u1eb7c d\u1ecbch v\u1ee5 n\u00e0y c\u00f3 th\u1ec3 r\u1ea5t quan tr\u1ecdng n\u1ebfu con qu\u00fd v\u1ecb kh\u00f4ng h\u1ed9i \u0111\u1ee7 \u0111i\u1ec1u ki\u1ec7n nh\u1eadn gi\u00e1o d\u1ee5c \u0111\u1eb7c bi\u1ec7t, ho\u1eb7c v\u00ec l\u00fd do n\u00e0o \u0111\u00f3 m\u00e0 vi\u1ec7c \u0111i\u1ec1u ch\u1ec9nh v\u00e0\/ho\u1eb7c d\u1ecbch v\u1ee5 \u0111\u00f3 kh\u00f4ng \u0111\u01b0\u1ee3c cung c\u1ea5p theo ch\u01b0\u01a1ng tr\u00ecnh gi\u00e1o d\u1ee5c \u0111\u1eb7c bi\u1ec7t. [OCR Memorandum, <em>Letter to Veir<\/em>, 19 IDELR 876 (April 29, 1993).] Xem Ch\u01b0\u01a1ng 1, <em>Th\u00f4ng Tin v\u1ec1 Quy\u1ec1n v\u00e0 Tr\u00e1ch Nhi\u1ec7m C\u01a1 B\u1ea3n <\/em>v\u00e0 Ch\u01b0\u01a1ng 3, <em>Th\u00f4ng Tin v\u1ec1 Ti\u00eau Ch\u00ed \u0110\u1ee7 \u0110i\u1ec1u Ki\u1ec7n<\/em>.<\/p>\n","protected":false},"excerpt":{"rendered":"<p>IEP l\u00e0 m\u1ed9t b\u00e1o c\u00e1o b\u1eb1ng v\u0103n b\u1ea3n m\u00f4 t\u1ea3 tr\u00ecnh \u0111\u1ed9 h\u1ecdc t\u1eadp hi\u1ec7n t\u1ea1i, m\u1ee5c ti\u00eau h\u1ecdc t\u1eadp c\u1ee7a con qu\u00fd v\u1ecb, vi\u1ec7c&hellip;<\/p>\n","protected":false},"author":1,"featured_media":0,"parent":332,"menu_order":1,"comment_status":"closed","ping_status":"closed","template":"","meta":{"footnotes":""},"class_list":["post-962","page","type-page","status-publish","hentry"],"_links":{"self":[{"href":"https:\/\/serr.disabilityrightsca.org\/vi\/wp-json\/wp\/v2\/pages\/962","targetHints":{"allow":["GET"]}}],"collection":[{"href":"https:\/\/serr.disabilityrightsca.org\/vi\/wp-json\/wp\/v2\/pages"}],"about":[{"href":"https:\/\/serr.disabilityrightsca.org\/vi\/wp-json\/wp\/v2\/types\/page"}],"author":[{"embeddable":true,"href":"https:\/\/serr.disabilityrightsca.org\/vi\/wp-json\/wp\/v2\/users\/1"}],"replies":[{"embeddable":true,"href":"https:\/\/serr.disabilityrightsca.org\/vi\/wp-json\/wp\/v2\/comments?post=962"}],"version-history":[{"count":4,"href":"https:\/\/serr.disabilityrightsca.org\/vi\/wp-json\/wp\/v2\/pages\/962\/revisions"}],"predecessor-version":[{"id":3809,"href":"https:\/\/serr.disabilityrightsca.org\/vi\/wp-json\/wp\/v2\/pages\/962\/revisions\/3809"}],"up":[{"embeddable":true,"href":"https:\/\/serr.disabilityrightsca.org\/vi\/wp-json\/wp\/v2\/pages\/332"}],"wp:attachment":[{"href":"https:\/\/serr.disabilityrightsca.org\/vi\/wp-json\/wp\/v2\/media?parent=962"}],"curies":[{"name":"wp","href":"https:\/\/api.w.org\/{rel}","templated":true}]}}