{"id":973,"date":"2019-07-18T11:01:41","date_gmt":"2019-07-18T18:01:41","guid":{"rendered":"http:\/\/www.rula.disabilityrightsca.org\/serr\/vi\/?page_id=973"},"modified":"2021-02-02T12:04:22","modified_gmt":"2021-02-02T20:04:22","slug":"4-3-lam-the-nao-de-yeu-cau-cuoc-hop-iep-cho-con-toi-khi-con-toi-dang-nhan-cac-dich-vu-du-toi-cung-chua-yeu-cau-tham-dinh","status":"publish","type":"page","link":"https:\/\/serr.disabilityrightsca.org\/vi\/serr-manual\/chuong-4-thong-tin-ve-quy-trinh-iep\/4-3-lam-the-nao-de-yeu-cau-cuoc-hop-iep-cho-con-toi-khi-con-toi-dang-nhan-cac-dich-vu-du-toi-cung-chua-yeu-cau-tham-dinh\/","title":{"rendered":"(4.3) L\u00e0m th\u1ebf n\u00e0o \u0111\u1ec3 y\u00eau c\u1ea7u cu\u1ed9c h\u1ecdp IEP cho con t\u00f4i khi con t\u00f4i \u0111ang nh\u1eadn c\u00e1c d\u1ecbch v\u1ee5 d\u00f9 t\u00f4i c\u0169ng ch\u01b0a y\u00eau c\u1ea7u th\u1ea9m \u0111\u1ecbnh?"},"content":{"rendered":"\n<p>N\u1ebfu con qu\u00fd v\u1ecb \u0111\u00e3 nh\u1eadn \u0111\u01b0\u1ee3c c\u00e1c d\u1ecbch v\u1ee5 theo IEP hi\u1ec7n c\u00f3, qu\u00fd v\u1ecb c\u00f3 th\u1ec3 y\u00eau c\u1ea7u m\u1ed9t cu\u1ed9c h\u1ecdp \u0110\u00e1nh gi\u00e1 IEP b\u1ea5t c\u1ee9 khi n\u00e0o qu\u00fd v\u1ecb ngh\u0129 l\u00e0 c\u1ea7n thi\u1ebft \u0111\u1ec3 xem x\u00e9t ho\u1eb7c thay \u0111\u1ed5i ch\u01b0\u01a1ng tr\u00ecnh. Qu\u00fd v\u1ecb n\u00ean g\u1eedi y\u00eau c\u1ea7u b\u1eb1ng v\u0103n b\u1ea3n \u0111\u1ebfn gi\u00e1o vi\u00ean, hi\u1ec7u tr\u01b0\u1edfng ho\u1eb7c v\u0103n ph\u00f2ng qu\u1ea3n tr\u1ecb gi\u00e1o d\u1ee5c \u0111\u1eb7c bi\u1ec7t c\u1ee7a con qu\u00fd v\u1ecb. Qu\u00fd v\u1ecb n\u00ean n\u00eau r\u00f5 y\u00eau c\u1ea7u c\u1ee5 th\u1ec3 v\u1ec1 \u0110\u00e1nh gi\u00e1 IEP trong th\u01b0 y\u00eau c\u1ea7u. [Cal. Ed. Code Secs. 56343(c) &amp; 56343.5.] Cu\u1ed9c h\u1ecdp \u0110\u00e1nh gi\u00e1 IEP s\u1ebd \u0111\u01b0\u1ee3c t\u1ed5 ch\u1ee9c trong v\u00f2ng 30 ng\u00e0y k\u1ec3 t\u1eeb khi nh\u1eadn \u0111\u01b0\u1ee3c y\u00eau c\u1ea7u b\u1eb1ng v\u0103n b\u1ea3n c\u1ee7a qu\u00fd v\u1ecb (kh\u00f4ng t\u00ednh nh\u1eefng ng\u00e0y r\u01a1i v\u00e0o gi\u1eefa c\u00e1c \u0111\u1ee3t h\u1ecdc th\u00f4ng th\u01b0\u1eddng ho\u1eb7c k\u1ef3 ngh\u1ec9 c\u1ee7a tr\u01b0\u1eddng v\u01b0\u1ee3t qu\u00e1 n\u0103m ng\u00e0y h\u1ecdc). [Cal. Ed. Code Sec. 56343.5.]<\/p>\n","protected":false},"excerpt":{"rendered":"<p>N\u1ebfu con qu\u00fd v\u1ecb \u0111\u00e3 nh\u1eadn \u0111\u01b0\u1ee3c c\u00e1c d\u1ecbch v\u1ee5 theo IEP hi\u1ec7n c\u00f3, qu\u00fd v\u1ecb c\u00f3 th\u1ec3 y\u00eau c\u1ea7u m\u1ed9t cu\u1ed9c h\u1ecdp \u0110\u00e1nh gi\u00e1&hellip;<\/p>\n","protected":false},"author":1,"featured_media":0,"parent":332,"menu_order":3,"comment_status":"closed","ping_status":"closed","template":"","meta":{"footnotes":""},"class_list":["post-973","page","type-page","status-publish","hentry"],"_links":{"self":[{"href":"https:\/\/serr.disabilityrightsca.org\/vi\/wp-json\/wp\/v2\/pages\/973","targetHints":{"allow":["GET"]}}],"collection":[{"href":"https:\/\/serr.disabilityrightsca.org\/vi\/wp-json\/wp\/v2\/pages"}],"about":[{"href":"https:\/\/serr.disabilityrightsca.org\/vi\/wp-json\/wp\/v2\/types\/page"}],"author":[{"embeddable":true,"href":"https:\/\/serr.disabilityrightsca.org\/vi\/wp-json\/wp\/v2\/users\/1"}],"replies":[{"embeddable":true,"href":"https:\/\/serr.disabilityrightsca.org\/vi\/wp-json\/wp\/v2\/comments?post=973"}],"version-history":[{"count":3,"href":"https:\/\/serr.disabilityrightsca.org\/vi\/wp-json\/wp\/v2\/pages\/973\/revisions"}],"predecessor-version":[{"id":3816,"href":"https:\/\/serr.disabilityrightsca.org\/vi\/wp-json\/wp\/v2\/pages\/973\/revisions\/3816"}],"up":[{"embeddable":true,"href":"https:\/\/serr.disabilityrightsca.org\/vi\/wp-json\/wp\/v2\/pages\/332"}],"wp:attachment":[{"href":"https:\/\/serr.disabilityrightsca.org\/vi\/wp-json\/wp\/v2\/media?parent=973"}],"curies":[{"name":"wp","href":"https:\/\/api.w.org\/{rel}","templated":true}]}}