{"id":987,"date":"2019-07-18T12:10:53","date_gmt":"2019-07-18T19:10:53","guid":{"rendered":"http:\/\/www.rula.disabilityrightsca.org\/serr\/vi\/?page_id=987"},"modified":"2021-02-02T12:29:41","modified_gmt":"2021-02-02T20:29:41","slug":"4-10-tat-ca-thanh-vien-trong-nhom-iep-co-bat-buoc-phai-tham-du-cuoc-hop-iep-khong","status":"publish","type":"page","link":"https:\/\/serr.disabilityrightsca.org\/vi\/serr-manual\/chuong-4-thong-tin-ve-quy-trinh-iep\/4-10-tat-ca-thanh-vien-trong-nhom-iep-co-bat-buoc-phai-tham-du-cuoc-hop-iep-khong\/","title":{"rendered":"(4.10) T\u1ea5t c\u1ea3 th\u00e0nh vi\u00ean trong nh\u00f3m IEP c\u00f3 b\u1eaft bu\u1ed9c ph\u1ea3i tham d\u1ef1 cu\u1ed9c h\u1ecdp IEP kh\u00f4ng?"},"content":{"rendered":"\n<p>C\u00f3. Tuy nhi\u00ean, lu\u1eadt li\u00ean bang v\u00e0 ti\u1ec3u bang cho ph\u00e9p cha\/m\u1eb9 v\u00e0 h\u1ecdc khu th\u1ecfa thu\u1eadn b\u1eb1ng v\u0103n b\u1ea3n r\u1eb1ng m\u1ed9t th\u00e0nh vi\u00ean nh\u00f3m IEP kh\u00f4ng c\u1ea7n tham d\u1ef1 n\u1ebfu l\u0129nh v\u1ef1c ch\u01b0\u01a1ng tr\u00ecnh gi\u1ea3ng d\u1ea1y ho\u1eb7c c\u00e1c d\u1ecbch v\u1ee5 li\u00ean quan c\u1ee7a th\u00e0nh vi\u00ean \u0111\u00f3 s\u1ebd kh\u00f4ng \u0111\u01b0\u1ee3c s\u1eeda \u0111\u1ed5i ho\u1eb7c th\u1ea3o lu\u1eadn t\u1ea1i cu\u1ed9c h\u1ecdp. Ngo\u00e0i ra, n\u1ebfu l\u0129nh v\u1ef1c ch\u01b0\u01a1ng tr\u00ecnh gi\u1ea3ng d\u1ea1y ho\u1eb7c c\u00e1c d\u1ecbch v\u1ee5 li\u00ean quan c\u1ee7a th\u00e0nh vi\u00ean \u0111\u00f3 s\u1ebd \u0111\u01b0\u1ee3c s\u1eeda \u0111\u1ed5i ho\u1eb7c th\u1ea3o lu\u1eadn t\u1ea1i cu\u1ed9c h\u1ecdp, cha\/m\u1eb9 v\u00e0 h\u1ecdc khu v\u1eabn c\u00f3 th\u1ec3 th\u1ecfa thu\u1eadn b\u1eb1ng v\u0103n b\u1ea3n, sau khi trao \u0111\u1ed5i v\u1edbi th\u00e0nh vi\u00ean, r\u1eb1ng th\u00e0nh vi\u00ean \u0111\u00f3 kh\u00f4ng c\u1ea7n ph\u1ea3i tham d\u1ef1. Trong tr\u01b0\u1eddng h\u1ee3p \u0111\u00f3, th\u00e0nh vi\u00ean ph\u1ea3i g\u1eedi th\u00f4ng tin b\u1eb1ng v\u0103n b\u1ea3n v\u1ec1 vi\u1ec7c ph\u00e1t tri\u1ec3n IEP cho nh\u00f3m IEP tr\u01b0\u1edbc cu\u1ed9c h\u1ecdp. Lu\u1eadt kh\u00f4ng quy \u0111\u1ecbnh kho\u1ea3ng th\u1eddi gian ph\u1ea3i g\u1eedi th\u00f4ng tin tr\u01b0\u1edbc cu\u1ed9c h\u1ecdp. N\u1ebfu cha\/m\u1eb9 ho\u1eb7c h\u1ecdc khu kh\u00f4ng nh\u1ea5t tr\u00ed r\u1eb1ng m\u1ed9t th\u00e0nh vi\u00ean nh\u00f3m c\u00f3 th\u1ec3 \u0111\u01b0\u1ee3c mi\u1ec5n tham d\u1ef1 cu\u1ed9c h\u1ecdp, th\u00e0nh vi\u00ean nh\u00f3m IEP \u0111\u00f3 ph\u1ea3i c\u00f3 m\u1eb7t t\u1ea1i cu\u1ed9c h\u1ecdp IEP. [34 C.F.R. Secs. 300.321(e)(1) and (2); Cal. Ed. Code Secs. 56341(f) &amp; (g).]<\/p>\n","protected":false},"excerpt":{"rendered":"<p>C\u00f3. Tuy nhi\u00ean, lu\u1eadt li\u00ean bang v\u00e0 ti\u1ec3u bang cho ph\u00e9p cha\/m\u1eb9 v\u00e0 h\u1ecdc khu th\u1ecfa thu\u1eadn b\u1eb1ng v\u0103n b\u1ea3n r\u1eb1ng m\u1ed9t th\u00e0nh vi\u00ean nh\u00f3m&hellip;<\/p>\n","protected":false},"author":1,"featured_media":0,"parent":332,"menu_order":10,"comment_status":"closed","ping_status":"closed","template":"","meta":{"footnotes":""},"class_list":["post-987","page","type-page","status-publish","hentry"],"_links":{"self":[{"href":"https:\/\/serr.disabilityrightsca.org\/vi\/wp-json\/wp\/v2\/pages\/987","targetHints":{"allow":["GET"]}}],"collection":[{"href":"https:\/\/serr.disabilityrightsca.org\/vi\/wp-json\/wp\/v2\/pages"}],"about":[{"href":"https:\/\/serr.disabilityrightsca.org\/vi\/wp-json\/wp\/v2\/types\/page"}],"author":[{"embeddable":true,"href":"https:\/\/serr.disabilityrightsca.org\/vi\/wp-json\/wp\/v2\/users\/1"}],"replies":[{"embeddable":true,"href":"https:\/\/serr.disabilityrightsca.org\/vi\/wp-json\/wp\/v2\/comments?post=987"}],"version-history":[{"count":4,"href":"https:\/\/serr.disabilityrightsca.org\/vi\/wp-json\/wp\/v2\/pages\/987\/revisions"}],"predecessor-version":[{"id":3825,"href":"https:\/\/serr.disabilityrightsca.org\/vi\/wp-json\/wp\/v2\/pages\/987\/revisions\/3825"}],"up":[{"embeddable":true,"href":"https:\/\/serr.disabilityrightsca.org\/vi\/wp-json\/wp\/v2\/pages\/332"}],"wp:attachment":[{"href":"https:\/\/serr.disabilityrightsca.org\/vi\/wp-json\/wp\/v2\/media?parent=987"}],"curies":[{"name":"wp","href":"https:\/\/api.w.org\/{rel}","templated":true}]}}