{"id":991,"date":"2019-07-18T12:12:51","date_gmt":"2019-07-18T19:12:51","guid":{"rendered":"http:\/\/www.rula.disabilityrightsca.org\/serr\/vi\/?page_id=991"},"modified":"2021-02-02T12:35:28","modified_gmt":"2021-02-02T20:35:28","slug":"4-12-lie%cc%a3u-toi-co-the%cc%89-da%cc%83n-theo-nguoi-bien-ho-hoa%cc%a3c-lua%cc%a3t-su-toi-cuo%cc%a3c-ho%cc%a3p-iep-khong","status":"publish","type":"page","link":"https:\/\/serr.disabilityrightsca.org\/vi\/serr-manual\/chuong-4-thong-tin-ve-quy-trinh-iep\/4-12-lie%cc%a3u-toi-co-the%cc%89-da%cc%83n-theo-nguoi-bien-ho-hoa%cc%a3c-lua%cc%a3t-su-toi-cuo%cc%a3c-ho%cc%a3p-iep-khong\/","title":{"rendered":"(4.12) Li\u00ea\u0323u t\u00f4i co\u0301 th\u00ea\u0309 d\u00e2\u0303n theo ng\u01b0\u1eddi bi\u1ec7n h\u1ed9 ho\u0103\u0323c lu\u00e2\u0323t s\u01b0 t\u01a1\u0301i cu\u00f4\u0323c ho\u0323p IEP kh\u00f4ng?"},"content":{"rendered":"\n<p>C\u00f3. T\u00f9y theo quy\u1ebft \u0111\u1ecbnh c\u1ee7a m\u00ecnh, qu\u00fd v\u1ecb c\u00f3 th\u1ec3 d\u1eabn t\u1edbi cu\u1ed9c h\u1ecdp nh\u1eefng c\u00e1 nh\u00e2n c\u00f3 hi\u1ec3u bi\u1ebft ho\u1eb7c chuy\u00ean m\u00f4n \u0111\u1eb7c bi\u1ec7t v\u1ec1 con qu\u00fd v\u1ecb \u2013 bao g\u1ed3m ng\u01b0\u1eddi bi\u1ec7n h\u1ed9, b\u1ea1n b\u00e8, ng\u01b0\u1eddi qu\u1ea3n l\u00fd tr\u01b0\u1eddng h\u1ee3p t\u1ea1i trung t\u00e2m khu v\u1ef1c (\u0111i\u1ec1u ph\u1ed1i vi\u00ean d\u1ecbch v\u1ee5) ho\u1eb7c lu\u1eadt s\u01b0. Cha\/m\u1eb9 ho\u1eb7c h\u1ecdc khu m\u1eddi c\u00e1 nh\u00e2n \u0111\u00f3 t\u1edbi cu\u1ed9c h\u1ecdp ch\u1ecbu tr\u00e1ch nhi\u1ec7m x\u00e1c \u0111\u1ecbnh ng\u01b0\u1eddi \u0111\u00f3 c\u00f3 hi\u1ec3u bi\u1ebft ho\u1eb7c chuy\u00ean m\u00f4n \u0111\u1eb7c bi\u1ec7t kh\u00f4ng. [34 C.F.R. Secs. 300.321(a)(6) &amp; (c); Cal. Ed. Code. Secs. 56341(b)(6) &amp; 56341.1(f).]<\/p>\n\n\n\n<p>Quy\u1ebft \u0111\u1ecbnh li\u00ean quan \u0111\u1ebfn IEP ph\u1ea3i \u0111\u01b0\u1ee3c th\u1ef1c hi\u1ec7n v\u1edbi s\u1ef1 ch\u1ea5p thu\u1eadn c\u00f3 hi\u1ec3u bi\u1ebft c\u1ee7a cha\/m\u1eb9. Ng\u01b0\u1eddi bi\u1ec7n h\u1ed9 ho\u1eb7c ng\u01b0\u1eddi qu\u1ea3n l\u00fd tr\u01b0\u1eddng h\u1ee3p c\u00f3 th\u1ec3 h\u1ed7 tr\u1ee3 trong quy tr\u00ecnh n\u00e0y b\u1eb1ng vi\u1ec7c gi\u1ea3i th\u00edch \u0111\u1ea7y \u0111\u1ee7 cho qu\u00fd v\u1ecb v\u1ec1 c\u00e1c h\u00e0nh \u0111\u1ed9ng ho\u1eb7c h\u1eadu qu\u1ea3 s\u1ebd \u0111\u01b0\u1ee3c th\u1ea3o lu\u1eadn ho\u1eb7c c\u00e2n nh\u1eafc.<\/p>\n","protected":false},"excerpt":{"rendered":"<p>C\u00f3. T\u00f9y theo quy\u1ebft \u0111\u1ecbnh c\u1ee7a m\u00ecnh, qu\u00fd v\u1ecb c\u00f3 th\u1ec3 d\u1eabn t\u1edbi cu\u1ed9c h\u1ecdp nh\u1eefng c\u00e1 nh\u00e2n c\u00f3 hi\u1ec3u bi\u1ebft ho\u1eb7c chuy\u00ean m\u00f4n \u0111\u1eb7c&hellip;<\/p>\n","protected":false},"author":1,"featured_media":0,"parent":332,"menu_order":12,"comment_status":"closed","ping_status":"closed","template":"","meta":{"footnotes":""},"class_list":["post-991","page","type-page","status-publish","hentry"],"_links":{"self":[{"href":"https:\/\/serr.disabilityrightsca.org\/vi\/wp-json\/wp\/v2\/pages\/991","targetHints":{"allow":["GET"]}}],"collection":[{"href":"https:\/\/serr.disabilityrightsca.org\/vi\/wp-json\/wp\/v2\/pages"}],"about":[{"href":"https:\/\/serr.disabilityrightsca.org\/vi\/wp-json\/wp\/v2\/types\/page"}],"author":[{"embeddable":true,"href":"https:\/\/serr.disabilityrightsca.org\/vi\/wp-json\/wp\/v2\/users\/1"}],"replies":[{"embeddable":true,"href":"https:\/\/serr.disabilityrightsca.org\/vi\/wp-json\/wp\/v2\/comments?post=991"}],"version-history":[{"count":3,"href":"https:\/\/serr.disabilityrightsca.org\/vi\/wp-json\/wp\/v2\/pages\/991\/revisions"}],"predecessor-version":[{"id":3828,"href":"https:\/\/serr.disabilityrightsca.org\/vi\/wp-json\/wp\/v2\/pages\/991\/revisions\/3828"}],"up":[{"embeddable":true,"href":"https:\/\/serr.disabilityrightsca.org\/vi\/wp-json\/wp\/v2\/pages\/332"}],"wp:attachment":[{"href":"https:\/\/serr.disabilityrightsca.org\/vi\/wp-json\/wp\/v2\/media?parent=991"}],"curies":[{"name":"wp","href":"https:\/\/api.w.org\/{rel}","templated":true}]}}