{"id":997,"date":"2019-07-18T12:28:56","date_gmt":"2019-07-18T19:28:56","guid":{"rendered":"http:\/\/www.rula.disabilityrightsca.org\/serr\/vi\/?page_id=997"},"modified":"2021-02-02T12:38:12","modified_gmt":"2021-02-02T20:38:12","slug":"4-15-neu-toi-can-thong-dich-vien-tai-cuoc-hop-iep-hoac-ban-sao-iep-bang-ngon-ngu-chinh-cua-toi-thi-toi-co-duoc-cung-cap-khong","status":"publish","type":"page","link":"https:\/\/serr.disabilityrightsca.org\/vi\/serr-manual\/chuong-4-thong-tin-ve-quy-trinh-iep\/4-15-neu-toi-can-thong-dich-vien-tai-cuoc-hop-iep-hoac-ban-sao-iep-bang-ngon-ngu-chinh-cua-toi-thi-toi-co-duoc-cung-cap-khong\/","title":{"rendered":"(4.15) N\u1ebfu t\u00f4i c\u1ea7n th\u00f4ng d\u1ecbch vi\u00ean t\u1ea1i cu\u1ed9c h\u1ecdp IEP ho\u1eb7c b\u1ea3n sao IEP b\u1eb1ng ng\u00f4n ng\u1eef ch\u00ednh c\u1ee7a t\u00f4i, th\u00ec t\u00f4i c\u00f3 \u0111\u01b0\u1ee3c cung c\u1ea5p kh\u00f4ng?"},"content":{"rendered":"\n<p>C\u00f3. N\u1ebfu qu\u00fd v\u1ecb c\u1ea7n th\u00f4ng d\u1ecbch vi\u00ean ng\u00f4n ng\u1eef ho\u1eb7c ASL (k\u00fd hi\u1ec7u) \u0111\u1ec3 tham d\u1ef1 cu\u1ed9c h\u1ecdp IEP, th\u00ec qu\u00fd v\u1ecb, l\u00e0 ph\u1ee5 huynh, s\u1ebd \u0111\u01b0\u1ee3c m\u1ed9t th\u00f4ng d\u1ecbch vi\u00ean h\u1ed7 tr\u1ee3 m\u00e0 kh\u00f4ng m\u1ea5t ph\u00ed.<\/p>\n\n\n\n<p>[34 C.F.R. Sec. 300.322(e); Cal. Ed. Code Sec. 56341.5(i).] M\u1eb7c d\u00f9 lu\u1eadt ph\u00e1p kh\u00f4ng quy \u0111\u1ecbnh c\u1ee5 th\u1ec3 r\u1eb1ng nh\u00e0 tr\u01b0\u1eddng ph\u1ea3i thu\u00ea th\u00f4ng d\u1ecbch vi\u00ean c\u00f3 ch\u1ee9ng nh\u1eadn, nh\u01b0ng ph\u1ee5 huynh c\u00f3 quy\u1ec1n tham gia c\u00f3 \u00fd ngh\u0129a v\u00e0o cu\u1ed9c h\u1ecdp IEP. Do \u0111\u00f3, n\u1ebfu th\u00f4ng d\u1ecbch vi\u00ean kh\u00f4ng c\u00f3 k\u1ef9 n\u0103ng v\u00e0 qu\u00fd v\u1ecb kh\u00f4ng th\u1ec3 hi\u1ec3u nh\u1eefng g\u00ec \u0111ang di\u1ec5n ra trong cu\u1ed9c h\u1ecdp, h\u00e3y y\u00eau c\u1ea7u l\u00ean l\u1ecbch l\u1ea1i v\u1edbi m\u1ed9t th\u00f4ng d\u1ecbch vi\u00ean \u0111\u01b0\u1ee3c ch\u1ee9ng nh\u1eadn. Qu\u00fd v\u1ecb c\u0169ng c\u00f3 quy\u1ec1n nh\u1eadn m\u1ed9t b\u1ea3n sao mi\u1ec5n ph\u00ed c\u1ee7a cu\u1ed9c h\u1ecdp IEP b\u1eb1ng ng\u00f4n ng\u1eef ch\u00ednh c\u1ee7a qu\u00fd v\u1ecb. [5 C.C.R. Sec. 3040(a).]<\/p>\n","protected":false},"excerpt":{"rendered":"<p>C\u00f3. N\u1ebfu qu\u00fd v\u1ecb c\u1ea7n th\u00f4ng d\u1ecbch vi\u00ean ng\u00f4n ng\u1eef ho\u1eb7c ASL (k\u00fd hi\u1ec7u) \u0111\u1ec3 tham d\u1ef1 cu\u1ed9c h\u1ecdp IEP, th\u00ec qu\u00fd v\u1ecb, l\u00e0 ph\u1ee5&hellip;<\/p>\n","protected":false},"author":1,"featured_media":0,"parent":332,"menu_order":15,"comment_status":"closed","ping_status":"closed","template":"","meta":{"footnotes":""},"class_list":["post-997","page","type-page","status-publish","hentry"],"_links":{"self":[{"href":"https:\/\/serr.disabilityrightsca.org\/vi\/wp-json\/wp\/v2\/pages\/997","targetHints":{"allow":["GET"]}}],"collection":[{"href":"https:\/\/serr.disabilityrightsca.org\/vi\/wp-json\/wp\/v2\/pages"}],"about":[{"href":"https:\/\/serr.disabilityrightsca.org\/vi\/wp-json\/wp\/v2\/types\/page"}],"author":[{"embeddable":true,"href":"https:\/\/serr.disabilityrightsca.org\/vi\/wp-json\/wp\/v2\/users\/1"}],"replies":[{"embeddable":true,"href":"https:\/\/serr.disabilityrightsca.org\/vi\/wp-json\/wp\/v2\/comments?post=997"}],"version-history":[{"count":3,"href":"https:\/\/serr.disabilityrightsca.org\/vi\/wp-json\/wp\/v2\/pages\/997\/revisions"}],"predecessor-version":[{"id":3831,"href":"https:\/\/serr.disabilityrightsca.org\/vi\/wp-json\/wp\/v2\/pages\/997\/revisions\/3831"}],"up":[{"embeddable":true,"href":"https:\/\/serr.disabilityrightsca.org\/vi\/wp-json\/wp\/v2\/pages\/332"}],"wp:attachment":[{"href":"https:\/\/serr.disabilityrightsca.org\/vi\/wp-json\/wp\/v2\/media?parent=997"}],"curies":[{"name":"wp","href":"https:\/\/api.w.org\/{rel}","templated":true}]}}